{"id":12744,"date":"2021-09-22T13:03:30","date_gmt":"2021-09-22T12:03:30","guid":{"rendered":"https:\/\/anthonyskicks.com\/rueckgabepolitik\/"},"modified":"2023-05-12T13:20:46","modified_gmt":"2023-05-12T12:20:46","slug":"rueckgabepolitik","status":"publish","type":"page","link":"https:\/\/anthonyskicks.dev.lemon-solutions.net\/de\/rueckgabepolitik\/","title":{"rendered":"R\u00fcckgabepolitik"},"content":{"rendered":"\t\t<div data-elementor-type=\"wp-page\" data-elementor-id=\"12744\" class=\"elementor elementor-12744 elementor-369\" data-elementor-post-type=\"page\">\n\t\t\t\t\t\t\t\t\t<section class=\"elementor-section elementor-top-section elementor-element elementor-element-c60c12d elementor-section-boxed elementor-section-height-default elementor-section-height-default\" data-id=\"c60c12d\" data-element_type=\"section\">\n\t\t\t\t\t\t<div class=\"elementor-container elementor-column-gap-default\">\n\t\t\t\t\t<div class=\"elementor-column elementor-col-100 elementor-top-column elementor-element elementor-element-4e23eae\" data-id=\"4e23eae\" data-element_type=\"column\">\n\t\t\t<div class=\"elementor-widget-wrap elementor-element-populated\">\n\t\t\t\t\t\t\t\t<div class=\"elementor-element elementor-element-7080aa0 elementor-widget elementor-widget-text-editor\" data-id=\"7080aa0\" data-element_type=\"widget\" data-widget_type=\"text-editor.default\">\n\t\t\t\t<div class=\"elementor-widget-container\">\n\t\t\t\t\t\t\t<p>\u00a0<\/p><p><strong>R\u00fcckgabepolitik (DE)<\/strong><\/p><p><span style=\"text-decoration: underline;\"><a href=\"https:\/\/anthonyskicks.dev.lemon-solutions.net\/wp-content\/uploads\/2022\/08\/Returnform-DE-12aug-1.pdf\">Klicken Sie hier f\u00fcr das R\u00fccksendeformular (DE)<\/a><\/span><\/p><p>Wir sind f\u00fcr Sie da, wenn Sie ein Produkt zur\u00fcckgeben oder umtauschen m\u00f6chten.<\/p><p>Nach Erhalt der Ware haben Sie das Recht, diese zu \u00f6ffnen und den Inhalt zu pr\u00fcfen. Sie haben 30 Tage Zeit, um Ihre Bestellung zur\u00fcckzusenden.<\/p><p>Bevor Sie das Produkt zur\u00fccksenden, vergewissern Sie sich bitte, dass der Artikel die folgenden Kriterien erf\u00fcllt:<\/p><ul><li>Die Schuhe sind in ungetragenem Zustand. Das bedeutet, dass die Schuhe keine Falten (Falten an der Toebox) und keinen Staub oder Schmutz auf den Schuhen haben.<\/li><li>Die Box ist in gutem Zustand<\/li><li>Alle Schilder (Fabrikschilder, zus\u00e4tzliche Schn\u00fcrsenkel, zus\u00e4tzliche Tickets und sonstiges mitgeliefertes Zubeh\u00f6r) m\u00fcssen am Produkt angebracht sein.<\/li><\/ul><p><strong>Wie kann ich zur\u00fcckkehren?<\/strong><\/p><ul><li><span style=\"font-size: 15px;\">Bitte f\u00fcllen Sie das mitgelieferte R\u00fccksendeformular mit Ihrem Namen und Ihrer Bestellnummer aus und legen Sie es in den Schuhkarton<\/span><\/li><li><span style=\"font-size: 15px;\">Legen Sie den Schuhkarton in einen Karton<\/span><\/li><li><span style=\"font-size: 15px;\">Verschlie\u00dfen Sie den Karton mit Klebeband und kleben Sie das kostenlose R\u00fccksendeetikett auf den Karton<\/span><\/li><li><span style=\"font-size: 15px;\">Bringen Sie Ihr Paket zur n\u00e4chstgelegenen DPD Filiale<\/span><\/li><\/ul><p>Auf pers\u00f6nlichen Wunsch gekaufte Artikel k\u00f6nnen nicht zur\u00fcckgegeben werden.<br \/>(Eine pers\u00f6nliche Anfrage liegt vor, wenn Sie Schuhe bestellen, die nicht im Webshop angeboten werden)<\/p><p>Wir empfehlen Ihnen, einen verfolgbaren Versanddienst zu w\u00e4hlen oder eine Versicherung f\u00fcr Ihre R\u00fccksendung abzuschlie\u00dfen. . Dann bewahren Sie den Versandnachweis auf.<\/p><p>Sobald Ihr Paket bei uns eingetroffen ist, wird Ihre R\u00fccksendung\/Ihr Umtausch von uns innerhalb von <span style=\"text-decoration: underline;\">3 bis 5<\/span> Werktagen bearbeitet. Sollte es l\u00e4nger als 5 Arbeitstage dauern, k\u00f6nnen Sie uns jederzeit eine E-Mail an <a href=\"mailto:info@anthonyskicks.com\">support@anthonyskicks.com<\/a> schicken, um ein Update zu erhalten.<\/p><p><u>.<\/u><u>.<\/u><\/p><p>*Unternehmen\/Wiederverk\u00e4ufer, die gewinnbringend bestellen, haben kein R\u00fcckgaberecht.<\/p>\t\t\t\t\t\t<\/div>\n\t\t\t\t<\/div>\n\t\t\t\t\t<\/div>\n\t\t<\/div>\n\t\t\t\t\t\t\t<\/div>\n\t\t<\/section>\n\t\t\t\t\t\t\t<\/div>\n\t\t","protected":false},"excerpt":{"rendered":"<p>\u00a0 R\u00fcckgabepolitik (DE) Klicken Sie hier f\u00fcr das R\u00fccksendeformular (DE) Wir sind f\u00fcr Sie da, wenn Sie ein Produkt zur\u00fcckgeben oder umtauschen m\u00f6chten. Nach Erhalt der Ware haben Sie das Recht, diese zu \u00f6ffnen und den Inhalt zu pr\u00fcfen. Sie haben 30 Tage Zeit, um Ihre Bestellung zur\u00fcckzusenden. Bevor Sie das Produkt zur\u00fccksenden, vergewissern Sie &hellip;<\/p>\n<p class=\"read-more\"> <a class=\"\" href=\"https:\/\/anthonyskicks.dev.lemon-solutions.net\/de\/rueckgabepolitik\/\"> <span class=\"screen-reader-text\">R\u00fcckgabepolitik<\/span> Weiterlesen &raquo;<\/a><\/p>\n","protected":false},"author":1,"featured_media":0,"parent":0,"menu_order":0,"comment_status":"closed","ping_status":"closed","template":"","meta":{"site-sidebar-layout":"no-sidebar","site-content-layout":"page-builder","ast-global-header-display":"","ast-banner-title-visibility":"","ast-main-header-display":"","ast-hfb-above-header-display":"","ast-hfb-below-header-display":"","ast-hfb-mobile-header-display":"","site-post-title":"disabled","ast-breadcrumbs-content":"","ast-featured-img":"disabled","footer-sml-layout":"","theme-transparent-header-meta":"default","adv-header-id-meta":"","stick-header-meta":"","header-above-stick-meta":"","header-main-stick-meta":"","header-below-stick-meta":"","footnotes":""},"yoast_head":"<!-- This site is optimized with the Yoast SEO plugin v21.7 - https:\/\/yoast.com\/wordpress\/plugins\/seo\/ -->\n<title>R\u00fcckgabepolitik - Anthony&#039;s Kicks<\/title>\n<meta name=\"robots\" content=\"index, follow, max-snippet:-1, max-image-preview:large, max-video-preview:-1\" \/>\n<link rel=\"canonical\" href=\"https:\/\/anthonyskicks.dev.lemon-solutions.net\/de\/rueckgabepolitik\/\" \/>\n<meta property=\"og:locale\" content=\"de_DE\" \/>\n<meta property=\"og:type\" content=\"article\" \/>\n<meta property=\"og:title\" content=\"R\u00fcckgabepolitik - Anthony&#039;s Kicks\" \/>\n<meta property=\"og:description\" content=\"\u00a0 R\u00fcckgabepolitik (DE) Klicken Sie hier f\u00fcr das R\u00fccksendeformular (DE) Wir sind f\u00fcr Sie da, wenn Sie ein Produkt zur\u00fcckgeben oder umtauschen m\u00f6chten. Nach Erhalt der Ware haben Sie das Recht, diese zu \u00f6ffnen und den Inhalt zu pr\u00fcfen. Sie haben 30 Tage Zeit, um Ihre Bestellung zur\u00fcckzusenden. Bevor Sie das Produkt zur\u00fccksenden, vergewissern Sie &hellip; R\u00fcckgabepolitik Weiterlesen &raquo;\" \/>\n<meta property=\"og:url\" content=\"https:\/\/anthonyskicks.dev.lemon-solutions.net\/de\/rueckgabepolitik\/\" \/>\n<meta property=\"og:site_name\" content=\"Anthony&#039;s Kicks\" \/>\n<meta property=\"article:modified_time\" content=\"2023-05-12T12:20:46+00:00\" \/>\n<meta name=\"twitter:card\" content=\"summary_large_image\" \/>\n<meta name=\"twitter:label1\" content=\"Gesch\u00e4tzte Lesezeit\" \/>\n\t<meta name=\"twitter:data1\" content=\"2\u00a0Minuten\" \/>\n<script type=\"application\/ld+json\" class=\"yoast-schema-graph\">{\"@context\":\"https:\/\/schema.org\",\"@graph\":[{\"@type\":\"WebPage\",\"@id\":\"https:\/\/anthonyskicks.dev.lemon-solutions.net\/de\/rueckgabepolitik\/\",\"url\":\"https:\/\/anthonyskicks.dev.lemon-solutions.net\/de\/rueckgabepolitik\/\",\"name\":\"R\u00fcckgabepolitik - Anthony&#039;s Kicks\",\"isPartOf\":{\"@id\":\"https:\/\/www.anthonyskicks.com\/#website\"},\"datePublished\":\"2021-09-22T12:03:30+00:00\",\"dateModified\":\"2023-05-12T12:20:46+00:00\",\"breadcrumb\":{\"@id\":\"https:\/\/anthonyskicks.dev.lemon-solutions.net\/de\/rueckgabepolitik\/#breadcrumb\"},\"inLanguage\":\"de\",\"potentialAction\":[{\"@type\":\"ReadAction\",\"target\":[\"https:\/\/anthonyskicks.dev.lemon-solutions.net\/de\/rueckgabepolitik\/\"]}]},{\"@type\":\"BreadcrumbList\",\"@id\":\"https:\/\/anthonyskicks.dev.lemon-solutions.net\/de\/rueckgabepolitik\/#breadcrumb\",\"itemListElement\":[{\"@type\":\"ListItem\",\"position\":1,\"name\":\"Home\",\"item\":\"https:\/\/www.anthonyskicks.com\/de\/\"},{\"@type\":\"ListItem\",\"position\":2,\"name\":\"R\u00fcckgabepolitik\"}]},{\"@type\":\"WebSite\",\"@id\":\"https:\/\/www.anthonyskicks.com\/#website\",\"url\":\"https:\/\/www.anthonyskicks.com\/\",\"name\":\"Anthony&#039;s Kicks\",\"description\":\"Wij bieden de nieuwste sneakers aan\",\"publisher\":{\"@id\":\"https:\/\/www.anthonyskicks.com\/#organization\"},\"potentialAction\":[{\"@type\":\"SearchAction\",\"target\":{\"@type\":\"EntryPoint\",\"urlTemplate\":\"https:\/\/www.anthonyskicks.com\/?s={search_term_string}\"},\"query-input\":\"required name=search_term_string\"}],\"inLanguage\":\"de\"},{\"@type\":\"Organization\",\"@id\":\"https:\/\/www.anthonyskicks.com\/#organization\",\"name\":\"Anthony&#039;s Kicks\",\"url\":\"https:\/\/www.anthonyskicks.com\/\",\"logo\":{\"@type\":\"ImageObject\",\"inLanguage\":\"de\",\"@id\":\"https:\/\/www.anthonyskicks.com\/#\/schema\/logo\/image\/\",\"url\":\"https:\/\/anthonyskicks.dev.lemon-solutions.net\/wp-content\/uploads\/2020\/07\/cropped-logo_AK_wit_2.jpg\",\"contentUrl\":\"https:\/\/anthonyskicks.dev.lemon-solutions.net\/wp-content\/uploads\/2020\/07\/cropped-logo_AK_wit_2.jpg\",\"width\":371,\"height\":355,\"caption\":\"Anthony&#039;s Kicks\"},\"image\":{\"@id\":\"https:\/\/www.anthonyskicks.com\/#\/schema\/logo\/image\/\"}}]}<\/script>\n<!-- \/ Yoast SEO plugin. -->","yoast_head_json":{"title":"R\u00fcckgabepolitik - Anthony&#039;s Kicks","robots":{"index":"index","follow":"follow","max-snippet":"max-snippet:-1","max-image-preview":"max-image-preview:large","max-video-preview":"max-video-preview:-1"},"canonical":"https:\/\/anthonyskicks.dev.lemon-solutions.net\/de\/rueckgabepolitik\/","og_locale":"de_DE","og_type":"article","og_title":"R\u00fcckgabepolitik - Anthony&#039;s Kicks","og_description":"\u00a0 R\u00fcckgabepolitik (DE) Klicken Sie hier f\u00fcr das R\u00fccksendeformular (DE) Wir sind f\u00fcr Sie da, wenn Sie ein Produkt zur\u00fcckgeben oder umtauschen m\u00f6chten. Nach Erhalt der Ware haben Sie das Recht, diese zu \u00f6ffnen und den Inhalt zu pr\u00fcfen. Sie haben 30 Tage Zeit, um Ihre Bestellung zur\u00fcckzusenden. Bevor Sie das Produkt zur\u00fccksenden, vergewissern Sie &hellip; R\u00fcckgabepolitik Weiterlesen &raquo;","og_url":"https:\/\/anthonyskicks.dev.lemon-solutions.net\/de\/rueckgabepolitik\/","og_site_name":"Anthony&#039;s Kicks","article_modified_time":"2023-05-12T12:20:46+00:00","twitter_card":"summary_large_image","twitter_misc":{"Gesch\u00e4tzte Lesezeit":"2\u00a0Minuten"},"schema":{"@context":"https:\/\/schema.org","@graph":[{"@type":"WebPage","@id":"https:\/\/anthonyskicks.dev.lemon-solutions.net\/de\/rueckgabepolitik\/","url":"https:\/\/anthonyskicks.dev.lemon-solutions.net\/de\/rueckgabepolitik\/","name":"R\u00fcckgabepolitik - Anthony&#039;s Kicks","isPartOf":{"@id":"https:\/\/www.anthonyskicks.com\/#website"},"datePublished":"2021-09-22T12:03:30+00:00","dateModified":"2023-05-12T12:20:46+00:00","breadcrumb":{"@id":"https:\/\/anthonyskicks.dev.lemon-solutions.net\/de\/rueckgabepolitik\/#breadcrumb"},"inLanguage":"de","potentialAction":[{"@type":"ReadAction","target":["https:\/\/anthonyskicks.dev.lemon-solutions.net\/de\/rueckgabepolitik\/"]}]},{"@type":"BreadcrumbList","@id":"https:\/\/anthonyskicks.dev.lemon-solutions.net\/de\/rueckgabepolitik\/#breadcrumb","itemListElement":[{"@type":"ListItem","position":1,"name":"Home","item":"https:\/\/www.anthonyskicks.com\/de\/"},{"@type":"ListItem","position":2,"name":"R\u00fcckgabepolitik"}]},{"@type":"WebSite","@id":"https:\/\/www.anthonyskicks.com\/#website","url":"https:\/\/www.anthonyskicks.com\/","name":"Anthony&#039;s Kicks","description":"Wij bieden de nieuwste sneakers aan","publisher":{"@id":"https:\/\/www.anthonyskicks.com\/#organization"},"potentialAction":[{"@type":"SearchAction","target":{"@type":"EntryPoint","urlTemplate":"https:\/\/www.anthonyskicks.com\/?s={search_term_string}"},"query-input":"required name=search_term_string"}],"inLanguage":"de"},{"@type":"Organization","@id":"https:\/\/www.anthonyskicks.com\/#organization","name":"Anthony&#039;s Kicks","url":"https:\/\/www.anthonyskicks.com\/","logo":{"@type":"ImageObject","inLanguage":"de","@id":"https:\/\/www.anthonyskicks.com\/#\/schema\/logo\/image\/","url":"https:\/\/anthonyskicks.dev.lemon-solutions.net\/wp-content\/uploads\/2020\/07\/cropped-logo_AK_wit_2.jpg","contentUrl":"https:\/\/anthonyskicks.dev.lemon-solutions.net\/wp-content\/uploads\/2020\/07\/cropped-logo_AK_wit_2.jpg","width":371,"height":355,"caption":"Anthony&#039;s Kicks"},"image":{"@id":"https:\/\/www.anthonyskicks.com\/#\/schema\/logo\/image\/"}}]}},"jetpack_sharing_enabled":true,"_links":{"self":[{"href":"https:\/\/anthonyskicks.dev.lemon-solutions.net\/de\/wp-json\/wp\/v2\/pages\/12744"}],"collection":[{"href":"https:\/\/anthonyskicks.dev.lemon-solutions.net\/de\/wp-json\/wp\/v2\/pages"}],"about":[{"href":"https:\/\/anthonyskicks.dev.lemon-solutions.net\/de\/wp-json\/wp\/v2\/types\/page"}],"author":[{"embeddable":true,"href":"https:\/\/anthonyskicks.dev.lemon-solutions.net\/de\/wp-json\/wp\/v2\/users\/1"}],"replies":[{"embeddable":true,"href":"https:\/\/anthonyskicks.dev.lemon-solutions.net\/de\/wp-json\/wp\/v2\/comments?post=12744"}],"version-history":[{"count":0,"href":"https:\/\/anthonyskicks.dev.lemon-solutions.net\/de\/wp-json\/wp\/v2\/pages\/12744\/revisions"}],"wp:attachment":[{"href":"https:\/\/anthonyskicks.dev.lemon-solutions.net\/de\/wp-json\/wp\/v2\/media?parent=12744"}],"curies":[{"name":"wp","href":"https:\/\/api.w.org\/{rel}","templated":true}]}}