{"id":12750,"date":"2021-09-22T13:21:17","date_gmt":"2021-09-22T12:21:17","guid":{"rendered":"https:\/\/anthonyskicks.com\/datenschutzbestimmungen\/"},"modified":"2021-09-22T13:21:19","modified_gmt":"2021-09-22T12:21:19","slug":"datenschutzbestimmungen","status":"publish","type":"page","link":"https:\/\/anthonyskicks.dev.lemon-solutions.net\/de\/datenschutzbestimmungen\/","title":{"rendered":"Datenschutzbestimmungen"},"content":{"rendered":"\t\t<div data-elementor-type=\"wp-page\" data-elementor-id=\"12750\" class=\"elementor elementor-12750 elementor-363\" data-elementor-post-type=\"page\">\n\t\t\t\t\t\t\t\t\t<section class=\"elementor-section elementor-top-section elementor-element elementor-element-3ae590d6 elementor-section-boxed elementor-section-height-default elementor-section-height-default\" data-id=\"3ae590d6\" data-element_type=\"section\">\n\t\t\t\t\t\t<div class=\"elementor-container elementor-column-gap-default\">\n\t\t\t\t\t<div class=\"elementor-column elementor-col-100 elementor-top-column elementor-element elementor-element-28929c8f\" data-id=\"28929c8f\" data-element_type=\"column\">\n\t\t\t<div class=\"elementor-widget-wrap elementor-element-populated\">\n\t\t\t\t\t\t\t\t<div class=\"elementor-element elementor-element-42b7972d elementor-widget elementor-widget-text-editor\" data-id=\"42b7972d\" data-element_type=\"widget\" data-widget_type=\"text-editor.default\">\n\t\t\t\t<div class=\"elementor-widget-container\">\n\t\t\t\t\t\t\t<p><\/p>\n<p>Der Schutz der Daten ist Anthony&#8217;s Kicks sehr wichtig. Die Datenschutzrichtlinie beschreibt, wie Ihre pers\u00f6nlichen Daten gesammelt, verwendet und weitergegeben werden, wenn Sie anthonyskicks.com besuchen oder einen Kauf t\u00e4tigen Zum Schutz personenbezogener Daten verwenden wir eine SSL-Verschl\u00fcsselung f\u00fcr alle Daten, die von und zu unserer Website gesendet werden. Sie k\u00f6nnen die G\u00fcltigkeit der Sicherheit \u00fcberpr\u00fcfen, indem Sie auf das Vorh\u00e4ngeschloss-Symbol klicken, das in der URL-Zeile Ihres Browsers erscheint.<\/p>\n<p>ORDERS<br \/>Wir erheben die folgenden Daten, um Ihre Bestellung zu bearbeiten:<\/p>\n<ul>\n<li>Vor- und Nachname<\/li>\n<li>Liefer- und Rechnungsadresse<\/li>\n<li>Rufnummer<\/li>\n<li>E-Mail Adresse<\/li>\n<\/ul>\n<p>Wir werden keine mit Ihrem Benutzernamen verbundenen Daten an Dritte weitergeben. m Falle eines m\u00f6glichen Risikos, Betrugs oder Missbrauchs unserer Website k\u00f6nnen wir personenbezogene Daten an die zust\u00e4ndigen Beh\u00f6rden weitergeben.<\/p>\n<p>WIE LANGE BEWAHREN WIR PERSONENBEZOGENE DATEN AUF?<br \/>Wir verwenden die Bestellinformationen, um die \u00fcber die Website aufgegebenen Bestellungen auszuf\u00fchren. Dazu geh\u00f6ren die Verarbeitung von Zahlungsinformationen, die Erstellung von Versandetiketten und die \u00dcbermittlung von Auftragsbest\u00e4tigungen. Wir verwenden diese Informationen auch, um mit Ihnen zu kommunizieren und Bestellungen auf m\u00f6gliche Risiken oder Betrug zu pr\u00fcfen.<\/p>\n<p>WIE LANGE BEWAHREN WIR PERSONENBEZOGENE DATEN AUF?<br \/>Anthony&#8217;s Kicks speichert Ihre personenbezogenen Daten nur so lange, wie es f\u00fcr die Erreichung der Zwecke, f\u00fcr die Ihre Daten erhoben wurden, unbedingt erforderlich ist.<\/p>\n<p>NICHT VERFOLGEN<br \/>Bitte beachten Sie, dass wir die Datenerfassungs- und -verwendungspraktiken unserer Website nicht \u00e4ndern, wenn wir ein &#8222;Do Not Track&#8220;-Signal von Ihrem Browser sehen.<\/p>\n<p>\u00c4NDERUNGEN<br \/>Wir behalten uns vor, diese Datenschutzrichtlinie von Zeit zu Zeit zu aktualisieren, um z. B. \u00c4nderungen unserer Praktiken oder anderen betrieblichen, rechtlichen oder regulatorischen Gr\u00fcnden Rechnung zu tragen.<\/p>\n<p>KONTAKT<br \/>Bitte kontaktieren Sie uns, wenn Sie Fragen zu unserer Datenschutzpolitik haben oder wenn Sie Ihre pers\u00f6nlichen Daten einsehen, \u00e4ndern oder l\u00f6schen m\u00f6chten: info@anthonyskicks.com<\/p>\n<p><\/p>\n\t\t\t\t\t\t<\/div>\n\t\t\t\t<\/div>\n\t\t\t\t\t<\/div>\n\t\t<\/div>\n\t\t\t\t\t\t\t<\/div>\n\t\t<\/section>\n\t\t\t\t\t\t\t<\/div>\n\t\t","protected":false},"excerpt":{"rendered":"<p>Der Schutz der Daten ist Anthony&#8217;s Kicks sehr wichtig. Die Datenschutzrichtlinie beschreibt, wie Ihre pers\u00f6nlichen Daten gesammelt, verwendet und weitergegeben werden, wenn Sie anthonyskicks.com besuchen oder einen Kauf t\u00e4tigen Zum Schutz personenbezogener Daten verwenden wir eine SSL-Verschl\u00fcsselung f\u00fcr alle Daten, die von und zu unserer Website gesendet werden. Sie k\u00f6nnen die G\u00fcltigkeit der Sicherheit \u00fcberpr\u00fcfen, &hellip;<\/p>\n<p class=\"read-more\"> <a class=\"\" href=\"https:\/\/anthonyskicks.dev.lemon-solutions.net\/de\/datenschutzbestimmungen\/\"> <span class=\"screen-reader-text\">Datenschutzbestimmungen<\/span> Weiterlesen &raquo;<\/a><\/p>\n","protected":false},"author":1,"featured_media":0,"parent":0,"menu_order":0,"comment_status":"closed","ping_status":"closed","template":"","meta":{"site-sidebar-layout":"default","site-content-layout":"default","ast-global-header-display":"","ast-banner-title-visibility":"","ast-main-header-display":"","ast-hfb-above-header-display":"","ast-hfb-below-header-display":"","ast-hfb-mobile-header-display":"","site-post-title":"","ast-breadcrumbs-content":"","ast-featured-img":"","footer-sml-layout":"","theme-transparent-header-meta":"default","adv-header-id-meta":"","stick-header-meta":"","header-above-stick-meta":"","header-main-stick-meta":"","header-below-stick-meta":"","footnotes":""},"yoast_head":"<!-- This site is optimized with the Yoast SEO plugin v21.7 - https:\/\/yoast.com\/wordpress\/plugins\/seo\/ -->\n<title>Datenschutzbestimmungen - Anthony&#039;s Kicks<\/title>\n<meta name=\"robots\" content=\"index, follow, max-snippet:-1, max-image-preview:large, max-video-preview:-1\" \/>\n<link rel=\"canonical\" href=\"https:\/\/anthonyskicks.dev.lemon-solutions.net\/de\/datenschutzbestimmungen\/\" \/>\n<meta property=\"og:locale\" content=\"de_DE\" \/>\n<meta property=\"og:type\" content=\"article\" \/>\n<meta property=\"og:title\" content=\"Datenschutzbestimmungen - Anthony&#039;s Kicks\" \/>\n<meta property=\"og:description\" content=\"Der Schutz der Daten ist Anthony&#8217;s Kicks sehr wichtig. Die Datenschutzrichtlinie beschreibt, wie Ihre pers\u00f6nlichen Daten gesammelt, verwendet und weitergegeben werden, wenn Sie anthonyskicks.com besuchen oder einen Kauf t\u00e4tigen Zum Schutz personenbezogener Daten verwenden wir eine SSL-Verschl\u00fcsselung f\u00fcr alle Daten, die von und zu unserer Website gesendet werden. Sie k\u00f6nnen die G\u00fcltigkeit der Sicherheit \u00fcberpr\u00fcfen, &hellip; Datenschutzbestimmungen Weiterlesen &raquo;\" \/>\n<meta property=\"og:url\" content=\"https:\/\/anthonyskicks.dev.lemon-solutions.net\/de\/datenschutzbestimmungen\/\" \/>\n<meta property=\"og:site_name\" content=\"Anthony&#039;s Kicks\" \/>\n<meta property=\"article:modified_time\" content=\"2021-09-22T12:21:19+00:00\" \/>\n<meta name=\"twitter:card\" content=\"summary_large_image\" \/>\n<meta name=\"twitter:label1\" content=\"Gesch\u00e4tzte Lesezeit\" \/>\n\t<meta name=\"twitter:data1\" content=\"2\u00a0Minuten\" \/>\n<script type=\"application\/ld+json\" class=\"yoast-schema-graph\">{\"@context\":\"https:\/\/schema.org\",\"@graph\":[{\"@type\":\"WebPage\",\"@id\":\"https:\/\/anthonyskicks.dev.lemon-solutions.net\/de\/datenschutzbestimmungen\/\",\"url\":\"https:\/\/anthonyskicks.dev.lemon-solutions.net\/de\/datenschutzbestimmungen\/\",\"name\":\"Datenschutzbestimmungen - Anthony&#039;s Kicks\",\"isPartOf\":{\"@id\":\"https:\/\/www.anthonyskicks.com\/#website\"},\"datePublished\":\"2021-09-22T12:21:17+00:00\",\"dateModified\":\"2021-09-22T12:21:19+00:00\",\"breadcrumb\":{\"@id\":\"https:\/\/anthonyskicks.dev.lemon-solutions.net\/de\/datenschutzbestimmungen\/#breadcrumb\"},\"inLanguage\":\"de\",\"potentialAction\":[{\"@type\":\"ReadAction\",\"target\":[\"https:\/\/anthonyskicks.dev.lemon-solutions.net\/de\/datenschutzbestimmungen\/\"]}]},{\"@type\":\"BreadcrumbList\",\"@id\":\"https:\/\/anthonyskicks.dev.lemon-solutions.net\/de\/datenschutzbestimmungen\/#breadcrumb\",\"itemListElement\":[{\"@type\":\"ListItem\",\"position\":1,\"name\":\"Home\",\"item\":\"https:\/\/www.anthonyskicks.com\/de\/\"},{\"@type\":\"ListItem\",\"position\":2,\"name\":\"Datenschutzbestimmungen\"}]},{\"@type\":\"WebSite\",\"@id\":\"https:\/\/www.anthonyskicks.com\/#website\",\"url\":\"https:\/\/www.anthonyskicks.com\/\",\"name\":\"Anthony&#039;s Kicks\",\"description\":\"Wij bieden de nieuwste sneakers aan\",\"publisher\":{\"@id\":\"https:\/\/www.anthonyskicks.com\/#organization\"},\"potentialAction\":[{\"@type\":\"SearchAction\",\"target\":{\"@type\":\"EntryPoint\",\"urlTemplate\":\"https:\/\/www.anthonyskicks.com\/?s={search_term_string}\"},\"query-input\":\"required name=search_term_string\"}],\"inLanguage\":\"de\"},{\"@type\":\"Organization\",\"@id\":\"https:\/\/www.anthonyskicks.com\/#organization\",\"name\":\"Anthony&#039;s Kicks\",\"url\":\"https:\/\/www.anthonyskicks.com\/\",\"logo\":{\"@type\":\"ImageObject\",\"inLanguage\":\"de\",\"@id\":\"https:\/\/www.anthonyskicks.com\/#\/schema\/logo\/image\/\",\"url\":\"https:\/\/anthonyskicks.dev.lemon-solutions.net\/wp-content\/uploads\/2020\/07\/cropped-logo_AK_wit_2.jpg\",\"contentUrl\":\"https:\/\/anthonyskicks.dev.lemon-solutions.net\/wp-content\/uploads\/2020\/07\/cropped-logo_AK_wit_2.jpg\",\"width\":371,\"height\":355,\"caption\":\"Anthony&#039;s Kicks\"},\"image\":{\"@id\":\"https:\/\/www.anthonyskicks.com\/#\/schema\/logo\/image\/\"}}]}<\/script>\n<!-- \/ Yoast SEO plugin. -->","yoast_head_json":{"title":"Datenschutzbestimmungen - Anthony&#039;s Kicks","robots":{"index":"index","follow":"follow","max-snippet":"max-snippet:-1","max-image-preview":"max-image-preview:large","max-video-preview":"max-video-preview:-1"},"canonical":"https:\/\/anthonyskicks.dev.lemon-solutions.net\/de\/datenschutzbestimmungen\/","og_locale":"de_DE","og_type":"article","og_title":"Datenschutzbestimmungen - Anthony&#039;s Kicks","og_description":"Der Schutz der Daten ist Anthony&#8217;s Kicks sehr wichtig. Die Datenschutzrichtlinie beschreibt, wie Ihre pers\u00f6nlichen Daten gesammelt, verwendet und weitergegeben werden, wenn Sie anthonyskicks.com besuchen oder einen Kauf t\u00e4tigen Zum Schutz personenbezogener Daten verwenden wir eine SSL-Verschl\u00fcsselung f\u00fcr alle Daten, die von und zu unserer Website gesendet werden. Sie k\u00f6nnen die G\u00fcltigkeit der Sicherheit \u00fcberpr\u00fcfen, &hellip; Datenschutzbestimmungen Weiterlesen &raquo;","og_url":"https:\/\/anthonyskicks.dev.lemon-solutions.net\/de\/datenschutzbestimmungen\/","og_site_name":"Anthony&#039;s Kicks","article_modified_time":"2021-09-22T12:21:19+00:00","twitter_card":"summary_large_image","twitter_misc":{"Gesch\u00e4tzte Lesezeit":"2\u00a0Minuten"},"schema":{"@context":"https:\/\/schema.org","@graph":[{"@type":"WebPage","@id":"https:\/\/anthonyskicks.dev.lemon-solutions.net\/de\/datenschutzbestimmungen\/","url":"https:\/\/anthonyskicks.dev.lemon-solutions.net\/de\/datenschutzbestimmungen\/","name":"Datenschutzbestimmungen - Anthony&#039;s Kicks","isPartOf":{"@id":"https:\/\/www.anthonyskicks.com\/#website"},"datePublished":"2021-09-22T12:21:17+00:00","dateModified":"2021-09-22T12:21:19+00:00","breadcrumb":{"@id":"https:\/\/anthonyskicks.dev.lemon-solutions.net\/de\/datenschutzbestimmungen\/#breadcrumb"},"inLanguage":"de","potentialAction":[{"@type":"ReadAction","target":["https:\/\/anthonyskicks.dev.lemon-solutions.net\/de\/datenschutzbestimmungen\/"]}]},{"@type":"BreadcrumbList","@id":"https:\/\/anthonyskicks.dev.lemon-solutions.net\/de\/datenschutzbestimmungen\/#breadcrumb","itemListElement":[{"@type":"ListItem","position":1,"name":"Home","item":"https:\/\/www.anthonyskicks.com\/de\/"},{"@type":"ListItem","position":2,"name":"Datenschutzbestimmungen"}]},{"@type":"WebSite","@id":"https:\/\/www.anthonyskicks.com\/#website","url":"https:\/\/www.anthonyskicks.com\/","name":"Anthony&#039;s Kicks","description":"Wij bieden de nieuwste sneakers aan","publisher":{"@id":"https:\/\/www.anthonyskicks.com\/#organization"},"potentialAction":[{"@type":"SearchAction","target":{"@type":"EntryPoint","urlTemplate":"https:\/\/www.anthonyskicks.com\/?s={search_term_string}"},"query-input":"required name=search_term_string"}],"inLanguage":"de"},{"@type":"Organization","@id":"https:\/\/www.anthonyskicks.com\/#organization","name":"Anthony&#039;s Kicks","url":"https:\/\/www.anthonyskicks.com\/","logo":{"@type":"ImageObject","inLanguage":"de","@id":"https:\/\/www.anthonyskicks.com\/#\/schema\/logo\/image\/","url":"https:\/\/anthonyskicks.dev.lemon-solutions.net\/wp-content\/uploads\/2020\/07\/cropped-logo_AK_wit_2.jpg","contentUrl":"https:\/\/anthonyskicks.dev.lemon-solutions.net\/wp-content\/uploads\/2020\/07\/cropped-logo_AK_wit_2.jpg","width":371,"height":355,"caption":"Anthony&#039;s Kicks"},"image":{"@id":"https:\/\/www.anthonyskicks.com\/#\/schema\/logo\/image\/"}}]}},"jetpack_sharing_enabled":true,"_links":{"self":[{"href":"https:\/\/anthonyskicks.dev.lemon-solutions.net\/de\/wp-json\/wp\/v2\/pages\/12750"}],"collection":[{"href":"https:\/\/anthonyskicks.dev.lemon-solutions.net\/de\/wp-json\/wp\/v2\/pages"}],"about":[{"href":"https:\/\/anthonyskicks.dev.lemon-solutions.net\/de\/wp-json\/wp\/v2\/types\/page"}],"author":[{"embeddable":true,"href":"https:\/\/anthonyskicks.dev.lemon-solutions.net\/de\/wp-json\/wp\/v2\/users\/1"}],"replies":[{"embeddable":true,"href":"https:\/\/anthonyskicks.dev.lemon-solutions.net\/de\/wp-json\/wp\/v2\/comments?post=12750"}],"version-history":[{"count":0,"href":"https:\/\/anthonyskicks.dev.lemon-solutions.net\/de\/wp-json\/wp\/v2\/pages\/12750\/revisions"}],"wp:attachment":[{"href":"https:\/\/anthonyskicks.dev.lemon-solutions.net\/de\/wp-json\/wp\/v2\/media?parent=12750"}],"curies":[{"name":"wp","href":"https:\/\/api.w.org\/{rel}","templated":true}]}}