{"id":12758,"date":"2021-09-22T13:27:03","date_gmt":"2021-09-22T12:27:03","guid":{"rendered":"https:\/\/anthonyskicks.com\/uber-uns\/"},"modified":"2021-09-22T13:27:03","modified_gmt":"2021-09-22T12:27:03","slug":"uber-uns","status":"publish","type":"page","link":"https:\/\/anthonyskicks.dev.lemon-solutions.net\/de\/uber-uns\/","title":{"rendered":"\u00dcber uns"},"content":{"rendered":"\t\t<div data-elementor-type=\"wp-page\" data-elementor-id=\"12758\" class=\"elementor elementor-12758 elementor-2314\" data-elementor-post-type=\"page\">\n\t\t\t\t\t\t\t\t\t<section class=\"elementor-section elementor-top-section elementor-element elementor-element-dd2529e elementor-section-boxed elementor-section-height-default elementor-section-height-default\" data-id=\"dd2529e\" data-element_type=\"section\">\n\t\t\t\t\t\t<div class=\"elementor-container elementor-column-gap-default\">\n\t\t\t\t\t<div class=\"elementor-column elementor-col-100 elementor-top-column elementor-element elementor-element-28a9f35\" data-id=\"28a9f35\" data-element_type=\"column\">\n\t\t\t<div class=\"elementor-widget-wrap elementor-element-populated\">\n\t\t\t\t\t\t\t\t<div class=\"elementor-element elementor-element-5180a17 elementor-widget elementor-widget-heading\" data-id=\"5180a17\" data-element_type=\"widget\" data-widget_type=\"heading.default\">\n\t\t\t\t<div class=\"elementor-widget-container\">\n\t\t\t<h2 class=\"elementor-heading-title elementor-size-default\">\u00dcber uns<\/h2>\t\t<\/div>\n\t\t\t\t<\/div>\n\t\t\t\t\t<\/div>\n\t\t<\/div>\n\t\t\t\t\t\t\t<\/div>\n\t\t<\/section>\n\t\t\t\t<section class=\"elementor-section elementor-top-section elementor-element elementor-element-7b275b2 elementor-section-boxed elementor-section-height-default elementor-section-height-default\" data-id=\"7b275b2\" data-element_type=\"section\">\n\t\t\t\t\t\t<div class=\"elementor-container elementor-column-gap-default\">\n\t\t\t\t\t<div class=\"elementor-column elementor-col-100 elementor-top-column elementor-element elementor-element-e90bafc\" data-id=\"e90bafc\" data-element_type=\"column\">\n\t\t\t<div class=\"elementor-widget-wrap elementor-element-populated\">\n\t\t\t\t\t\t\t\t<div class=\"elementor-element elementor-element-db184fa elementor-widget elementor-widget-text-editor\" data-id=\"db184fa\" data-element_type=\"widget\" data-widget_type=\"text-editor.default\">\n\t\t\t\t<div class=\"elementor-widget-container\">\n\t\t\t\t\t\t\t<p>Willkommen auf der Website von Anthony&#8217;s Kicks.<\/p>\n<p>Was vor Jahren mit einer gro\u00dfen Liebe und Leidenschaft f\u00fcr Turnschuhe von zwei Br\u00fcdern aus Purmerend begann, hat sich zu einem Webshop f\u00fcr neue exklusive Turnschuhe entwickelt.<\/p>\n<p>Mit unserem Team tun wir alles, um Sie zu entlasten und Ihnen den bestm\u00f6glichen Service zu bieten. Im Laufe der Jahre haben wir die Erfahrung gemacht, dass <strong>Authentizit\u00e4t<\/strong>, <strong>Kundenzufriedenheit<\/strong>, <strong>Qualit\u00e4t<\/strong> und <strong>Komfort<\/strong> wichtig sind, weshalb diese Garantien f\u00fcr uns oberste Priorit\u00e4t haben. <\/p>\n<p>Team <strong>Anthony&#8217;s Kicks<\/strong><\/p>\n\t\t\t\t\t\t<\/div>\n\t\t\t\t<\/div>\n\t\t\t\t\t<\/div>\n\t\t<\/div>\n\t\t\t\t\t\t\t<\/div>\n\t\t<\/section>\n\t\t\t\t\t\t\t<\/div>\n\t\t","protected":false},"excerpt":{"rendered":"<p>\u00dcber uns Willkommen auf der Website von Anthony&#8217;s Kicks. Was vor Jahren mit einer gro\u00dfen Liebe und Leidenschaft f\u00fcr Turnschuhe von zwei Br\u00fcdern aus Purmerend begann, hat sich zu einem Webshop f\u00fcr neue exklusive Turnschuhe entwickelt. Mit unserem Team tun wir alles, um Sie zu entlasten und Ihnen den bestm\u00f6glichen Service zu bieten. Im Laufe &hellip;<\/p>\n<p class=\"read-more\"> <a class=\"\" href=\"https:\/\/anthonyskicks.dev.lemon-solutions.net\/de\/uber-uns\/\"> <span class=\"screen-reader-text\">\u00dcber uns<\/span> Weiterlesen &raquo;<\/a><\/p>\n","protected":false},"author":1,"featured_media":0,"parent":0,"menu_order":0,"comment_status":"closed","ping_status":"closed","template":"","meta":{"site-sidebar-layout":"no-sidebar","site-content-layout":"page-builder","ast-global-header-display":"","ast-banner-title-visibility":"","ast-main-header-display":"","ast-hfb-above-header-display":"","ast-hfb-below-header-display":"","ast-hfb-mobile-header-display":"","site-post-title":"disabled","ast-breadcrumbs-content":"","ast-featured-img":"disabled","footer-sml-layout":"","theme-transparent-header-meta":"default","adv-header-id-meta":"","stick-header-meta":"","header-above-stick-meta":"","header-main-stick-meta":"","header-below-stick-meta":"","footnotes":""},"yoast_head":"<!-- This site is optimized with the Yoast SEO plugin v21.7 - https:\/\/yoast.com\/wordpress\/plugins\/seo\/ -->\n<title>\u00dcber uns - Anthony&#039;s Kicks<\/title>\n<meta name=\"robots\" content=\"index, follow, max-snippet:-1, max-image-preview:large, max-video-preview:-1\" \/>\n<link rel=\"canonical\" href=\"https:\/\/anthonyskicks.dev.lemon-solutions.net\/de\/uber-uns\/\" \/>\n<meta property=\"og:locale\" content=\"de_DE\" \/>\n<meta property=\"og:type\" content=\"article\" \/>\n<meta property=\"og:title\" content=\"\u00dcber uns - Anthony&#039;s Kicks\" \/>\n<meta property=\"og:description\" content=\"\u00dcber uns Willkommen auf der Website von Anthony&#8217;s Kicks. Was vor Jahren mit einer gro\u00dfen Liebe und Leidenschaft f\u00fcr Turnschuhe von zwei Br\u00fcdern aus Purmerend begann, hat sich zu einem Webshop f\u00fcr neue exklusive Turnschuhe entwickelt. Mit unserem Team tun wir alles, um Sie zu entlasten und Ihnen den bestm\u00f6glichen Service zu bieten. Im Laufe &hellip; \u00dcber uns Weiterlesen &raquo;\" \/>\n<meta property=\"og:url\" content=\"https:\/\/anthonyskicks.dev.lemon-solutions.net\/de\/uber-uns\/\" \/>\n<meta property=\"og:site_name\" content=\"Anthony&#039;s Kicks\" \/>\n<meta name=\"twitter:card\" content=\"summary_large_image\" \/>\n<script type=\"application\/ld+json\" class=\"yoast-schema-graph\">{\"@context\":\"https:\/\/schema.org\",\"@graph\":[{\"@type\":\"WebPage\",\"@id\":\"https:\/\/anthonyskicks.dev.lemon-solutions.net\/de\/uber-uns\/\",\"url\":\"https:\/\/anthonyskicks.dev.lemon-solutions.net\/de\/uber-uns\/\",\"name\":\"\u00dcber uns - Anthony&#039;s Kicks\",\"isPartOf\":{\"@id\":\"https:\/\/www.anthonyskicks.com\/#website\"},\"datePublished\":\"2021-09-22T12:27:03+00:00\",\"dateModified\":\"2021-09-22T12:27:03+00:00\",\"breadcrumb\":{\"@id\":\"https:\/\/anthonyskicks.dev.lemon-solutions.net\/de\/uber-uns\/#breadcrumb\"},\"inLanguage\":\"de\",\"potentialAction\":[{\"@type\":\"ReadAction\",\"target\":[\"https:\/\/anthonyskicks.dev.lemon-solutions.net\/de\/uber-uns\/\"]}]},{\"@type\":\"BreadcrumbList\",\"@id\":\"https:\/\/anthonyskicks.dev.lemon-solutions.net\/de\/uber-uns\/#breadcrumb\",\"itemListElement\":[{\"@type\":\"ListItem\",\"position\":1,\"name\":\"Home\",\"item\":\"https:\/\/www.anthonyskicks.com\/de\/\"},{\"@type\":\"ListItem\",\"position\":2,\"name\":\"\u00dcber uns\"}]},{\"@type\":\"WebSite\",\"@id\":\"https:\/\/www.anthonyskicks.com\/#website\",\"url\":\"https:\/\/www.anthonyskicks.com\/\",\"name\":\"Anthony&#039;s Kicks\",\"description\":\"Wij bieden de nieuwste sneakers aan\",\"publisher\":{\"@id\":\"https:\/\/www.anthonyskicks.com\/#organization\"},\"potentialAction\":[{\"@type\":\"SearchAction\",\"target\":{\"@type\":\"EntryPoint\",\"urlTemplate\":\"https:\/\/www.anthonyskicks.com\/?s={search_term_string}\"},\"query-input\":\"required name=search_term_string\"}],\"inLanguage\":\"de\"},{\"@type\":\"Organization\",\"@id\":\"https:\/\/www.anthonyskicks.com\/#organization\",\"name\":\"Anthony&#039;s Kicks\",\"url\":\"https:\/\/www.anthonyskicks.com\/\",\"logo\":{\"@type\":\"ImageObject\",\"inLanguage\":\"de\",\"@id\":\"https:\/\/www.anthonyskicks.com\/#\/schema\/logo\/image\/\",\"url\":\"https:\/\/anthonyskicks.dev.lemon-solutions.net\/wp-content\/uploads\/2020\/07\/cropped-logo_AK_wit_2.jpg\",\"contentUrl\":\"https:\/\/anthonyskicks.dev.lemon-solutions.net\/wp-content\/uploads\/2020\/07\/cropped-logo_AK_wit_2.jpg\",\"width\":371,\"height\":355,\"caption\":\"Anthony&#039;s Kicks\"},\"image\":{\"@id\":\"https:\/\/www.anthonyskicks.com\/#\/schema\/logo\/image\/\"}}]}<\/script>\n<!-- \/ Yoast SEO plugin. -->","yoast_head_json":{"title":"\u00dcber uns - Anthony&#039;s Kicks","robots":{"index":"index","follow":"follow","max-snippet":"max-snippet:-1","max-image-preview":"max-image-preview:large","max-video-preview":"max-video-preview:-1"},"canonical":"https:\/\/anthonyskicks.dev.lemon-solutions.net\/de\/uber-uns\/","og_locale":"de_DE","og_type":"article","og_title":"\u00dcber uns - Anthony&#039;s Kicks","og_description":"\u00dcber uns Willkommen auf der Website von Anthony&#8217;s Kicks. Was vor Jahren mit einer gro\u00dfen Liebe und Leidenschaft f\u00fcr Turnschuhe von zwei Br\u00fcdern aus Purmerend begann, hat sich zu einem Webshop f\u00fcr neue exklusive Turnschuhe entwickelt. Mit unserem Team tun wir alles, um Sie zu entlasten und Ihnen den bestm\u00f6glichen Service zu bieten. Im Laufe &hellip; \u00dcber uns Weiterlesen &raquo;","og_url":"https:\/\/anthonyskicks.dev.lemon-solutions.net\/de\/uber-uns\/","og_site_name":"Anthony&#039;s Kicks","twitter_card":"summary_large_image","schema":{"@context":"https:\/\/schema.org","@graph":[{"@type":"WebPage","@id":"https:\/\/anthonyskicks.dev.lemon-solutions.net\/de\/uber-uns\/","url":"https:\/\/anthonyskicks.dev.lemon-solutions.net\/de\/uber-uns\/","name":"\u00dcber uns - Anthony&#039;s Kicks","isPartOf":{"@id":"https:\/\/www.anthonyskicks.com\/#website"},"datePublished":"2021-09-22T12:27:03+00:00","dateModified":"2021-09-22T12:27:03+00:00","breadcrumb":{"@id":"https:\/\/anthonyskicks.dev.lemon-solutions.net\/de\/uber-uns\/#breadcrumb"},"inLanguage":"de","potentialAction":[{"@type":"ReadAction","target":["https:\/\/anthonyskicks.dev.lemon-solutions.net\/de\/uber-uns\/"]}]},{"@type":"BreadcrumbList","@id":"https:\/\/anthonyskicks.dev.lemon-solutions.net\/de\/uber-uns\/#breadcrumb","itemListElement":[{"@type":"ListItem","position":1,"name":"Home","item":"https:\/\/www.anthonyskicks.com\/de\/"},{"@type":"ListItem","position":2,"name":"\u00dcber uns"}]},{"@type":"WebSite","@id":"https:\/\/www.anthonyskicks.com\/#website","url":"https:\/\/www.anthonyskicks.com\/","name":"Anthony&#039;s Kicks","description":"Wij bieden de nieuwste sneakers aan","publisher":{"@id":"https:\/\/www.anthonyskicks.com\/#organization"},"potentialAction":[{"@type":"SearchAction","target":{"@type":"EntryPoint","urlTemplate":"https:\/\/www.anthonyskicks.com\/?s={search_term_string}"},"query-input":"required name=search_term_string"}],"inLanguage":"de"},{"@type":"Organization","@id":"https:\/\/www.anthonyskicks.com\/#organization","name":"Anthony&#039;s Kicks","url":"https:\/\/www.anthonyskicks.com\/","logo":{"@type":"ImageObject","inLanguage":"de","@id":"https:\/\/www.anthonyskicks.com\/#\/schema\/logo\/image\/","url":"https:\/\/anthonyskicks.dev.lemon-solutions.net\/wp-content\/uploads\/2020\/07\/cropped-logo_AK_wit_2.jpg","contentUrl":"https:\/\/anthonyskicks.dev.lemon-solutions.net\/wp-content\/uploads\/2020\/07\/cropped-logo_AK_wit_2.jpg","width":371,"height":355,"caption":"Anthony&#039;s Kicks"},"image":{"@id":"https:\/\/www.anthonyskicks.com\/#\/schema\/logo\/image\/"}}]}},"jetpack_sharing_enabled":true,"_links":{"self":[{"href":"https:\/\/anthonyskicks.dev.lemon-solutions.net\/de\/wp-json\/wp\/v2\/pages\/12758"}],"collection":[{"href":"https:\/\/anthonyskicks.dev.lemon-solutions.net\/de\/wp-json\/wp\/v2\/pages"}],"about":[{"href":"https:\/\/anthonyskicks.dev.lemon-solutions.net\/de\/wp-json\/wp\/v2\/types\/page"}],"author":[{"embeddable":true,"href":"https:\/\/anthonyskicks.dev.lemon-solutions.net\/de\/wp-json\/wp\/v2\/users\/1"}],"replies":[{"embeddable":true,"href":"https:\/\/anthonyskicks.dev.lemon-solutions.net\/de\/wp-json\/wp\/v2\/comments?post=12758"}],"version-history":[{"count":0,"href":"https:\/\/anthonyskicks.dev.lemon-solutions.net\/de\/wp-json\/wp\/v2\/pages\/12758\/revisions"}],"wp:attachment":[{"href":"https:\/\/anthonyskicks.dev.lemon-solutions.net\/de\/wp-json\/wp\/v2\/media?parent=12758"}],"curies":[{"name":"wp","href":"https:\/\/api.w.org\/{rel}","templated":true}]}}