{"id":12769,"date":"2021-09-22T13:33:35","date_gmt":"2021-09-22T12:33:35","guid":{"rendered":"https:\/\/anthonyskicks.com\/grosentabelle\/"},"modified":"2022-11-30T11:42:15","modified_gmt":"2022-11-30T10:42:15","slug":"grosentabelle","status":"publish","type":"page","link":"https:\/\/anthonyskicks.dev.lemon-solutions.net\/de\/grosentabelle\/","title":{"rendered":"Gr\u00f6\u00dfentabelle"},"content":{"rendered":"\t\t<div data-elementor-type=\"wp-page\" data-elementor-id=\"12769\" class=\"elementor elementor-12769 elementor-935\" data-elementor-post-type=\"page\">\n\t\t\t\t\t\t\t\t\t<section class=\"elementor-section elementor-top-section elementor-element elementor-element-063a5c0 elementor-section-boxed elementor-section-height-default elementor-section-height-default\" data-id=\"063a5c0\" data-element_type=\"section\">\n\t\t\t\t\t\t<div class=\"elementor-container elementor-column-gap-default\">\n\t\t\t\t\t<div class=\"elementor-column elementor-col-100 elementor-top-column elementor-element elementor-element-788509a\" data-id=\"788509a\" data-element_type=\"column\">\n\t\t\t<div class=\"elementor-widget-wrap elementor-element-populated\">\n\t\t\t\t\t\t\t\t<div class=\"elementor-element elementor-element-6d256c0 elementor-widget elementor-widget-heading\" data-id=\"6d256c0\" data-element_type=\"widget\" data-widget_type=\"heading.default\">\n\t\t\t\t<div class=\"elementor-widget-container\">\n\t\t\t<h2 class=\"elementor-heading-title elementor-size-default\">Gr\u00f6\u00dfentabelle<\/h2>\t\t<\/div>\n\t\t\t\t<\/div>\n\t\t\t\t<div class=\"elementor-element elementor-element-3f33bfc elementor-widget elementor-widget-heading\" data-id=\"3f33bfc\" data-element_type=\"widget\" data-widget_type=\"heading.default\">\n\t\t\t\t<div class=\"elementor-widget-container\">\n\t\t\t<h2 class=\"elementor-heading-title elementor-size-default\">Auf dieser Seite finden Sie unsere pers\u00f6nliche Beratung, die Ihnen bei der Auswahl der richtigen Gr\u00f6\u00dfe hilft.<\/h2>\t\t<\/div>\n\t\t\t\t<\/div>\n\t\t\t\t\t<\/div>\n\t\t<\/div>\n\t\t\t\t\t\t\t<\/div>\n\t\t<\/section>\n\t\t\t\t<section class=\"elementor-section elementor-top-section elementor-element elementor-element-ea1db6f elementor-section-boxed elementor-section-height-default elementor-section-height-default\" data-id=\"ea1db6f\" data-element_type=\"section\">\n\t\t\t\t\t\t<div class=\"elementor-container elementor-column-gap-default\">\n\t\t\t\t\t<div class=\"elementor-column elementor-col-100 elementor-top-column elementor-element elementor-element-a8c8301\" data-id=\"a8c8301\" data-element_type=\"column\">\n\t\t\t<div class=\"elementor-widget-wrap elementor-element-populated\">\n\t\t\t\t\t\t\t\t<div class=\"elementor-element elementor-element-a5bcdd6 elementor-widget elementor-widget-image\" data-id=\"a5bcdd6\" data-element_type=\"widget\" data-widget_type=\"image.default\">\n\t\t\t\t<div class=\"elementor-widget-container\">\n\t\t\t\t\t\t\t\t\t\t\t\t<figure class=\"wp-caption\">\n\t\t\t\t\t\t\t\t\t\t<img fetchpriority=\"high\" decoding=\"async\" width=\"1024\" height=\"1011\" src=\"data:image\/gif;base64,R0lGODlhAQABAIAAAAAAAP\/\/\/yH5BAEAAAAALAAAAAABAAEAAAIBRAA7\" data-src=\"https:\/\/anthonyskicks.dev.lemon-solutions.net\/wp-content\/uploads\/2021\/04\/matentabelkopie-1024x1011.png\" class=\"attachment-large size-large wp-image-6511 lazyload\" alt=\"\" data-srcset=\"https:\/\/anthonyskicks.dev.lemon-solutions.net\/wp-content\/uploads\/2021\/04\/matentabelkopie-1024x1011.png 1024w, https:\/\/anthonyskicks.dev.lemon-solutions.net\/wp-content\/uploads\/2021\/04\/matentabelkopie-300x296.png 300w, https:\/\/anthonyskicks.dev.lemon-solutions.net\/wp-content\/uploads\/2021\/04\/matentabelkopie-768x758.png 768w, https:\/\/anthonyskicks.dev.lemon-solutions.net\/wp-content\/uploads\/2021\/04\/matentabelkopie-600x592.png 600w, https:\/\/anthonyskicks.dev.lemon-solutions.net\/wp-content\/uploads\/2021\/04\/matentabelkopie-100x100.png 100w, https:\/\/anthonyskicks.dev.lemon-solutions.net\/wp-content\/uploads\/2021\/04\/matentabelkopie-64x63.png 64w, https:\/\/anthonyskicks.dev.lemon-solutions.net\/wp-content\/uploads\/2021\/04\/matentabelkopie-61x60.png 61w, https:\/\/anthonyskicks.dev.lemon-solutions.net\/wp-content\/uploads\/2021\/04\/matentabelkopie-91x90.png 91w, https:\/\/anthonyskicks.dev.lemon-solutions.net\/wp-content\/uploads\/2021\/04\/matentabelkopie.png 1094w\" sizes=\"(max-width: 1024px) 100vw, 1024px\" \/><noscript><img fetchpriority=\"high\" decoding=\"async\" width=\"1024\" height=\"1011\" src=\"https:\/\/anthonyskicks.dev.lemon-solutions.net\/wp-content\/uploads\/2021\/04\/matentabelkopie-1024x1011.png\" class=\"attachment-large size-large wp-image-6511 lazyload\" alt=\"\" srcset=\"https:\/\/anthonyskicks.dev.lemon-solutions.net\/wp-content\/uploads\/2021\/04\/matentabelkopie-1024x1011.png 1024w, https:\/\/anthonyskicks.dev.lemon-solutions.net\/wp-content\/uploads\/2021\/04\/matentabelkopie-300x296.png 300w, https:\/\/anthonyskicks.dev.lemon-solutions.net\/wp-content\/uploads\/2021\/04\/matentabelkopie-768x758.png 768w, https:\/\/anthonyskicks.dev.lemon-solutions.net\/wp-content\/uploads\/2021\/04\/matentabelkopie-600x592.png 600w, https:\/\/anthonyskicks.dev.lemon-solutions.net\/wp-content\/uploads\/2021\/04\/matentabelkopie-100x100.png 100w, https:\/\/anthonyskicks.dev.lemon-solutions.net\/wp-content\/uploads\/2021\/04\/matentabelkopie-64x63.png 64w, https:\/\/anthonyskicks.dev.lemon-solutions.net\/wp-content\/uploads\/2021\/04\/matentabelkopie-61x60.png 61w, https:\/\/anthonyskicks.dev.lemon-solutions.net\/wp-content\/uploads\/2021\/04\/matentabelkopie-91x90.png 91w, https:\/\/anthonyskicks.dev.lemon-solutions.net\/wp-content\/uploads\/2021\/04\/matentabelkopie.png 1094w\" sizes=\"(max-width: 1024px) 100vw, 1024px\" \/><\/noscript>\t\t\t\t\t\t\t\t\t\t\t<figcaption class=\"widget-image-caption wp-caption-text\"><\/figcaption>\n\t\t\t\t\t\t\t\t\t\t<\/figure>\n\t\t\t\t\t\t\t\t\t<\/div>\n\t\t\t\t<\/div>\n\t\t\t\t\t<\/div>\n\t\t<\/div>\n\t\t\t\t\t\t\t<\/div>\n\t\t<\/section>\n\t\t\t\t\t\t\t<\/div>\n\t\t","protected":false},"excerpt":{"rendered":"<p>Gr\u00f6\u00dfentabelle Auf dieser Seite finden Sie unsere pers\u00f6nliche Beratung, die Ihnen bei der Auswahl der richtigen Gr\u00f6\u00dfe hilft.<\/p>\n","protected":false},"author":1,"featured_media":0,"parent":0,"menu_order":0,"comment_status":"closed","ping_status":"closed","template":"","meta":{"site-sidebar-layout":"no-sidebar","site-content-layout":"page-builder","ast-global-header-display":"","ast-banner-title-visibility":"","ast-main-header-display":"","ast-hfb-above-header-display":"","ast-hfb-below-header-display":"","ast-hfb-mobile-header-display":"","site-post-title":"disabled","ast-breadcrumbs-content":"","ast-featured-img":"disabled","footer-sml-layout":"","theme-transparent-header-meta":"","adv-header-id-meta":"","stick-header-meta":"","header-above-stick-meta":"","header-main-stick-meta":"","header-below-stick-meta":"","footnotes":""},"yoast_head":"<!-- This site is optimized with the Yoast SEO plugin v21.7 - https:\/\/yoast.com\/wordpress\/plugins\/seo\/ -->\n<title>Gr\u00f6\u00dfentabelle - Anthony&#039;s Kicks<\/title>\n<meta name=\"robots\" content=\"index, follow, max-snippet:-1, max-image-preview:large, max-video-preview:-1\" \/>\n<link rel=\"canonical\" href=\"https:\/\/anthonyskicks.dev.lemon-solutions.net\/de\/grosentabelle\/\" \/>\n<meta property=\"og:locale\" content=\"de_DE\" \/>\n<meta property=\"og:type\" content=\"article\" \/>\n<meta property=\"og:title\" content=\"Gr\u00f6\u00dfentabelle - Anthony&#039;s Kicks\" \/>\n<meta property=\"og:description\" content=\"Gr\u00f6\u00dfentabelle Auf dieser Seite finden Sie unsere pers\u00f6nliche Beratung, die Ihnen bei der Auswahl der richtigen Gr\u00f6\u00dfe hilft.\" \/>\n<meta property=\"og:url\" content=\"https:\/\/anthonyskicks.dev.lemon-solutions.net\/de\/grosentabelle\/\" \/>\n<meta property=\"og:site_name\" content=\"Anthony&#039;s Kicks\" \/>\n<meta property=\"article:modified_time\" content=\"2022-11-30T10:42:15+00:00\" \/>\n<meta property=\"og:image\" content=\"https:\/\/i0.wp.com\/www.anthonyskicks.com\/wp-content\/uploads\/2021\/04\/matentabelkopie.png?fit=1024%2C1011&amp;ssl=1\" \/>\n<meta name=\"twitter:card\" content=\"summary_large_image\" \/>\n<script type=\"application\/ld+json\" class=\"yoast-schema-graph\">{\"@context\":\"https:\/\/schema.org\",\"@graph\":[{\"@type\":\"WebPage\",\"@id\":\"https:\/\/anthonyskicks.dev.lemon-solutions.net\/de\/grosentabelle\/\",\"url\":\"https:\/\/anthonyskicks.dev.lemon-solutions.net\/de\/grosentabelle\/\",\"name\":\"Gr\u00f6\u00dfentabelle - Anthony&#039;s Kicks\",\"isPartOf\":{\"@id\":\"https:\/\/www.anthonyskicks.com\/#website\"},\"datePublished\":\"2021-09-22T12:33:35+00:00\",\"dateModified\":\"2022-11-30T10:42:15+00:00\",\"breadcrumb\":{\"@id\":\"https:\/\/anthonyskicks.dev.lemon-solutions.net\/de\/grosentabelle\/#breadcrumb\"},\"inLanguage\":\"de\",\"potentialAction\":[{\"@type\":\"ReadAction\",\"target\":[\"https:\/\/anthonyskicks.dev.lemon-solutions.net\/de\/grosentabelle\/\"]}]},{\"@type\":\"BreadcrumbList\",\"@id\":\"https:\/\/anthonyskicks.dev.lemon-solutions.net\/de\/grosentabelle\/#breadcrumb\",\"itemListElement\":[{\"@type\":\"ListItem\",\"position\":1,\"name\":\"Home\",\"item\":\"https:\/\/www.anthonyskicks.com\/de\/\"},{\"@type\":\"ListItem\",\"position\":2,\"name\":\"Gr\u00f6\u00dfentabelle\"}]},{\"@type\":\"WebSite\",\"@id\":\"https:\/\/www.anthonyskicks.com\/#website\",\"url\":\"https:\/\/www.anthonyskicks.com\/\",\"name\":\"Anthony&#039;s Kicks\",\"description\":\"Wij bieden de nieuwste sneakers aan\",\"publisher\":{\"@id\":\"https:\/\/www.anthonyskicks.com\/#organization\"},\"potentialAction\":[{\"@type\":\"SearchAction\",\"target\":{\"@type\":\"EntryPoint\",\"urlTemplate\":\"https:\/\/www.anthonyskicks.com\/?s={search_term_string}\"},\"query-input\":\"required name=search_term_string\"}],\"inLanguage\":\"de\"},{\"@type\":\"Organization\",\"@id\":\"https:\/\/www.anthonyskicks.com\/#organization\",\"name\":\"Anthony&#039;s Kicks\",\"url\":\"https:\/\/www.anthonyskicks.com\/\",\"logo\":{\"@type\":\"ImageObject\",\"inLanguage\":\"de\",\"@id\":\"https:\/\/www.anthonyskicks.com\/#\/schema\/logo\/image\/\",\"url\":\"https:\/\/anthonyskicks.dev.lemon-solutions.net\/wp-content\/uploads\/2020\/07\/cropped-logo_AK_wit_2.jpg\",\"contentUrl\":\"https:\/\/anthonyskicks.dev.lemon-solutions.net\/wp-content\/uploads\/2020\/07\/cropped-logo_AK_wit_2.jpg\",\"width\":371,\"height\":355,\"caption\":\"Anthony&#039;s Kicks\"},\"image\":{\"@id\":\"https:\/\/www.anthonyskicks.com\/#\/schema\/logo\/image\/\"}}]}<\/script>\n<!-- \/ Yoast SEO plugin. -->","yoast_head_json":{"title":"Gr\u00f6\u00dfentabelle - Anthony&#039;s Kicks","robots":{"index":"index","follow":"follow","max-snippet":"max-snippet:-1","max-image-preview":"max-image-preview:large","max-video-preview":"max-video-preview:-1"},"canonical":"https:\/\/anthonyskicks.dev.lemon-solutions.net\/de\/grosentabelle\/","og_locale":"de_DE","og_type":"article","og_title":"Gr\u00f6\u00dfentabelle - Anthony&#039;s Kicks","og_description":"Gr\u00f6\u00dfentabelle Auf dieser Seite finden Sie unsere pers\u00f6nliche Beratung, die Ihnen bei der Auswahl der richtigen Gr\u00f6\u00dfe hilft.","og_url":"https:\/\/anthonyskicks.dev.lemon-solutions.net\/de\/grosentabelle\/","og_site_name":"Anthony&#039;s Kicks","article_modified_time":"2022-11-30T10:42:15+00:00","og_image":[{"url":"https:\/\/i0.wp.com\/www.anthonyskicks.com\/wp-content\/uploads\/2021\/04\/matentabelkopie.png?fit=1024%2C1011&amp;ssl=1"}],"twitter_card":"summary_large_image","schema":{"@context":"https:\/\/schema.org","@graph":[{"@type":"WebPage","@id":"https:\/\/anthonyskicks.dev.lemon-solutions.net\/de\/grosentabelle\/","url":"https:\/\/anthonyskicks.dev.lemon-solutions.net\/de\/grosentabelle\/","name":"Gr\u00f6\u00dfentabelle - Anthony&#039;s Kicks","isPartOf":{"@id":"https:\/\/www.anthonyskicks.com\/#website"},"datePublished":"2021-09-22T12:33:35+00:00","dateModified":"2022-11-30T10:42:15+00:00","breadcrumb":{"@id":"https:\/\/anthonyskicks.dev.lemon-solutions.net\/de\/grosentabelle\/#breadcrumb"},"inLanguage":"de","potentialAction":[{"@type":"ReadAction","target":["https:\/\/anthonyskicks.dev.lemon-solutions.net\/de\/grosentabelle\/"]}]},{"@type":"BreadcrumbList","@id":"https:\/\/anthonyskicks.dev.lemon-solutions.net\/de\/grosentabelle\/#breadcrumb","itemListElement":[{"@type":"ListItem","position":1,"name":"Home","item":"https:\/\/www.anthonyskicks.com\/de\/"},{"@type":"ListItem","position":2,"name":"Gr\u00f6\u00dfentabelle"}]},{"@type":"WebSite","@id":"https:\/\/www.anthonyskicks.com\/#website","url":"https:\/\/www.anthonyskicks.com\/","name":"Anthony&#039;s Kicks","description":"Wij bieden de nieuwste sneakers aan","publisher":{"@id":"https:\/\/www.anthonyskicks.com\/#organization"},"potentialAction":[{"@type":"SearchAction","target":{"@type":"EntryPoint","urlTemplate":"https:\/\/www.anthonyskicks.com\/?s={search_term_string}"},"query-input":"required name=search_term_string"}],"inLanguage":"de"},{"@type":"Organization","@id":"https:\/\/www.anthonyskicks.com\/#organization","name":"Anthony&#039;s Kicks","url":"https:\/\/www.anthonyskicks.com\/","logo":{"@type":"ImageObject","inLanguage":"de","@id":"https:\/\/www.anthonyskicks.com\/#\/schema\/logo\/image\/","url":"https:\/\/anthonyskicks.dev.lemon-solutions.net\/wp-content\/uploads\/2020\/07\/cropped-logo_AK_wit_2.jpg","contentUrl":"https:\/\/anthonyskicks.dev.lemon-solutions.net\/wp-content\/uploads\/2020\/07\/cropped-logo_AK_wit_2.jpg","width":371,"height":355,"caption":"Anthony&#039;s Kicks"},"image":{"@id":"https:\/\/www.anthonyskicks.com\/#\/schema\/logo\/image\/"}}]}},"jetpack_sharing_enabled":true,"_links":{"self":[{"href":"https:\/\/anthonyskicks.dev.lemon-solutions.net\/de\/wp-json\/wp\/v2\/pages\/12769"}],"collection":[{"href":"https:\/\/anthonyskicks.dev.lemon-solutions.net\/de\/wp-json\/wp\/v2\/pages"}],"about":[{"href":"https:\/\/anthonyskicks.dev.lemon-solutions.net\/de\/wp-json\/wp\/v2\/types\/page"}],"author":[{"embeddable":true,"href":"https:\/\/anthonyskicks.dev.lemon-solutions.net\/de\/wp-json\/wp\/v2\/users\/1"}],"replies":[{"embeddable":true,"href":"https:\/\/anthonyskicks.dev.lemon-solutions.net\/de\/wp-json\/wp\/v2\/comments?post=12769"}],"version-history":[{"count":0,"href":"https:\/\/anthonyskicks.dev.lemon-solutions.net\/de\/wp-json\/wp\/v2\/pages\/12769\/revisions"}],"wp:attachment":[{"href":"https:\/\/anthonyskicks.dev.lemon-solutions.net\/de\/wp-json\/wp\/v2\/media?parent=12769"}],"curies":[{"name":"wp","href":"https:\/\/api.w.org\/{rel}","templated":true}]}}