{"id":12804,"date":"2021-09-22T14:06:05","date_gmt":"2021-09-22T13:06:05","guid":{"rendered":"https:\/\/anthonyskicks.com\/versandbedingungen\/"},"modified":"2021-10-01T14:43:54","modified_gmt":"2021-10-01T13:43:54","slug":"versandbedingungen","status":"publish","type":"page","link":"https:\/\/anthonyskicks.dev.lemon-solutions.net\/de\/versandbedingungen\/","title":{"rendered":"Versandbedingungen"},"content":{"rendered":"\t\t<div data-elementor-type=\"wp-page\" data-elementor-id=\"12804\" class=\"elementor elementor-12804 elementor-376\" data-elementor-post-type=\"page\">\n\t\t\t\t\t\t\t\t\t<section class=\"elementor-section elementor-top-section elementor-element elementor-element-15a244f elementor-section-boxed elementor-section-height-default elementor-section-height-default\" data-id=\"15a244f\" data-element_type=\"section\">\n\t\t\t\t\t\t<div class=\"elementor-container elementor-column-gap-default\">\n\t\t\t\t\t<div class=\"elementor-column elementor-col-100 elementor-top-column elementor-element elementor-element-2883cd7\" data-id=\"2883cd7\" data-element_type=\"column\">\n\t\t\t<div class=\"elementor-widget-wrap elementor-element-populated\">\n\t\t\t\t\t\t\t\t<div class=\"elementor-element elementor-element-83d512a elementor-widget elementor-widget-text-editor\" data-id=\"83d512a\" data-element_type=\"widget\" data-widget_type=\"text-editor.default\">\n\t\t\t\t<div class=\"elementor-widget-container\">\n\t\t\t\t\t\t\t<p><strong><br \/>Versand (NL)<\/strong><\/p>\n<ul>\n<li>Die Produkte werden an Werktagen von Montag bis Freitag versandt<\/li>\n<li>Alle Produkte werden doppelt verpackt versandt<\/li>\n<li>Die angegebenen Versandzeiten im Shop dienen nur als Anhaltspunkt, es k\u00f6nnen keine Rechte abgeleitet werden<\/li>\n<li>Anthony&#8217;s Kicks ist nicht verantwortlich f\u00fcr die Dauer der Sendung<\/li>\n<\/ul>\n<p><strong><br \/><\/strong>Kostenloser Versand f\u00fcr alle Bestellungen \u00fcber \u20ac50,- innerhalb der Niederlande. Bestellungen innerhalb der Niederlande werden mit PostNL verschickt<\/p>\n<p>Kostenloser Versand f\u00fcr alle Bestellungen \u00fcber \u20ac50,- innerhalb Belgiens und Deutschlands Bestellungen innerhalb Belgiens und Deutschlands werden mit DPD Home versandt. Bestellungen innerhalb Belgiens und Deutschlands werden mit DPD Home versendet.<\/p>\n<p><strong>Niederlande<br \/><\/strong>versand und Bearbeitung (PostNL versichert): 7\u20ac<\/p>\n<p><strong>Belgien und Deutschland<br \/><\/strong> versand &amp; Bearbeitung (DPD Home): 7\u20ac<\/p>\n<p><strong>rest von europa<br \/><\/strong> versand &amp; Bearbeitung (DPD Home): 10\u20ac<\/p><\/p>\n\t\t\t\t\t\t<\/div>\n\t\t\t\t<\/div>\n\t\t\t\t\t<\/div>\n\t\t<\/div>\n\t\t\t\t\t\t\t<\/div>\n\t\t<\/section>\n\t\t\t\t\t\t\t<\/div>\n\t\t","protected":false},"excerpt":{"rendered":"<p>Versand (NL) Die Produkte werden an Werktagen von Montag bis Freitag versandt Alle Produkte werden doppelt verpackt versandt Die angegebenen Versandzeiten im Shop dienen nur als Anhaltspunkt, es k\u00f6nnen keine Rechte abgeleitet werden Anthony&#8217;s Kicks ist nicht verantwortlich f\u00fcr die Dauer der Sendung Kostenloser Versand f\u00fcr alle Bestellungen \u00fcber \u20ac50,- innerhalb der Niederlande. Bestellungen innerhalb &hellip;<\/p>\n<p class=\"read-more\"> <a class=\"\" href=\"https:\/\/anthonyskicks.dev.lemon-solutions.net\/de\/versandbedingungen\/\"> <span class=\"screen-reader-text\">Versandbedingungen<\/span> Weiterlesen &raquo;<\/a><\/p>\n","protected":false},"author":1,"featured_media":0,"parent":0,"menu_order":0,"comment_status":"closed","ping_status":"closed","template":"","meta":{"site-sidebar-layout":"no-sidebar","site-content-layout":"page-builder","ast-global-header-display":"","ast-banner-title-visibility":"","ast-main-header-display":"","ast-hfb-above-header-display":"","ast-hfb-below-header-display":"","ast-hfb-mobile-header-display":"","site-post-title":"disabled","ast-breadcrumbs-content":"","ast-featured-img":"disabled","footer-sml-layout":"","theme-transparent-header-meta":"default","adv-header-id-meta":"","stick-header-meta":"","header-above-stick-meta":"","header-main-stick-meta":"","header-below-stick-meta":"","footnotes":""},"yoast_head":"<!-- This site is optimized with the Yoast SEO plugin v21.7 - https:\/\/yoast.com\/wordpress\/plugins\/seo\/ -->\n<title>Versandbedingungen - Anthony&#039;s Kicks<\/title>\n<meta name=\"robots\" content=\"index, follow, max-snippet:-1, max-image-preview:large, max-video-preview:-1\" \/>\n<link rel=\"canonical\" href=\"https:\/\/anthonyskicks.dev.lemon-solutions.net\/de\/versandbedingungen\/\" \/>\n<meta property=\"og:locale\" content=\"de_DE\" \/>\n<meta property=\"og:type\" content=\"article\" \/>\n<meta property=\"og:title\" content=\"Versandbedingungen - Anthony&#039;s Kicks\" \/>\n<meta property=\"og:description\" content=\"Versand (NL) Die Produkte werden an Werktagen von Montag bis Freitag versandt Alle Produkte werden doppelt verpackt versandt Die angegebenen Versandzeiten im Shop dienen nur als Anhaltspunkt, es k\u00f6nnen keine Rechte abgeleitet werden Anthony&#8217;s Kicks ist nicht verantwortlich f\u00fcr die Dauer der Sendung Kostenloser Versand f\u00fcr alle Bestellungen \u00fcber \u20ac50,- innerhalb der Niederlande. Bestellungen innerhalb &hellip; Versandbedingungen Weiterlesen &raquo;\" \/>\n<meta property=\"og:url\" content=\"https:\/\/anthonyskicks.dev.lemon-solutions.net\/de\/versandbedingungen\/\" \/>\n<meta property=\"og:site_name\" content=\"Anthony&#039;s Kicks\" \/>\n<meta property=\"article:modified_time\" content=\"2021-10-01T13:43:54+00:00\" \/>\n<meta name=\"twitter:card\" content=\"summary_large_image\" \/>\n<meta name=\"twitter:label1\" content=\"Gesch\u00e4tzte Lesezeit\" \/>\n\t<meta name=\"twitter:data1\" content=\"1\u00a0Minute\" \/>\n<script type=\"application\/ld+json\" class=\"yoast-schema-graph\">{\"@context\":\"https:\/\/schema.org\",\"@graph\":[{\"@type\":\"WebPage\",\"@id\":\"https:\/\/anthonyskicks.dev.lemon-solutions.net\/de\/versandbedingungen\/\",\"url\":\"https:\/\/anthonyskicks.dev.lemon-solutions.net\/de\/versandbedingungen\/\",\"name\":\"Versandbedingungen - Anthony&#039;s Kicks\",\"isPartOf\":{\"@id\":\"https:\/\/www.anthonyskicks.com\/#website\"},\"datePublished\":\"2021-09-22T13:06:05+00:00\",\"dateModified\":\"2021-10-01T13:43:54+00:00\",\"breadcrumb\":{\"@id\":\"https:\/\/anthonyskicks.dev.lemon-solutions.net\/de\/versandbedingungen\/#breadcrumb\"},\"inLanguage\":\"de\",\"potentialAction\":[{\"@type\":\"ReadAction\",\"target\":[\"https:\/\/anthonyskicks.dev.lemon-solutions.net\/de\/versandbedingungen\/\"]}]},{\"@type\":\"BreadcrumbList\",\"@id\":\"https:\/\/anthonyskicks.dev.lemon-solutions.net\/de\/versandbedingungen\/#breadcrumb\",\"itemListElement\":[{\"@type\":\"ListItem\",\"position\":1,\"name\":\"Home\",\"item\":\"https:\/\/www.anthonyskicks.com\/de\/\"},{\"@type\":\"ListItem\",\"position\":2,\"name\":\"Versandbedingungen\"}]},{\"@type\":\"WebSite\",\"@id\":\"https:\/\/www.anthonyskicks.com\/#website\",\"url\":\"https:\/\/www.anthonyskicks.com\/\",\"name\":\"Anthony&#039;s Kicks\",\"description\":\"Wij bieden de nieuwste sneakers aan\",\"publisher\":{\"@id\":\"https:\/\/www.anthonyskicks.com\/#organization\"},\"potentialAction\":[{\"@type\":\"SearchAction\",\"target\":{\"@type\":\"EntryPoint\",\"urlTemplate\":\"https:\/\/www.anthonyskicks.com\/?s={search_term_string}\"},\"query-input\":\"required name=search_term_string\"}],\"inLanguage\":\"de\"},{\"@type\":\"Organization\",\"@id\":\"https:\/\/www.anthonyskicks.com\/#organization\",\"name\":\"Anthony&#039;s Kicks\",\"url\":\"https:\/\/www.anthonyskicks.com\/\",\"logo\":{\"@type\":\"ImageObject\",\"inLanguage\":\"de\",\"@id\":\"https:\/\/www.anthonyskicks.com\/#\/schema\/logo\/image\/\",\"url\":\"https:\/\/anthonyskicks.dev.lemon-solutions.net\/wp-content\/uploads\/2020\/07\/cropped-logo_AK_wit_2.jpg\",\"contentUrl\":\"https:\/\/anthonyskicks.dev.lemon-solutions.net\/wp-content\/uploads\/2020\/07\/cropped-logo_AK_wit_2.jpg\",\"width\":371,\"height\":355,\"caption\":\"Anthony&#039;s Kicks\"},\"image\":{\"@id\":\"https:\/\/www.anthonyskicks.com\/#\/schema\/logo\/image\/\"}}]}<\/script>\n<!-- \/ Yoast SEO plugin. -->","yoast_head_json":{"title":"Versandbedingungen - Anthony&#039;s Kicks","robots":{"index":"index","follow":"follow","max-snippet":"max-snippet:-1","max-image-preview":"max-image-preview:large","max-video-preview":"max-video-preview:-1"},"canonical":"https:\/\/anthonyskicks.dev.lemon-solutions.net\/de\/versandbedingungen\/","og_locale":"de_DE","og_type":"article","og_title":"Versandbedingungen - Anthony&#039;s Kicks","og_description":"Versand (NL) Die Produkte werden an Werktagen von Montag bis Freitag versandt Alle Produkte werden doppelt verpackt versandt Die angegebenen Versandzeiten im Shop dienen nur als Anhaltspunkt, es k\u00f6nnen keine Rechte abgeleitet werden Anthony&#8217;s Kicks ist nicht verantwortlich f\u00fcr die Dauer der Sendung Kostenloser Versand f\u00fcr alle Bestellungen \u00fcber \u20ac50,- innerhalb der Niederlande. Bestellungen innerhalb &hellip; Versandbedingungen Weiterlesen &raquo;","og_url":"https:\/\/anthonyskicks.dev.lemon-solutions.net\/de\/versandbedingungen\/","og_site_name":"Anthony&#039;s Kicks","article_modified_time":"2021-10-01T13:43:54+00:00","twitter_card":"summary_large_image","twitter_misc":{"Gesch\u00e4tzte Lesezeit":"1\u00a0Minute"},"schema":{"@context":"https:\/\/schema.org","@graph":[{"@type":"WebPage","@id":"https:\/\/anthonyskicks.dev.lemon-solutions.net\/de\/versandbedingungen\/","url":"https:\/\/anthonyskicks.dev.lemon-solutions.net\/de\/versandbedingungen\/","name":"Versandbedingungen - Anthony&#039;s Kicks","isPartOf":{"@id":"https:\/\/www.anthonyskicks.com\/#website"},"datePublished":"2021-09-22T13:06:05+00:00","dateModified":"2021-10-01T13:43:54+00:00","breadcrumb":{"@id":"https:\/\/anthonyskicks.dev.lemon-solutions.net\/de\/versandbedingungen\/#breadcrumb"},"inLanguage":"de","potentialAction":[{"@type":"ReadAction","target":["https:\/\/anthonyskicks.dev.lemon-solutions.net\/de\/versandbedingungen\/"]}]},{"@type":"BreadcrumbList","@id":"https:\/\/anthonyskicks.dev.lemon-solutions.net\/de\/versandbedingungen\/#breadcrumb","itemListElement":[{"@type":"ListItem","position":1,"name":"Home","item":"https:\/\/www.anthonyskicks.com\/de\/"},{"@type":"ListItem","position":2,"name":"Versandbedingungen"}]},{"@type":"WebSite","@id":"https:\/\/www.anthonyskicks.com\/#website","url":"https:\/\/www.anthonyskicks.com\/","name":"Anthony&#039;s Kicks","description":"Wij bieden de nieuwste sneakers aan","publisher":{"@id":"https:\/\/www.anthonyskicks.com\/#organization"},"potentialAction":[{"@type":"SearchAction","target":{"@type":"EntryPoint","urlTemplate":"https:\/\/www.anthonyskicks.com\/?s={search_term_string}"},"query-input":"required name=search_term_string"}],"inLanguage":"de"},{"@type":"Organization","@id":"https:\/\/www.anthonyskicks.com\/#organization","name":"Anthony&#039;s Kicks","url":"https:\/\/www.anthonyskicks.com\/","logo":{"@type":"ImageObject","inLanguage":"de","@id":"https:\/\/www.anthonyskicks.com\/#\/schema\/logo\/image\/","url":"https:\/\/anthonyskicks.dev.lemon-solutions.net\/wp-content\/uploads\/2020\/07\/cropped-logo_AK_wit_2.jpg","contentUrl":"https:\/\/anthonyskicks.dev.lemon-solutions.net\/wp-content\/uploads\/2020\/07\/cropped-logo_AK_wit_2.jpg","width":371,"height":355,"caption":"Anthony&#039;s Kicks"},"image":{"@id":"https:\/\/www.anthonyskicks.com\/#\/schema\/logo\/image\/"}}]}},"jetpack_sharing_enabled":true,"_links":{"self":[{"href":"https:\/\/anthonyskicks.dev.lemon-solutions.net\/de\/wp-json\/wp\/v2\/pages\/12804"}],"collection":[{"href":"https:\/\/anthonyskicks.dev.lemon-solutions.net\/de\/wp-json\/wp\/v2\/pages"}],"about":[{"href":"https:\/\/anthonyskicks.dev.lemon-solutions.net\/de\/wp-json\/wp\/v2\/types\/page"}],"author":[{"embeddable":true,"href":"https:\/\/anthonyskicks.dev.lemon-solutions.net\/de\/wp-json\/wp\/v2\/users\/1"}],"replies":[{"embeddable":true,"href":"https:\/\/anthonyskicks.dev.lemon-solutions.net\/de\/wp-json\/wp\/v2\/comments?post=12804"}],"version-history":[{"count":0,"href":"https:\/\/anthonyskicks.dev.lemon-solutions.net\/de\/wp-json\/wp\/v2\/pages\/12804\/revisions"}],"wp:attachment":[{"href":"https:\/\/anthonyskicks.dev.lemon-solutions.net\/de\/wp-json\/wp\/v2\/media?parent=12804"}],"curies":[{"name":"wp","href":"https:\/\/api.w.org\/{rel}","templated":true}]}}