{"id":12866,"date":"2021-09-22T14:26:30","date_gmt":"2021-09-22T13:26:30","guid":{"rendered":"https:\/\/anthonyskicks.com\/allgemeine-geschaeftsbedingungen\/"},"modified":"2023-05-12T13:58:40","modified_gmt":"2023-05-12T12:58:40","slug":"allgemeine-geschaeftsbedingungen","status":"publish","type":"page","link":"https:\/\/anthonyskicks.dev.lemon-solutions.net\/de\/allgemeine-geschaeftsbedingungen\/","title":{"rendered":"Allgemeine Gesch\u00e4ftsbedingungen"},"content":{"rendered":"\t\t<div data-elementor-type=\"wp-page\" data-elementor-id=\"12866\" class=\"elementor elementor-12866 elementor-808\" data-elementor-post-type=\"page\">\n\t\t\t\t\t\t\t\t\t<section class=\"elementor-section elementor-top-section elementor-element elementor-element-17aa93d elementor-section-boxed elementor-section-height-default elementor-section-height-default\" data-id=\"17aa93d\" data-element_type=\"section\">\n\t\t\t\t\t\t<div class=\"elementor-container elementor-column-gap-default\">\n\t\t\t\t\t<div class=\"elementor-column elementor-col-100 elementor-top-column elementor-element elementor-element-0940bc3\" data-id=\"0940bc3\" data-element_type=\"column\">\n\t\t\t<div class=\"elementor-widget-wrap elementor-element-populated\">\n\t\t\t\t\t\t\t\t<div class=\"elementor-element elementor-element-f3dcd03 elementor-widget elementor-widget-heading\" data-id=\"f3dcd03\" data-element_type=\"widget\" data-widget_type=\"heading.default\">\n\t\t\t\t<div class=\"elementor-widget-container\">\n\t\t\t<h2 class=\"elementor-heading-title elementor-size-default\">Allgemeine Gesch\u00e4ftsbedingungen<\/h2>\t\t<\/div>\n\t\t\t\t<\/div>\n\t\t\t\t<div class=\"elementor-element elementor-element-3c16221 elementor-widget elementor-widget-text-editor\" data-id=\"3c16221\" data-element_type=\"widget\" data-widget_type=\"text-editor.default\">\n\t\t\t\t<div class=\"elementor-widget-container\">\n\t\t\t\t\t\t\t<p>Mit dem Absenden Ihrer Bestellung und der Zustimmung zu diesen Bedingungen gehen Sie einen verbindlichen Vertrag ein.<\/p><p><strong>Zahlungen<br \/><\/strong>Derzeit unterst\u00fctzt Anthony&#8217;s Kicks die folgenden Zahlungsarten:<br \/>&#8211; Kreditkarte<br \/>&#8211; PayPal<br \/>&#8211; Giropay<br \/>&#8211; Klarna sp\u00e4ter bezahlen<br \/>&#8211; SOFORT Banking<\/p><p><strong>Bestellungen<br \/><\/strong>Anthony&#8217;s Kicks beh\u00e4lt sich das Recht vor, eine Bestellung NICHT auszuliefern, wenn der Lagerbestand zum Zeitpunkt des Eingangs der Bestellung nicht korrekt war.<br \/>Anthony&#8217;s Kicks ist nicht verantwortlich f\u00fcr den Verlust von Paketen, die von der Rechnungsadresse abweichen. Der K\u00e4ufer muss sich im Falle eines Verlustes mit dem Adressaten auseinandersetzen.<br \/>Wenn Anthony&#8217;s Kicks nicht in der Lage ist, ein Produkt zu liefern, wird der K\u00e4ufer kontaktiert und erh\u00e4lt die M\u00f6glichkeit, den Kauf zu stornieren. Auch eine verz\u00f6gerte Lieferung kann angeboten werden.<\/p><p><strong>Qualit\u00e4t des Produkts <\/strong><\/p><ul><li>Aufgrund der Farbeinstellungen Ihres Computers oder Smartphones, k\u00f6nnen die Produktbilder von der Realit\u00e4t abweichen, Anthony&#8217;s Kicks ist nicht daf\u00fcr verantwortlich.<\/li><li>Wir pr\u00fcfen die Produkte gr\u00fcndlich, bevor sie verschickt werden. Bei M\u00e4ngeln senden Sie eine E-Mail mit Ihrer Bestellnummer und Fotos an <a href=\"mailto:support@anthonyskicks.com\">support@anthonyskicks.com<\/a> .<\/li><li>Anthony&#8217;s kicks liefert die Produkte immer im originalen (authentischen) Schuhkarton. W\u00e4hrend des Versands der Waren k\u00f6nnen wir nicht garantieren, dass die Schuhkartons unbesch\u00e4digt beim K\u00e4ufer ankommen. Anthony&#8217;s Kicks ist stets bem\u00fcht, die Schuhkartons in optimalem Zustand zu liefern. Mit Ihrer Bestellung akzeptieren Sie das Risiko, dass Schuhkartons besch\u00e4digt werden k\u00f6nnen. R\u00fccksendungen f\u00fcr zerbrochene oder besch\u00e4digte Kartons werden abgelehnt.<\/li><\/ul><p><strong>Kostenlose R\u00fccksendung<br \/><\/strong><\/p><p>Wir sind f\u00fcr Sie da, wenn Sie ein Produkt zur\u00fcckgeben oder umtauschen m\u00f6chten.<\/p><p>Nach Erhalt der Ware haben Sie das Recht, diese zu \u00f6ffnen und den Inhalt zu pr\u00fcfen. Sie haben 30 Tage Zeit, um Ihre Bestellung zur\u00fcckzusenden.<\/p><p>Bevor Sie das Produkt zur\u00fccksenden, vergewissern Sie sich bitte, dass der Artikel die folgenden Kriterien erf\u00fcllt:<\/p><ul><li>Die Schuhe sind in ungetragenem Zustand. Das bedeutet, dass die Schuhe keine Falten (Falten an der Toebox) und keinen Staub oder Schmutz auf den Schuhen haben.<\/li><li>Die Box ist in gutem Zustand<\/li><li>Alle Schilder (Fabrikschilder, zus\u00e4tzliche Schn\u00fcrsenkel, zus\u00e4tzliche Tickets und sonstiges mitgeliefertes Zubeh\u00f6r) m\u00fcssen am Produkt angebracht sein.<\/li><\/ul><p><strong>Wie kann ich zur\u00fcckkehren?<\/strong><\/p><ul><li>Bitte f\u00fcllen Sie das mitgelieferte R\u00fccksendeformular mit Ihrem Namen und Ihrer Bestellnummer aus und legen Sie es in den Schuhkarton<\/li><li>Legen Sie den Schuhkarton in einen Karton<\/li><li>Verschlie\u00dfen Sie den Karton mit Klebeband und kleben Sie das kostenlose R\u00fccksendeetikett auf den Karton<\/li><li>Bringen Sie Ihr Paket zur n\u00e4chstgelegenen DPD Filiale<\/li><\/ul><p>Auf pers\u00f6nlichen Wunsch gekaufte Artikel k\u00f6nnen nicht zur\u00fcckgegeben werden.<br \/>(Eine pers\u00f6nliche Anfrage liegt vor, wenn Sie Schuhe bestellen, die nicht im Webshop angeboten werden)<\/p><p>Wir empfehlen Ihnen, einen verfolgbaren Versanddienst zu w\u00e4hlen oder eine Versicherung f\u00fcr Ihre R\u00fccksendung abzuschlie\u00dfen. . Dann bewahren Sie den Versandnachweis auf.<\/p><p>Sobald Ihr Paket bei uns eingetroffen ist, wird Ihre R\u00fccksendung\/Ihr Umtausch von uns innerhalb von 3 bis 5 Werktagen bearbeitet. Sollte es l\u00e4nger als 5 Arbeitstage dauern, k\u00f6nnen Sie uns jederzeit eine E-Mail an <a href=\"mailto:info@anthonyskicks.com\">support@anthonyskicks.com<\/a> schicken, um ein Update zu erhalten.<\/p><p>Anthony&#8217;s Kicks ist <u>nicht<\/u> verantwortlich f\u00fcr den Verlust der Sendung, wir erstatten auch <u>nicht<\/u> Ihre Versandkosten.<\/p><p>*Unternehmen\/Wiederverk\u00e4ufer, die gewinnbringend bestellen, haben kein R\u00fcckgaberecht.<\/p><p><strong>Versand<\/strong><\/p><ul><li>Die Produkte werden an Werktagen von Montag bis Freitag versandt<\/li><li>Alle Produkte werden doppelt verpackt versandt<\/li><li>Die angegebenen Versandzeiten im Shop dienen nur als Anhaltspunkt, es k\u00f6nnen keine Rechte abgeleitet werden<\/li><li>Anthony&#8217;s Kicks ist <u>nicht<\/u> verantwortlich f\u00fcr die L\u00e4nge der Sendung<\/li><li>Anthony&#8217;s Kicks ist nicht verantwortlich f\u00fcr zus\u00e4tzliche Zollgeb\u00fchren und \/ oder die Mehrwertsteuer f\u00fcr die Lieferung au\u00dferhalb der EU<\/li><li>Anthony&#8217;s Kicks versendet nicht an DPD- und UPS-Abholstellen, um das Betrugsrisiko zu begrenzen. Der Kunde muss in der DPD-E-Mail eine Auswahl f\u00fcr die \u00c4nderung der Zustellung treffen. Wir sind <u>nicht<\/u> f\u00fcr den Verlust an diesen Sammelstellen verantwortlich.<\/li><\/ul><p><strong>Kosten f\u00fcr den Versand<br \/><\/strong>Kostenloser Standardversand f\u00fcr alle Sneaker innerhalb der Deutschland. Bestellungen innerhalb Deutschlands werden mit DPD versendet<br \/><strong><br \/>\u00d6sterreich:<br \/><\/strong>Versand &amp; Bearbeitung (DPD): 10\u20ac<\/p><p><strong>Deutschland:<br \/><\/strong>Versand &amp; Bearbeitung (DPD): kostenlos<\/p><p><strong>Rest von Europa:<br \/><\/strong>Versand &amp; Bearbeitung (DPD Home): 12\u20ac<\/p><p><strong>Fragen und Feedback<br \/><\/strong>Haben Sie Fragen oder ein Feedback f\u00fcr uns? Senden Sie eine E-Mail an <a href=\"mailto:support@anthonyskicks.com\">support@anthonyskicks.com<\/a><\/p><p><strong>Firmeninfo<br \/><\/strong>Der Webshop <a href=\"http:\/\/anthonyskicks.dev.lemon-solutions.net\/\">anthonyskicks.dev.lemon-solutions.net<\/a> und die registrierte Domain sind Eigentum von Anthony&#8217;s Kicks.<\/p><p>Anthony&#8217;s Kicks ist bei der Handelskammer der Niederlande registriert.<br \/><span style=\"font-size: 16px;\">CVC:<\/span> 88538362<\/p><p><span style=\"font-size: 16px;\"><br \/><\/span>Umsatzsteuer-Identifikationsnummer: NL864675707B01<\/p><p>Unsere Datenverarbeitungsvertr\u00e4ge bestehen mit den folgenden Parteien:<\/p><ul><li>WordPress (Hosting-Partner)<\/li><li>DPD (Versandpartner)<\/li><\/ul><p>\u00a0<\/p>\t\t\t\t\t\t<\/div>\n\t\t\t\t<\/div>\n\t\t\t\t\t<\/div>\n\t\t<\/div>\n\t\t\t\t\t\t\t<\/div>\n\t\t<\/section>\n\t\t\t\t\t\t\t<\/div>\n\t\t","protected":false},"excerpt":{"rendered":"<p>Allgemeine Gesch\u00e4ftsbedingungen Mit dem Absenden Ihrer Bestellung und der Zustimmung zu diesen Bedingungen gehen Sie einen verbindlichen Vertrag ein. ZahlungenDerzeit unterst\u00fctzt Anthony&#8217;s Kicks die folgenden Zahlungsarten:&#8211; Kreditkarte&#8211; PayPal&#8211; Giropay&#8211; Klarna sp\u00e4ter bezahlen&#8211; SOFORT Banking BestellungenAnthony&#8217;s Kicks beh\u00e4lt sich das Recht vor, eine Bestellung NICHT auszuliefern, wenn der Lagerbestand zum Zeitpunkt des Eingangs der Bestellung nicht &hellip;<\/p>\n<p class=\"read-more\"> <a class=\"\" href=\"https:\/\/anthonyskicks.dev.lemon-solutions.net\/de\/allgemeine-geschaeftsbedingungen\/\"> <span class=\"screen-reader-text\">Allgemeine Gesch\u00e4ftsbedingungen<\/span> Weiterlesen &raquo;<\/a><\/p>\n","protected":false},"author":1,"featured_media":0,"parent":0,"menu_order":0,"comment_status":"closed","ping_status":"closed","template":"","meta":{"site-sidebar-layout":"no-sidebar","site-content-layout":"page-builder","ast-global-header-display":"","ast-banner-title-visibility":"","ast-main-header-display":"","ast-hfb-above-header-display":"","ast-hfb-below-header-display":"","ast-hfb-mobile-header-display":"","site-post-title":"disabled","ast-breadcrumbs-content":"","ast-featured-img":"disabled","footer-sml-layout":"","theme-transparent-header-meta":"default","adv-header-id-meta":"","stick-header-meta":"","header-above-stick-meta":"","header-main-stick-meta":"","header-below-stick-meta":"","footnotes":""},"yoast_head":"<!-- This site is optimized with the Yoast SEO plugin v21.7 - https:\/\/yoast.com\/wordpress\/plugins\/seo\/ -->\n<title>Allgemeine Gesch\u00e4ftsbedingungen - Anthony&#039;s Kicks<\/title>\n<meta name=\"robots\" content=\"index, follow, max-snippet:-1, max-image-preview:large, max-video-preview:-1\" \/>\n<link rel=\"canonical\" href=\"https:\/\/anthonyskicks.dev.lemon-solutions.net\/de\/allgemeine-geschaeftsbedingungen\/\" \/>\n<meta property=\"og:locale\" content=\"de_DE\" \/>\n<meta property=\"og:type\" content=\"article\" \/>\n<meta property=\"og:title\" content=\"Allgemeine Gesch\u00e4ftsbedingungen - Anthony&#039;s Kicks\" \/>\n<meta property=\"og:description\" content=\"Allgemeine Gesch\u00e4ftsbedingungen Mit dem Absenden Ihrer Bestellung und der Zustimmung zu diesen Bedingungen gehen Sie einen verbindlichen Vertrag ein. ZahlungenDerzeit unterst\u00fctzt Anthony&#8217;s Kicks die folgenden Zahlungsarten:&#8211; Kreditkarte&#8211; PayPal&#8211; Giropay&#8211; Klarna sp\u00e4ter bezahlen&#8211; SOFORT Banking BestellungenAnthony&#8217;s Kicks beh\u00e4lt sich das Recht vor, eine Bestellung NICHT auszuliefern, wenn der Lagerbestand zum Zeitpunkt des Eingangs der Bestellung nicht &hellip; Allgemeine Gesch\u00e4ftsbedingungen Weiterlesen &raquo;\" \/>\n<meta property=\"og:url\" content=\"https:\/\/anthonyskicks.dev.lemon-solutions.net\/de\/allgemeine-geschaeftsbedingungen\/\" \/>\n<meta property=\"og:site_name\" content=\"Anthony&#039;s Kicks\" \/>\n<meta property=\"article:modified_time\" content=\"2023-05-12T12:58:40+00:00\" \/>\n<meta name=\"twitter:card\" content=\"summary_large_image\" \/>\n<meta name=\"twitter:label1\" content=\"Gesch\u00e4tzte Lesezeit\" \/>\n\t<meta name=\"twitter:data1\" content=\"4\u00a0Minuten\" \/>\n<script type=\"application\/ld+json\" class=\"yoast-schema-graph\">{\"@context\":\"https:\/\/schema.org\",\"@graph\":[{\"@type\":\"WebPage\",\"@id\":\"https:\/\/anthonyskicks.dev.lemon-solutions.net\/de\/allgemeine-geschaeftsbedingungen\/\",\"url\":\"https:\/\/anthonyskicks.dev.lemon-solutions.net\/de\/allgemeine-geschaeftsbedingungen\/\",\"name\":\"Allgemeine Gesch\u00e4ftsbedingungen - Anthony&#039;s Kicks\",\"isPartOf\":{\"@id\":\"https:\/\/www.anthonyskicks.com\/#website\"},\"datePublished\":\"2021-09-22T13:26:30+00:00\",\"dateModified\":\"2023-05-12T12:58:40+00:00\",\"breadcrumb\":{\"@id\":\"https:\/\/anthonyskicks.dev.lemon-solutions.net\/de\/allgemeine-geschaeftsbedingungen\/#breadcrumb\"},\"inLanguage\":\"de\",\"potentialAction\":[{\"@type\":\"ReadAction\",\"target\":[\"https:\/\/anthonyskicks.dev.lemon-solutions.net\/de\/allgemeine-geschaeftsbedingungen\/\"]}]},{\"@type\":\"BreadcrumbList\",\"@id\":\"https:\/\/anthonyskicks.dev.lemon-solutions.net\/de\/allgemeine-geschaeftsbedingungen\/#breadcrumb\",\"itemListElement\":[{\"@type\":\"ListItem\",\"position\":1,\"name\":\"Home\",\"item\":\"https:\/\/www.anthonyskicks.com\/de\/\"},{\"@type\":\"ListItem\",\"position\":2,\"name\":\"Allgemeine Gesch\u00e4ftsbedingungen\"}]},{\"@type\":\"WebSite\",\"@id\":\"https:\/\/www.anthonyskicks.com\/#website\",\"url\":\"https:\/\/www.anthonyskicks.com\/\",\"name\":\"Anthony&#039;s Kicks\",\"description\":\"Wij bieden de nieuwste sneakers aan\",\"publisher\":{\"@id\":\"https:\/\/www.anthonyskicks.com\/#organization\"},\"potentialAction\":[{\"@type\":\"SearchAction\",\"target\":{\"@type\":\"EntryPoint\",\"urlTemplate\":\"https:\/\/www.anthonyskicks.com\/?s={search_term_string}\"},\"query-input\":\"required name=search_term_string\"}],\"inLanguage\":\"de\"},{\"@type\":\"Organization\",\"@id\":\"https:\/\/www.anthonyskicks.com\/#organization\",\"name\":\"Anthony&#039;s Kicks\",\"url\":\"https:\/\/www.anthonyskicks.com\/\",\"logo\":{\"@type\":\"ImageObject\",\"inLanguage\":\"de\",\"@id\":\"https:\/\/www.anthonyskicks.com\/#\/schema\/logo\/image\/\",\"url\":\"https:\/\/anthonyskicks.dev.lemon-solutions.net\/wp-content\/uploads\/2020\/07\/cropped-logo_AK_wit_2.jpg\",\"contentUrl\":\"https:\/\/anthonyskicks.dev.lemon-solutions.net\/wp-content\/uploads\/2020\/07\/cropped-logo_AK_wit_2.jpg\",\"width\":371,\"height\":355,\"caption\":\"Anthony&#039;s Kicks\"},\"image\":{\"@id\":\"https:\/\/www.anthonyskicks.com\/#\/schema\/logo\/image\/\"}}]}<\/script>\n<!-- \/ Yoast SEO plugin. -->","yoast_head_json":{"title":"Allgemeine Gesch\u00e4ftsbedingungen - Anthony&#039;s Kicks","robots":{"index":"index","follow":"follow","max-snippet":"max-snippet:-1","max-image-preview":"max-image-preview:large","max-video-preview":"max-video-preview:-1"},"canonical":"https:\/\/anthonyskicks.dev.lemon-solutions.net\/de\/allgemeine-geschaeftsbedingungen\/","og_locale":"de_DE","og_type":"article","og_title":"Allgemeine Gesch\u00e4ftsbedingungen - Anthony&#039;s Kicks","og_description":"Allgemeine Gesch\u00e4ftsbedingungen Mit dem Absenden Ihrer Bestellung und der Zustimmung zu diesen Bedingungen gehen Sie einen verbindlichen Vertrag ein. ZahlungenDerzeit unterst\u00fctzt Anthony&#8217;s Kicks die folgenden Zahlungsarten:&#8211; Kreditkarte&#8211; PayPal&#8211; Giropay&#8211; Klarna sp\u00e4ter bezahlen&#8211; SOFORT Banking BestellungenAnthony&#8217;s Kicks beh\u00e4lt sich das Recht vor, eine Bestellung NICHT auszuliefern, wenn der Lagerbestand zum Zeitpunkt des Eingangs der Bestellung nicht &hellip; Allgemeine Gesch\u00e4ftsbedingungen Weiterlesen &raquo;","og_url":"https:\/\/anthonyskicks.dev.lemon-solutions.net\/de\/allgemeine-geschaeftsbedingungen\/","og_site_name":"Anthony&#039;s Kicks","article_modified_time":"2023-05-12T12:58:40+00:00","twitter_card":"summary_large_image","twitter_misc":{"Gesch\u00e4tzte Lesezeit":"4\u00a0Minuten"},"schema":{"@context":"https:\/\/schema.org","@graph":[{"@type":"WebPage","@id":"https:\/\/anthonyskicks.dev.lemon-solutions.net\/de\/allgemeine-geschaeftsbedingungen\/","url":"https:\/\/anthonyskicks.dev.lemon-solutions.net\/de\/allgemeine-geschaeftsbedingungen\/","name":"Allgemeine Gesch\u00e4ftsbedingungen - Anthony&#039;s Kicks","isPartOf":{"@id":"https:\/\/www.anthonyskicks.com\/#website"},"datePublished":"2021-09-22T13:26:30+00:00","dateModified":"2023-05-12T12:58:40+00:00","breadcrumb":{"@id":"https:\/\/anthonyskicks.dev.lemon-solutions.net\/de\/allgemeine-geschaeftsbedingungen\/#breadcrumb"},"inLanguage":"de","potentialAction":[{"@type":"ReadAction","target":["https:\/\/anthonyskicks.dev.lemon-solutions.net\/de\/allgemeine-geschaeftsbedingungen\/"]}]},{"@type":"BreadcrumbList","@id":"https:\/\/anthonyskicks.dev.lemon-solutions.net\/de\/allgemeine-geschaeftsbedingungen\/#breadcrumb","itemListElement":[{"@type":"ListItem","position":1,"name":"Home","item":"https:\/\/www.anthonyskicks.com\/de\/"},{"@type":"ListItem","position":2,"name":"Allgemeine Gesch\u00e4ftsbedingungen"}]},{"@type":"WebSite","@id":"https:\/\/www.anthonyskicks.com\/#website","url":"https:\/\/www.anthonyskicks.com\/","name":"Anthony&#039;s Kicks","description":"Wij bieden de nieuwste sneakers aan","publisher":{"@id":"https:\/\/www.anthonyskicks.com\/#organization"},"potentialAction":[{"@type":"SearchAction","target":{"@type":"EntryPoint","urlTemplate":"https:\/\/www.anthonyskicks.com\/?s={search_term_string}"},"query-input":"required name=search_term_string"}],"inLanguage":"de"},{"@type":"Organization","@id":"https:\/\/www.anthonyskicks.com\/#organization","name":"Anthony&#039;s Kicks","url":"https:\/\/www.anthonyskicks.com\/","logo":{"@type":"ImageObject","inLanguage":"de","@id":"https:\/\/www.anthonyskicks.com\/#\/schema\/logo\/image\/","url":"https:\/\/anthonyskicks.dev.lemon-solutions.net\/wp-content\/uploads\/2020\/07\/cropped-logo_AK_wit_2.jpg","contentUrl":"https:\/\/anthonyskicks.dev.lemon-solutions.net\/wp-content\/uploads\/2020\/07\/cropped-logo_AK_wit_2.jpg","width":371,"height":355,"caption":"Anthony&#039;s Kicks"},"image":{"@id":"https:\/\/www.anthonyskicks.com\/#\/schema\/logo\/image\/"}}]}},"jetpack_sharing_enabled":true,"_links":{"self":[{"href":"https:\/\/anthonyskicks.dev.lemon-solutions.net\/de\/wp-json\/wp\/v2\/pages\/12866"}],"collection":[{"href":"https:\/\/anthonyskicks.dev.lemon-solutions.net\/de\/wp-json\/wp\/v2\/pages"}],"about":[{"href":"https:\/\/anthonyskicks.dev.lemon-solutions.net\/de\/wp-json\/wp\/v2\/types\/page"}],"author":[{"embeddable":true,"href":"https:\/\/anthonyskicks.dev.lemon-solutions.net\/de\/wp-json\/wp\/v2\/users\/1"}],"replies":[{"embeddable":true,"href":"https:\/\/anthonyskicks.dev.lemon-solutions.net\/de\/wp-json\/wp\/v2\/comments?post=12866"}],"version-history":[{"count":0,"href":"https:\/\/anthonyskicks.dev.lemon-solutions.net\/de\/wp-json\/wp\/v2\/pages\/12866\/revisions"}],"wp:attachment":[{"href":"https:\/\/anthonyskicks.dev.lemon-solutions.net\/de\/wp-json\/wp\/v2\/media?parent=12866"}],"curies":[{"name":"wp","href":"https:\/\/api.w.org\/{rel}","templated":true}]}}