{"id":33365,"date":"2022-11-30T11:39:36","date_gmt":"2022-11-30T10:39:36","guid":{"rendered":"https:\/\/anthonyskicks.dev.lemon-solutions.net\/faq\/"},"modified":"2022-11-30T11:39:36","modified_gmt":"2022-11-30T10:39:36","slug":"faq","status":"publish","type":"page","link":"https:\/\/anthonyskicks.dev.lemon-solutions.net\/de\/faq\/","title":{"rendered":"FAQ"},"content":{"rendered":"\t\t<div data-elementor-type=\"wp-page\" data-elementor-id=\"33365\" class=\"elementor elementor-33365 elementor-943\" data-elementor-post-type=\"page\">\n\t\t\t\t\t\t\t\t\t<section class=\"elementor-section elementor-top-section elementor-element elementor-element-a18e3a9 elementor-section-boxed elementor-section-height-default elementor-section-height-default\" data-id=\"a18e3a9\" data-element_type=\"section\">\n\t\t\t\t\t\t<div class=\"elementor-container elementor-column-gap-default\">\n\t\t\t\t\t<div class=\"elementor-column elementor-col-100 elementor-top-column elementor-element elementor-element-44660c8\" data-id=\"44660c8\" data-element_type=\"column\">\n\t\t\t<div class=\"elementor-widget-wrap elementor-element-populated\">\n\t\t\t\t\t\t\t\t<div class=\"elementor-element elementor-element-5bd2127 elementor-widget elementor-widget-heading\" data-id=\"5bd2127\" data-element_type=\"widget\" data-widget_type=\"heading.default\">\n\t\t\t\t<div class=\"elementor-widget-container\">\n\t\t\t<h2 class=\"elementor-heading-title elementor-size-default\">FAQ - H\u00e4ufig gestellte Fragen<\/h2>\t\t<\/div>\n\t\t\t\t<\/div>\n\t\t\t\t\t<\/div>\n\t\t<\/div>\n\t\t\t\t\t\t\t<\/div>\n\t\t<\/section>\n\t\t\t\t<section class=\"elementor-section elementor-top-section elementor-element elementor-element-77aa51f elementor-section-boxed elementor-section-height-default elementor-section-height-default\" data-id=\"77aa51f\" data-element_type=\"section\">\n\t\t\t\t\t\t<div class=\"elementor-container elementor-column-gap-default\">\n\t\t\t\t\t<div class=\"elementor-column elementor-col-100 elementor-top-column elementor-element elementor-element-71c5ad8\" data-id=\"71c5ad8\" data-element_type=\"column\">\n\t\t\t<div class=\"elementor-widget-wrap elementor-element-populated\">\n\t\t\t\t\t\t\t\t<div class=\"elementor-element elementor-element-fc29dc9 elementor-widget elementor-widget-text-editor\" data-id=\"fc29dc9\" data-element_type=\"widget\" data-widget_type=\"text-editor.default\">\n\t\t\t\t<div class=\"elementor-widget-container\">\n\t\t\t\t\t\t\t<p><b>Sind unsere Turnschuhe 100 % authentisch?<br><\/b><span style=\"font-weight: 400;\">Ja, alle unsere Turnschuhe werden vorab auf Echtheit gepr\u00fcft, bevor wir siespan,&nbsp;<\/span><span style=\"font-weight: 400;\">an Sie senden, sodass diese Turnschuhe immer 100 % authentisch und ungetragen sind.<\/span><\/p>\n<p><b>Wieso sind die Schuhe teurer als im Laden?<br><\/b><span style=\"font-weight: 400;\">Dies liegt daran, dass die von uns verkauften Schuhe sehr begrenzt sind, sodass diese Schuhe oft sofort ausverkauft sind. Wir sorgen daf\u00fcr, dass Ihre Turnschuhe einfach \u00fcber unsere Website zu bestellen sind.&nbsp;<\/span><\/p>\n<p><b>Akzeptieren Sie R\u00fccksendungen?&nbsp;<br><\/b><span style=\"font-weight: 400;\">Ja, wir akzeptieren R\u00fccksendungen. Auf diese Weise k\u00f6nnen Sie sich die Schuhe selbst in echt ansehen, bevor Sie sich entscheiden, ob Sie die Schuhe behalten m\u00f6chten. F\u00fcr unsere R\u00fcckgaberichtlinien besuchen Sie bitte die Seite &#8222;R\u00fcckgaberichtlinien&#8220;, die die Bedingungen und Schritte f\u00fcr die R\u00fcckgabe enth\u00e4lt.&nbsp;<\/span><\/p>\n<p><b>Bist du zuverl\u00e4ssig?&nbsp;<br><\/b><span style=\"font-weight: 400;\">Es ist nat\u00fcrlich, dass Sie Fragen haben, wenn Sie eine Online-Bestellung aufgeben. Sind die Schuhe authentisch? Werde ich nicht betrogen? Fr\u00fcher haben wir viel auf Facebook, Instagram, Marktplatz und WhatsApp-Gruppen verkauft. Wir haben auch einige <span style=\"text-decoration: underline;\"><a href=\"https:\/\/www.trustpilot.com\/review\/anthonyskicks.com\">Trustpilot-Bewertungen<\/a><\/span> gesammelt. So viele Leute waren dir schon voraus. Wir sind auch bei der Handelskammer registriert, was notwendig ist, um ein legitimes Unternehmen in den Niederlanden zu gr\u00fcnden.<\/span><\/p>\n<p><b>Kann ich bei Ihnen nur online bestellen?<br><\/b><span style=\"font-weight: 400;\">Ja, Sie k\u00f6nnen bei uns nur online bestellen, aber wir k\u00f6nnen die Schuhe pers\u00f6nlich in die Region Purmerend bringen, dazu werden wir Sie selbst kontaktieren, wenn eine Bestellung aufgegeben wurde, die hier eintrifft.&nbsp;<\/span><\/p>\n<p><b>Versenden Sie \u00fcberall auf der Welt?<br><\/b><span style=\"font-weight: 400;\">Im Moment versenden wir in die Niederlande, Belgien, Deutschland, Frankreich und \u00d6sterreich. Wenn Sie sich au\u00dferhalb dieser Region befinden, k\u00f6nnen Sie uns eine Nachricht auf Instagram senden.<\/span><\/p>\n<p><b>Was ist die Lieferzeit Ihrer Produkte?<br><\/b><span style=\"font-weight: 400;\">die schuhe, die auf lager sind, werden innerhalb von 24 stunden versendet, schuhe, die nicht auf lager sind, brauchen oft 2 bis 10 arbeitstage.&nbsp;<\/span><\/p>\n<p><b>welches Versandunternehmen verwenden Sie?<\/b><b><br><\/b><span style=\"font-weight: 400;\">Wir arbeiten mit dem Versandunternehmen Postnl zusammen, f\u00fcr Bestellungen ins Ausland verwenden wir das Postunternehmen DPD.<\/span><\/p>\t\t\t\t\t\t<\/div>\n\t\t\t\t<\/div>\n\t\t\t\t\t<\/div>\n\t\t<\/div>\n\t\t\t\t\t\t\t<\/div>\n\t\t<\/section>\n\t\t\t\t\t\t\t<\/div>\n\t\t","protected":false},"excerpt":{"rendered":"<p>FAQ &#8211; H\u00e4ufig gestellte Fragen Sind unsere Turnschuhe 100 % authentisch?Ja, alle unsere Turnschuhe werden vorab auf Echtheit gepr\u00fcft, bevor wir siespan,&nbsp;an Sie senden, sodass diese Turnschuhe immer 100 % authentisch und ungetragen sind. Wieso sind die Schuhe teurer als im Laden?Dies liegt daran, dass die von uns verkauften Schuhe sehr begrenzt sind, sodass diese &hellip;<\/p>\n<p class=\"read-more\"> <a class=\"\" href=\"https:\/\/anthonyskicks.dev.lemon-solutions.net\/de\/faq\/\"> <span class=\"screen-reader-text\">FAQ<\/span> Weiterlesen &raquo;<\/a><\/p>\n","protected":false},"author":1,"featured_media":0,"parent":0,"menu_order":0,"comment_status":"closed","ping_status":"closed","template":"","meta":{"site-sidebar-layout":"no-sidebar","site-content-layout":"page-builder","ast-global-header-display":"","ast-banner-title-visibility":"","ast-main-header-display":"","ast-hfb-above-header-display":"","ast-hfb-below-header-display":"","ast-hfb-mobile-header-display":"","site-post-title":"disabled","ast-breadcrumbs-content":"","ast-featured-img":"disabled","footer-sml-layout":"","theme-transparent-header-meta":"default","adv-header-id-meta":"","stick-header-meta":"","header-above-stick-meta":"","header-main-stick-meta":"","header-below-stick-meta":"","footnotes":""},"yoast_head":"<!-- This site is optimized with the Yoast SEO plugin v21.7 - https:\/\/yoast.com\/wordpress\/plugins\/seo\/ -->\n<title>FAQ - Anthony&#039;s Kicks<\/title>\n<meta name=\"robots\" content=\"index, follow, max-snippet:-1, max-image-preview:large, max-video-preview:-1\" \/>\n<link rel=\"canonical\" href=\"https:\/\/anthonyskicks.dev.lemon-solutions.net\/de\/faq\/\" \/>\n<meta property=\"og:locale\" content=\"de_DE\" \/>\n<meta property=\"og:type\" content=\"article\" \/>\n<meta property=\"og:title\" content=\"FAQ - Anthony&#039;s Kicks\" \/>\n<meta property=\"og:description\" content=\"FAQ &#8211; H\u00e4ufig gestellte Fragen Sind unsere Turnschuhe 100 % authentisch?Ja, alle unsere Turnschuhe werden vorab auf Echtheit gepr\u00fcft, bevor wir siespan,&nbsp;an Sie senden, sodass diese Turnschuhe immer 100 % authentisch und ungetragen sind. Wieso sind die Schuhe teurer als im Laden?Dies liegt daran, dass die von uns verkauften Schuhe sehr begrenzt sind, sodass diese &hellip; FAQ Weiterlesen &raquo;\" \/>\n<meta property=\"og:url\" content=\"https:\/\/anthonyskicks.dev.lemon-solutions.net\/de\/faq\/\" \/>\n<meta property=\"og:site_name\" content=\"Anthony&#039;s Kicks\" \/>\n<meta name=\"twitter:card\" content=\"summary_large_image\" \/>\n<meta name=\"twitter:label1\" content=\"Gesch\u00e4tzte Lesezeit\" \/>\n\t<meta name=\"twitter:data1\" content=\"2\u00a0Minuten\" \/>\n<script type=\"application\/ld+json\" class=\"yoast-schema-graph\">{\"@context\":\"https:\/\/schema.org\",\"@graph\":[{\"@type\":\"WebPage\",\"@id\":\"https:\/\/anthonyskicks.dev.lemon-solutions.net\/de\/faq\/\",\"url\":\"https:\/\/anthonyskicks.dev.lemon-solutions.net\/de\/faq\/\",\"name\":\"FAQ - Anthony&#039;s Kicks\",\"isPartOf\":{\"@id\":\"https:\/\/www.anthonyskicks.com\/#website\"},\"datePublished\":\"2022-11-30T10:39:36+00:00\",\"dateModified\":\"2022-11-30T10:39:36+00:00\",\"breadcrumb\":{\"@id\":\"https:\/\/anthonyskicks.dev.lemon-solutions.net\/de\/faq\/#breadcrumb\"},\"inLanguage\":\"de\",\"potentialAction\":[{\"@type\":\"ReadAction\",\"target\":[\"https:\/\/anthonyskicks.dev.lemon-solutions.net\/de\/faq\/\"]}]},{\"@type\":\"BreadcrumbList\",\"@id\":\"https:\/\/anthonyskicks.dev.lemon-solutions.net\/de\/faq\/#breadcrumb\",\"itemListElement\":[{\"@type\":\"ListItem\",\"position\":1,\"name\":\"Home\",\"item\":\"https:\/\/www.anthonyskicks.com\/de\/\"},{\"@type\":\"ListItem\",\"position\":2,\"name\":\"FAQ\"}]},{\"@type\":\"WebSite\",\"@id\":\"https:\/\/www.anthonyskicks.com\/#website\",\"url\":\"https:\/\/www.anthonyskicks.com\/\",\"name\":\"Anthony&#039;s Kicks\",\"description\":\"Wij bieden de nieuwste sneakers aan\",\"publisher\":{\"@id\":\"https:\/\/www.anthonyskicks.com\/#organization\"},\"potentialAction\":[{\"@type\":\"SearchAction\",\"target\":{\"@type\":\"EntryPoint\",\"urlTemplate\":\"https:\/\/www.anthonyskicks.com\/?s={search_term_string}\"},\"query-input\":\"required name=search_term_string\"}],\"inLanguage\":\"de\"},{\"@type\":\"Organization\",\"@id\":\"https:\/\/www.anthonyskicks.com\/#organization\",\"name\":\"Anthony&#039;s Kicks\",\"url\":\"https:\/\/www.anthonyskicks.com\/\",\"logo\":{\"@type\":\"ImageObject\",\"inLanguage\":\"de\",\"@id\":\"https:\/\/www.anthonyskicks.com\/#\/schema\/logo\/image\/\",\"url\":\"https:\/\/anthonyskicks.dev.lemon-solutions.net\/wp-content\/uploads\/2020\/07\/cropped-logo_AK_wit_2.jpg\",\"contentUrl\":\"https:\/\/anthonyskicks.dev.lemon-solutions.net\/wp-content\/uploads\/2020\/07\/cropped-logo_AK_wit_2.jpg\",\"width\":371,\"height\":355,\"caption\":\"Anthony&#039;s Kicks\"},\"image\":{\"@id\":\"https:\/\/www.anthonyskicks.com\/#\/schema\/logo\/image\/\"}}]}<\/script>\n<!-- \/ Yoast SEO plugin. -->","yoast_head_json":{"title":"FAQ - Anthony&#039;s Kicks","robots":{"index":"index","follow":"follow","max-snippet":"max-snippet:-1","max-image-preview":"max-image-preview:large","max-video-preview":"max-video-preview:-1"},"canonical":"https:\/\/anthonyskicks.dev.lemon-solutions.net\/de\/faq\/","og_locale":"de_DE","og_type":"article","og_title":"FAQ - Anthony&#039;s Kicks","og_description":"FAQ &#8211; H\u00e4ufig gestellte Fragen Sind unsere Turnschuhe 100 % authentisch?Ja, alle unsere Turnschuhe werden vorab auf Echtheit gepr\u00fcft, bevor wir siespan,&nbsp;an Sie senden, sodass diese Turnschuhe immer 100 % authentisch und ungetragen sind. Wieso sind die Schuhe teurer als im Laden?Dies liegt daran, dass die von uns verkauften Schuhe sehr begrenzt sind, sodass diese &hellip; FAQ Weiterlesen &raquo;","og_url":"https:\/\/anthonyskicks.dev.lemon-solutions.net\/de\/faq\/","og_site_name":"Anthony&#039;s Kicks","twitter_card":"summary_large_image","twitter_misc":{"Gesch\u00e4tzte Lesezeit":"2\u00a0Minuten"},"schema":{"@context":"https:\/\/schema.org","@graph":[{"@type":"WebPage","@id":"https:\/\/anthonyskicks.dev.lemon-solutions.net\/de\/faq\/","url":"https:\/\/anthonyskicks.dev.lemon-solutions.net\/de\/faq\/","name":"FAQ - Anthony&#039;s Kicks","isPartOf":{"@id":"https:\/\/www.anthonyskicks.com\/#website"},"datePublished":"2022-11-30T10:39:36+00:00","dateModified":"2022-11-30T10:39:36+00:00","breadcrumb":{"@id":"https:\/\/anthonyskicks.dev.lemon-solutions.net\/de\/faq\/#breadcrumb"},"inLanguage":"de","potentialAction":[{"@type":"ReadAction","target":["https:\/\/anthonyskicks.dev.lemon-solutions.net\/de\/faq\/"]}]},{"@type":"BreadcrumbList","@id":"https:\/\/anthonyskicks.dev.lemon-solutions.net\/de\/faq\/#breadcrumb","itemListElement":[{"@type":"ListItem","position":1,"name":"Home","item":"https:\/\/www.anthonyskicks.com\/de\/"},{"@type":"ListItem","position":2,"name":"FAQ"}]},{"@type":"WebSite","@id":"https:\/\/www.anthonyskicks.com\/#website","url":"https:\/\/www.anthonyskicks.com\/","name":"Anthony&#039;s Kicks","description":"Wij bieden de nieuwste sneakers aan","publisher":{"@id":"https:\/\/www.anthonyskicks.com\/#organization"},"potentialAction":[{"@type":"SearchAction","target":{"@type":"EntryPoint","urlTemplate":"https:\/\/www.anthonyskicks.com\/?s={search_term_string}"},"query-input":"required name=search_term_string"}],"inLanguage":"de"},{"@type":"Organization","@id":"https:\/\/www.anthonyskicks.com\/#organization","name":"Anthony&#039;s Kicks","url":"https:\/\/www.anthonyskicks.com\/","logo":{"@type":"ImageObject","inLanguage":"de","@id":"https:\/\/www.anthonyskicks.com\/#\/schema\/logo\/image\/","url":"https:\/\/anthonyskicks.dev.lemon-solutions.net\/wp-content\/uploads\/2020\/07\/cropped-logo_AK_wit_2.jpg","contentUrl":"https:\/\/anthonyskicks.dev.lemon-solutions.net\/wp-content\/uploads\/2020\/07\/cropped-logo_AK_wit_2.jpg","width":371,"height":355,"caption":"Anthony&#039;s Kicks"},"image":{"@id":"https:\/\/www.anthonyskicks.com\/#\/schema\/logo\/image\/"}}]}},"jetpack_sharing_enabled":true,"_links":{"self":[{"href":"https:\/\/anthonyskicks.dev.lemon-solutions.net\/de\/wp-json\/wp\/v2\/pages\/33365"}],"collection":[{"href":"https:\/\/anthonyskicks.dev.lemon-solutions.net\/de\/wp-json\/wp\/v2\/pages"}],"about":[{"href":"https:\/\/anthonyskicks.dev.lemon-solutions.net\/de\/wp-json\/wp\/v2\/types\/page"}],"author":[{"embeddable":true,"href":"https:\/\/anthonyskicks.dev.lemon-solutions.net\/de\/wp-json\/wp\/v2\/users\/1"}],"replies":[{"embeddable":true,"href":"https:\/\/anthonyskicks.dev.lemon-solutions.net\/de\/wp-json\/wp\/v2\/comments?post=33365"}],"version-history":[{"count":0,"href":"https:\/\/anthonyskicks.dev.lemon-solutions.net\/de\/wp-json\/wp\/v2\/pages\/33365\/revisions"}],"wp:attachment":[{"href":"https:\/\/anthonyskicks.dev.lemon-solutions.net\/de\/wp-json\/wp\/v2\/media?parent=33365"}],"curies":[{"name":"wp","href":"https:\/\/api.w.org\/{rel}","templated":true}]}}