{"id":46155,"date":"2023-03-27T12:14:18","date_gmt":"2023-03-27T11:14:23","guid":{"rendered":"https:\/\/anthonyskicks.dev.lemon-solutions.net\/?post_type=product&#038;p=46155"},"modified":"2023-12-29T10:39:38","modified_gmt":"2023-12-29T09:39:38","slug":"jordan-4-retro-pine-green-x-nike-sb","status":"publish","type":"product","link":"https:\/\/anthonyskicks.dev.lemon-solutions.net\/de\/produkt\/jordan-4-retro-pine-green-x-nike-sb\/","title":{"rendered":"Jordan 4 Retro Pine Green x Nike SB"},"content":{"rendered":"","protected":false},"excerpt":{"rendered":"<ul>\n<li>Diese schuhe sind <strong>brandneu<\/strong> und <strong>ungetragen<\/strong>.<\/li>\n<li>Wird mit dem Originalkarton geliefert.<\/li>\n<li>Dieses Produkt ist 100% <strong>authentisch<\/strong>.<\/li>\n<li><strong>Kostenloser<\/strong> Versand innerhalb Deutschlands<\/li>\n<li>Sie sind sich nicht sicher \u00fcber Ihre Gr\u00f6\u00dfe? Dann w\u00fcrden wir Ihnen raten, eine halbe Nummer gr\u00f6\u00dfer zu nehmen.<\/li>\n<\/ul>\n","protected":false},"featured_media":46238,"template":"","meta":{"site-sidebar-layout":"default","site-content-layout":"default","ast-global-header-display":"","ast-banner-title-visibility":"","ast-main-header-display":"","ast-hfb-above-header-display":"","ast-hfb-below-header-display":"","ast-hfb-mobile-header-display":"","site-post-title":"","ast-breadcrumbs-content":"","ast-featured-img":"","footer-sml-layout":"","theme-transparent-header-meta":"default","adv-header-id-meta":"","stick-header-meta":"","header-above-stick-meta":"","header-main-stick-meta":"","header-below-stick-meta":""},"product_cat":[80,83,84],"product_tag":[],"yoast_head":"<!-- This site is optimized with the Yoast SEO plugin v21.7 - https:\/\/yoast.com\/wordpress\/plugins\/seo\/ -->\n<title>Jordan 4 Retro Pine Green x Nike SB - Anthony&#039;s Kicks<\/title>\n<meta name=\"robots\" content=\"index, follow, max-snippet:-1, max-image-preview:large, max-video-preview:-1\" \/>\n<link rel=\"canonical\" href=\"https:\/\/anthonyskicks.dev.lemon-solutions.net\/de\/produkt\/jordan-4-retro-pine-green-x-nike-sb\/\" \/>\n<meta property=\"og:locale\" content=\"de_DE\" \/>\n<meta property=\"og:type\" content=\"article\" \/>\n<meta property=\"og:title\" content=\"Jordan 4 Retro Pine Green x Nike SB - Anthony&#039;s Kicks\" \/>\n<meta property=\"og:description\" content=\"Diese schuhe sind brandneu und ungetragen.  Wird mit dem Originalkarton geliefert.  Dieses Produkt ist 100% authentisch.  Kostenloser Versand innerhalb Deutschlands  Sie sind sich nicht sicher \u00fcber Ihre Gr\u00f6\u00dfe? Dann w\u00fcrden wir Ihnen raten, eine halbe Nummer gr\u00f6\u00dfer zu nehmen.\" \/>\n<meta property=\"og:url\" content=\"https:\/\/anthonyskicks.dev.lemon-solutions.net\/de\/produkt\/jordan-4-retro-pine-green-x-nike-sb\/\" \/>\n<meta property=\"og:site_name\" content=\"Anthony&#039;s Kicks\" \/>\n<meta property=\"article:modified_time\" content=\"2023-12-29T09:39:38+00:00\" \/>\n<meta property=\"og:image\" content=\"https:\/\/www.anthonyskicks.com\/wp-content\/uploads\/2023\/03\/sb-j4-r.png\" \/>\n\t<meta property=\"og:image:width\" content=\"800\" \/>\n\t<meta property=\"og:image:height\" content=\"800\" \/>\n\t<meta property=\"og:image:type\" content=\"image\/png\" \/>\n<meta name=\"twitter:card\" content=\"summary_large_image\" \/>\n<script type=\"application\/ld+json\" class=\"yoast-schema-graph\">{\"@context\":\"https:\/\/schema.org\",\"@graph\":[{\"@type\":\"WebPage\",\"@id\":\"https:\/\/anthonyskicks.dev.lemon-solutions.net\/de\/produkt\/jordan-4-retro-pine-green-x-nike-sb\/\",\"url\":\"https:\/\/anthonyskicks.dev.lemon-solutions.net\/de\/produkt\/jordan-4-retro-pine-green-x-nike-sb\/\",\"name\":\"Jordan 4 Retro Pine Green x Nike SB - Anthony&#039;s Kicks\",\"isPartOf\":{\"@id\":\"https:\/\/www.anthonyskicks.com\/#website\"},\"datePublished\":\"2023-03-27T11:14:23+00:00\",\"dateModified\":\"2023-12-29T09:39:38+00:00\",\"breadcrumb\":{\"@id\":\"https:\/\/anthonyskicks.dev.lemon-solutions.net\/de\/produkt\/jordan-4-retro-pine-green-x-nike-sb\/#breadcrumb\"},\"inLanguage\":\"de\",\"potentialAction\":[{\"@type\":\"ReadAction\",\"target\":[\"https:\/\/anthonyskicks.dev.lemon-solutions.net\/de\/produkt\/jordan-4-retro-pine-green-x-nike-sb\/\"]}]},{\"@type\":\"BreadcrumbList\",\"@id\":\"https:\/\/anthonyskicks.dev.lemon-solutions.net\/de\/produkt\/jordan-4-retro-pine-green-x-nike-sb\/#breadcrumb\",\"itemListElement\":[{\"@type\":\"ListItem\",\"position\":1,\"name\":\"Home\",\"item\":\"https:\/\/www.anthonyskicks.com\/de\/\"},{\"@type\":\"ListItem\",\"position\":2,\"name\":\"Jordan 4 Retro Pine Green x Nike SB\"}]},{\"@type\":\"WebSite\",\"@id\":\"https:\/\/www.anthonyskicks.com\/#website\",\"url\":\"https:\/\/www.anthonyskicks.com\/\",\"name\":\"Anthony&#039;s Kicks\",\"description\":\"Wij bieden de nieuwste sneakers aan\",\"publisher\":{\"@id\":\"https:\/\/www.anthonyskicks.com\/#organization\"},\"potentialAction\":[{\"@type\":\"SearchAction\",\"target\":{\"@type\":\"EntryPoint\",\"urlTemplate\":\"https:\/\/www.anthonyskicks.com\/?s={search_term_string}\"},\"query-input\":\"required name=search_term_string\"}],\"inLanguage\":\"de\"},{\"@type\":\"Organization\",\"@id\":\"https:\/\/www.anthonyskicks.com\/#organization\",\"name\":\"Anthony&#039;s Kicks\",\"url\":\"https:\/\/www.anthonyskicks.com\/\",\"logo\":{\"@type\":\"ImageObject\",\"inLanguage\":\"de\",\"@id\":\"https:\/\/www.anthonyskicks.com\/#\/schema\/logo\/image\/\",\"url\":\"https:\/\/anthonyskicks.dev.lemon-solutions.net\/wp-content\/uploads\/2020\/07\/cropped-logo_AK_wit_2.jpg\",\"contentUrl\":\"https:\/\/anthonyskicks.dev.lemon-solutions.net\/wp-content\/uploads\/2020\/07\/cropped-logo_AK_wit_2.jpg\",\"width\":371,\"height\":355,\"caption\":\"Anthony&#039;s Kicks\"},\"image\":{\"@id\":\"https:\/\/www.anthonyskicks.com\/#\/schema\/logo\/image\/\"}}]}<\/script>\n<!-- \/ Yoast SEO plugin. -->","yoast_head_json":{"title":"Jordan 4 Retro Pine Green x Nike SB - Anthony&#039;s Kicks","robots":{"index":"index","follow":"follow","max-snippet":"max-snippet:-1","max-image-preview":"max-image-preview:large","max-video-preview":"max-video-preview:-1"},"canonical":"https:\/\/anthonyskicks.dev.lemon-solutions.net\/de\/produkt\/jordan-4-retro-pine-green-x-nike-sb\/","og_locale":"de_DE","og_type":"article","og_title":"Jordan 4 Retro Pine Green x Nike SB - Anthony&#039;s Kicks","og_description":"Diese schuhe sind brandneu und ungetragen.  Wird mit dem Originalkarton geliefert.  Dieses Produkt ist 100% authentisch.  Kostenloser Versand innerhalb Deutschlands  Sie sind sich nicht sicher \u00fcber Ihre Gr\u00f6\u00dfe? Dann w\u00fcrden wir Ihnen raten, eine halbe Nummer gr\u00f6\u00dfer zu nehmen.","og_url":"https:\/\/anthonyskicks.dev.lemon-solutions.net\/de\/produkt\/jordan-4-retro-pine-green-x-nike-sb\/","og_site_name":"Anthony&#039;s Kicks","article_modified_time":"2023-12-29T09:39:38+00:00","og_image":[{"width":800,"height":800,"url":"https:\/\/www.anthonyskicks.com\/wp-content\/uploads\/2023\/03\/sb-j4-r.png","type":"image\/png"}],"twitter_card":"summary_large_image","schema":{"@context":"https:\/\/schema.org","@graph":[{"@type":"WebPage","@id":"https:\/\/anthonyskicks.dev.lemon-solutions.net\/de\/produkt\/jordan-4-retro-pine-green-x-nike-sb\/","url":"https:\/\/anthonyskicks.dev.lemon-solutions.net\/de\/produkt\/jordan-4-retro-pine-green-x-nike-sb\/","name":"Jordan 4 Retro Pine Green x Nike SB - Anthony&#039;s Kicks","isPartOf":{"@id":"https:\/\/www.anthonyskicks.com\/#website"},"datePublished":"2023-03-27T11:14:23+00:00","dateModified":"2023-12-29T09:39:38+00:00","breadcrumb":{"@id":"https:\/\/anthonyskicks.dev.lemon-solutions.net\/de\/produkt\/jordan-4-retro-pine-green-x-nike-sb\/#breadcrumb"},"inLanguage":"de","potentialAction":[{"@type":"ReadAction","target":["https:\/\/anthonyskicks.dev.lemon-solutions.net\/de\/produkt\/jordan-4-retro-pine-green-x-nike-sb\/"]}]},{"@type":"BreadcrumbList","@id":"https:\/\/anthonyskicks.dev.lemon-solutions.net\/de\/produkt\/jordan-4-retro-pine-green-x-nike-sb\/#breadcrumb","itemListElement":[{"@type":"ListItem","position":1,"name":"Home","item":"https:\/\/www.anthonyskicks.com\/de\/"},{"@type":"ListItem","position":2,"name":"Jordan 4 Retro Pine Green x Nike SB"}]},{"@type":"WebSite","@id":"https:\/\/www.anthonyskicks.com\/#website","url":"https:\/\/www.anthonyskicks.com\/","name":"Anthony&#039;s Kicks","description":"Wij bieden de nieuwste sneakers aan","publisher":{"@id":"https:\/\/www.anthonyskicks.com\/#organization"},"potentialAction":[{"@type":"SearchAction","target":{"@type":"EntryPoint","urlTemplate":"https:\/\/www.anthonyskicks.com\/?s={search_term_string}"},"query-input":"required name=search_term_string"}],"inLanguage":"de"},{"@type":"Organization","@id":"https:\/\/www.anthonyskicks.com\/#organization","name":"Anthony&#039;s Kicks","url":"https:\/\/www.anthonyskicks.com\/","logo":{"@type":"ImageObject","inLanguage":"de","@id":"https:\/\/www.anthonyskicks.com\/#\/schema\/logo\/image\/","url":"https:\/\/anthonyskicks.dev.lemon-solutions.net\/wp-content\/uploads\/2020\/07\/cropped-logo_AK_wit_2.jpg","contentUrl":"https:\/\/anthonyskicks.dev.lemon-solutions.net\/wp-content\/uploads\/2020\/07\/cropped-logo_AK_wit_2.jpg","width":371,"height":355,"caption":"Anthony&#039;s Kicks"},"image":{"@id":"https:\/\/www.anthonyskicks.com\/#\/schema\/logo\/image\/"}}]}},"jetpack_sharing_enabled":true,"_links":{"self":[{"href":"https:\/\/anthonyskicks.dev.lemon-solutions.net\/de\/wp-json\/wp\/v2\/product\/46155"}],"collection":[{"href":"https:\/\/anthonyskicks.dev.lemon-solutions.net\/de\/wp-json\/wp\/v2\/product"}],"about":[{"href":"https:\/\/anthonyskicks.dev.lemon-solutions.net\/de\/wp-json\/wp\/v2\/types\/product"}],"wp:featuredmedia":[{"embeddable":true,"href":"https:\/\/anthonyskicks.dev.lemon-solutions.net\/de\/wp-json\/wp\/v2\/media\/46238"}],"wp:attachment":[{"href":"https:\/\/anthonyskicks.dev.lemon-solutions.net\/de\/wp-json\/wp\/v2\/media?parent=46155"}],"wp:term":[{"taxonomy":"product_cat","embeddable":true,"href":"https:\/\/anthonyskicks.dev.lemon-solutions.net\/de\/wp-json\/wp\/v2\/product_cat?post=46155"},{"taxonomy":"product_tag","embeddable":true,"href":"https:\/\/anthonyskicks.dev.lemon-solutions.net\/de\/wp-json\/wp\/v2\/product_tag?post=46155"}],"curies":[{"name":"wp","href":"https:\/\/api.w.org\/{rel}","templated":true}]}}