{"id":56957,"date":"2023-06-13T14:59:46","date_gmt":"2023-06-13T14:15:14","guid":{"rendered":"https:\/\/anthonyskicks.dev.lemon-solutions.net\/product\/air-jordan-1-high-og-spider-man-across-the-spider-verse\/"},"modified":"2023-10-01T12:07:28","modified_gmt":"2023-10-01T11:07:28","slug":"air-jordan-1-high-og-spider-man-across-the-spider-verse","status":"publish","type":"product","link":"https:\/\/anthonyskicks.dev.lemon-solutions.net\/de\/produkt\/air-jordan-1-high-og-spider-man-across-the-spider-verse\/","title":{"rendered":"Air Jordan 1 High OG &#8218;Spider-Man Across the Spider-Verse&#8216;"},"content":{"rendered":"","protected":false},"excerpt":{"rendered":"<ul>\n<li>Diese schuhe sind <strong>brandneu<\/strong> und <strong>ungetragen<\/strong>.<\/li>\n<li>Wird mit dem Originalkarton geliefert.<\/li>\n<li>Dit item is 100% <strong>authentiek<\/strong> (echt). Alle items worden gecontroleerd door ons team van experts.<\/li>\n<li><strong>Kostenloser<\/strong> Versand innerhalb Deutschlands<\/li>\n<li>Sie sind sich nicht sicher \u00fcber Ihre Gr\u00f6\u00dfe? Dann w\u00fcrden wir Ihnen raten, eine halbe Nummer gr\u00f6\u00dfer zu nehmen.<\/li>\n<\/ul>\n","protected":false},"featured_media":56894,"template":"","meta":{"site-sidebar-layout":"default","site-content-layout":"default","ast-global-header-display":"","ast-banner-title-visibility":"","ast-main-header-display":"","ast-hfb-above-header-display":"","ast-hfb-below-header-display":"","ast-hfb-mobile-header-display":"","site-post-title":"","ast-breadcrumbs-content":"","ast-featured-img":"","footer-sml-layout":"","theme-transparent-header-meta":"default","adv-header-id-meta":"","stick-header-meta":"","header-above-stick-meta":"","header-main-stick-meta":"","header-below-stick-meta":""},"product_cat":[80,82,374],"product_tag":[],"yoast_head":"<!-- This site is optimized with the Yoast SEO plugin v21.7 - https:\/\/yoast.com\/wordpress\/plugins\/seo\/ -->\n<title>Air Jordan 1 High OG &#039;Spider-Man Across the Spider-Verse&#039; - Anthony&#039;s Kicks<\/title>\n<meta name=\"robots\" content=\"index, follow, max-snippet:-1, max-image-preview:large, max-video-preview:-1\" \/>\n<link rel=\"canonical\" href=\"https:\/\/anthonyskicks.dev.lemon-solutions.net\/de\/produkt\/air-jordan-1-high-og-spider-man-across-the-spider-verse\/\" \/>\n<meta property=\"og:locale\" content=\"de_DE\" \/>\n<meta property=\"og:type\" content=\"article\" \/>\n<meta property=\"og:title\" content=\"Air Jordan 1 High OG &#039;Spider-Man Across the Spider-Verse&#039; - Anthony&#039;s Kicks\" \/>\n<meta property=\"og:description\" content=\"Diese schuhe sind brandneu und ungetragen.  Wird mit dem Originalkarton geliefert.  Dit item is 100% authentiek (echt). Alle items worden gecontroleerd door ons team van experts.  Kostenloser Versand innerhalb Deutschlands  Sie sind sich nicht sicher \u00fcber Ihre Gr\u00f6\u00dfe? Dann w\u00fcrden wir Ihnen raten, eine halbe Nummer gr\u00f6\u00dfer zu nehmen.\" \/>\n<meta property=\"og:url\" content=\"https:\/\/anthonyskicks.dev.lemon-solutions.net\/de\/produkt\/air-jordan-1-high-og-spider-man-across-the-spider-verse\/\" \/>\n<meta property=\"og:site_name\" content=\"Anthony&#039;s Kicks\" \/>\n<meta property=\"article:modified_time\" content=\"2023-10-01T11:07:28+00:00\" \/>\n<meta property=\"og:image\" content=\"https:\/\/www.anthonyskicks.com\/wp-content\/uploads\/2023\/06\/Jordan-1-High-Spiderman-Rechts.png\" \/>\n\t<meta property=\"og:image:width\" content=\"800\" \/>\n\t<meta property=\"og:image:height\" content=\"800\" \/>\n\t<meta property=\"og:image:type\" content=\"image\/png\" \/>\n<meta name=\"twitter:card\" content=\"summary_large_image\" \/>\n<script type=\"application\/ld+json\" class=\"yoast-schema-graph\">{\"@context\":\"https:\/\/schema.org\",\"@graph\":[{\"@type\":\"WebPage\",\"@id\":\"https:\/\/anthonyskicks.dev.lemon-solutions.net\/de\/produkt\/air-jordan-1-high-og-spider-man-across-the-spider-verse\/\",\"url\":\"https:\/\/anthonyskicks.dev.lemon-solutions.net\/de\/produkt\/air-jordan-1-high-og-spider-man-across-the-spider-verse\/\",\"name\":\"Air Jordan 1 High OG 'Spider-Man Across the Spider-Verse' - Anthony&#039;s Kicks\",\"isPartOf\":{\"@id\":\"https:\/\/www.anthonyskicks.com\/#website\"},\"datePublished\":\"2023-06-13T14:15:14+00:00\",\"dateModified\":\"2023-10-01T11:07:28+00:00\",\"breadcrumb\":{\"@id\":\"https:\/\/anthonyskicks.dev.lemon-solutions.net\/de\/produkt\/air-jordan-1-high-og-spider-man-across-the-spider-verse\/#breadcrumb\"},\"inLanguage\":\"de\",\"potentialAction\":[{\"@type\":\"ReadAction\",\"target\":[\"https:\/\/anthonyskicks.dev.lemon-solutions.net\/de\/produkt\/air-jordan-1-high-og-spider-man-across-the-spider-verse\/\"]}]},{\"@type\":\"BreadcrumbList\",\"@id\":\"https:\/\/anthonyskicks.dev.lemon-solutions.net\/de\/produkt\/air-jordan-1-high-og-spider-man-across-the-spider-verse\/#breadcrumb\",\"itemListElement\":[{\"@type\":\"ListItem\",\"position\":1,\"name\":\"Home\",\"item\":\"https:\/\/www.anthonyskicks.com\/de\/\"},{\"@type\":\"ListItem\",\"position\":2,\"name\":\"Air Jordan 1 High OG &#8216;Spider-Man Across the Spider-Verse&#8217;\"}]},{\"@type\":\"WebSite\",\"@id\":\"https:\/\/www.anthonyskicks.com\/#website\",\"url\":\"https:\/\/www.anthonyskicks.com\/\",\"name\":\"Anthony&#039;s Kicks\",\"description\":\"Wij bieden de nieuwste sneakers aan\",\"publisher\":{\"@id\":\"https:\/\/www.anthonyskicks.com\/#organization\"},\"potentialAction\":[{\"@type\":\"SearchAction\",\"target\":{\"@type\":\"EntryPoint\",\"urlTemplate\":\"https:\/\/www.anthonyskicks.com\/?s={search_term_string}\"},\"query-input\":\"required name=search_term_string\"}],\"inLanguage\":\"de\"},{\"@type\":\"Organization\",\"@id\":\"https:\/\/www.anthonyskicks.com\/#organization\",\"name\":\"Anthony&#039;s Kicks\",\"url\":\"https:\/\/www.anthonyskicks.com\/\",\"logo\":{\"@type\":\"ImageObject\",\"inLanguage\":\"de\",\"@id\":\"https:\/\/www.anthonyskicks.com\/#\/schema\/logo\/image\/\",\"url\":\"https:\/\/anthonyskicks.dev.lemon-solutions.net\/wp-content\/uploads\/2020\/07\/cropped-logo_AK_wit_2.jpg\",\"contentUrl\":\"https:\/\/anthonyskicks.dev.lemon-solutions.net\/wp-content\/uploads\/2020\/07\/cropped-logo_AK_wit_2.jpg\",\"width\":371,\"height\":355,\"caption\":\"Anthony&#039;s Kicks\"},\"image\":{\"@id\":\"https:\/\/www.anthonyskicks.com\/#\/schema\/logo\/image\/\"}}]}<\/script>\n<!-- \/ Yoast SEO plugin. -->","yoast_head_json":{"title":"Air Jordan 1 High OG 'Spider-Man Across the Spider-Verse' - Anthony&#039;s Kicks","robots":{"index":"index","follow":"follow","max-snippet":"max-snippet:-1","max-image-preview":"max-image-preview:large","max-video-preview":"max-video-preview:-1"},"canonical":"https:\/\/anthonyskicks.dev.lemon-solutions.net\/de\/produkt\/air-jordan-1-high-og-spider-man-across-the-spider-verse\/","og_locale":"de_DE","og_type":"article","og_title":"Air Jordan 1 High OG 'Spider-Man Across the Spider-Verse' - Anthony&#039;s Kicks","og_description":"Diese schuhe sind brandneu und ungetragen.  Wird mit dem Originalkarton geliefert.  Dit item is 100% authentiek (echt). Alle items worden gecontroleerd door ons team van experts.  Kostenloser Versand innerhalb Deutschlands  Sie sind sich nicht sicher \u00fcber Ihre Gr\u00f6\u00dfe? Dann w\u00fcrden wir Ihnen raten, eine halbe Nummer gr\u00f6\u00dfer zu nehmen.","og_url":"https:\/\/anthonyskicks.dev.lemon-solutions.net\/de\/produkt\/air-jordan-1-high-og-spider-man-across-the-spider-verse\/","og_site_name":"Anthony&#039;s Kicks","article_modified_time":"2023-10-01T11:07:28+00:00","og_image":[{"width":800,"height":800,"url":"https:\/\/www.anthonyskicks.com\/wp-content\/uploads\/2023\/06\/Jordan-1-High-Spiderman-Rechts.png","type":"image\/png"}],"twitter_card":"summary_large_image","schema":{"@context":"https:\/\/schema.org","@graph":[{"@type":"WebPage","@id":"https:\/\/anthonyskicks.dev.lemon-solutions.net\/de\/produkt\/air-jordan-1-high-og-spider-man-across-the-spider-verse\/","url":"https:\/\/anthonyskicks.dev.lemon-solutions.net\/de\/produkt\/air-jordan-1-high-og-spider-man-across-the-spider-verse\/","name":"Air Jordan 1 High OG 'Spider-Man Across the Spider-Verse' - Anthony&#039;s Kicks","isPartOf":{"@id":"https:\/\/www.anthonyskicks.com\/#website"},"datePublished":"2023-06-13T14:15:14+00:00","dateModified":"2023-10-01T11:07:28+00:00","breadcrumb":{"@id":"https:\/\/anthonyskicks.dev.lemon-solutions.net\/de\/produkt\/air-jordan-1-high-og-spider-man-across-the-spider-verse\/#breadcrumb"},"inLanguage":"de","potentialAction":[{"@type":"ReadAction","target":["https:\/\/anthonyskicks.dev.lemon-solutions.net\/de\/produkt\/air-jordan-1-high-og-spider-man-across-the-spider-verse\/"]}]},{"@type":"BreadcrumbList","@id":"https:\/\/anthonyskicks.dev.lemon-solutions.net\/de\/produkt\/air-jordan-1-high-og-spider-man-across-the-spider-verse\/#breadcrumb","itemListElement":[{"@type":"ListItem","position":1,"name":"Home","item":"https:\/\/www.anthonyskicks.com\/de\/"},{"@type":"ListItem","position":2,"name":"Air Jordan 1 High OG &#8216;Spider-Man Across the Spider-Verse&#8217;"}]},{"@type":"WebSite","@id":"https:\/\/www.anthonyskicks.com\/#website","url":"https:\/\/www.anthonyskicks.com\/","name":"Anthony&#039;s Kicks","description":"Wij bieden de nieuwste sneakers aan","publisher":{"@id":"https:\/\/www.anthonyskicks.com\/#organization"},"potentialAction":[{"@type":"SearchAction","target":{"@type":"EntryPoint","urlTemplate":"https:\/\/www.anthonyskicks.com\/?s={search_term_string}"},"query-input":"required name=search_term_string"}],"inLanguage":"de"},{"@type":"Organization","@id":"https:\/\/www.anthonyskicks.com\/#organization","name":"Anthony&#039;s Kicks","url":"https:\/\/www.anthonyskicks.com\/","logo":{"@type":"ImageObject","inLanguage":"de","@id":"https:\/\/www.anthonyskicks.com\/#\/schema\/logo\/image\/","url":"https:\/\/anthonyskicks.dev.lemon-solutions.net\/wp-content\/uploads\/2020\/07\/cropped-logo_AK_wit_2.jpg","contentUrl":"https:\/\/anthonyskicks.dev.lemon-solutions.net\/wp-content\/uploads\/2020\/07\/cropped-logo_AK_wit_2.jpg","width":371,"height":355,"caption":"Anthony&#039;s Kicks"},"image":{"@id":"https:\/\/www.anthonyskicks.com\/#\/schema\/logo\/image\/"}}]}},"jetpack_sharing_enabled":true,"_links":{"self":[{"href":"https:\/\/anthonyskicks.dev.lemon-solutions.net\/de\/wp-json\/wp\/v2\/product\/56957"}],"collection":[{"href":"https:\/\/anthonyskicks.dev.lemon-solutions.net\/de\/wp-json\/wp\/v2\/product"}],"about":[{"href":"https:\/\/anthonyskicks.dev.lemon-solutions.net\/de\/wp-json\/wp\/v2\/types\/product"}],"wp:featuredmedia":[{"embeddable":true,"href":"https:\/\/anthonyskicks.dev.lemon-solutions.net\/de\/wp-json\/wp\/v2\/media\/56894"}],"wp:attachment":[{"href":"https:\/\/anthonyskicks.dev.lemon-solutions.net\/de\/wp-json\/wp\/v2\/media?parent=56957"}],"wp:term":[{"taxonomy":"product_cat","embeddable":true,"href":"https:\/\/anthonyskicks.dev.lemon-solutions.net\/de\/wp-json\/wp\/v2\/product_cat?post=56957"},{"taxonomy":"product_tag","embeddable":true,"href":"https:\/\/anthonyskicks.dev.lemon-solutions.net\/de\/wp-json\/wp\/v2\/product_tag?post=56957"}],"curies":[{"name":"wp","href":"https:\/\/api.w.org\/{rel}","templated":true}]}}