{"id":39302,"date":"2023-01-12T14:07:10","date_gmt":"2023-01-12T13:07:10","guid":{"rendered":"https:\/\/anthonyskicks.dev.lemon-solutions.net\/termes-et-conditions\/"},"modified":"2023-01-13T10:18:02","modified_gmt":"2023-01-13T09:18:02","slug":"termes-et-conditions","status":"publish","type":"page","link":"https:\/\/anthonyskicks.dev.lemon-solutions.net\/fr\/termes-et-conditions\/","title":{"rendered":"Termes et conditions"},"content":{"rendered":"\t\t<div data-elementor-type=\"wp-page\" data-elementor-id=\"39302\" class=\"elementor elementor-39302 elementor-808\" data-elementor-post-type=\"page\">\n\t\t\t\t\t\t\t\t\t<section class=\"elementor-section elementor-top-section elementor-element elementor-element-17aa93d elementor-section-boxed elementor-section-height-default elementor-section-height-default\" data-id=\"17aa93d\" data-element_type=\"section\">\n\t\t\t\t\t\t<div class=\"elementor-container elementor-column-gap-default\">\n\t\t\t\t\t<div class=\"elementor-column elementor-col-100 elementor-top-column elementor-element elementor-element-0940bc3\" data-id=\"0940bc3\" data-element_type=\"column\">\n\t\t\t<div class=\"elementor-widget-wrap elementor-element-populated\">\n\t\t\t\t\t\t\t\t<div class=\"elementor-element elementor-element-f3dcd03 elementor-widget elementor-widget-heading\" data-id=\"f3dcd03\" data-element_type=\"widget\" data-widget_type=\"heading.default\">\n\t\t\t\t<div class=\"elementor-widget-container\">\n\t\t\t<h2 class=\"elementor-heading-title elementor-size-default\">Termes et conditions<\/h2>\t\t<\/div>\n\t\t\t\t<\/div>\n\t\t\t\t<div class=\"elementor-element elementor-element-3c16221 elementor-widget elementor-widget-text-editor\" data-id=\"3c16221\" data-element_type=\"widget\" data-widget_type=\"text-editor.default\">\n\t\t\t\t<div class=\"elementor-widget-container\">\n\t\t\t\t\t\t\t<p>En passant votre commande et en approuvant les conditions g\u00e9n\u00e9rales, vous concluez un contrat contraignant.<\/p>\n<p><strong>En passent<br \/><\/strong>votre commande et en approuvant les conditions g\u00e9n\u00e9rales, vous concluez un contrat contraignant.<br \/> &#8211; Contre-remboursement<br \/> &#8211; iDeal<br \/> &#8211; Virement bancaire<br \/> &#8211; Carte de cr\u00e9dit<\/p>\n<p><strong>Commande<br \/><\/strong> Anthony&rsquo;s Kicks se r\u00e9serve le droit de NE PAS livrer une commande si les niveaux de stock \u00e9taient incorrects au moment de la r\u00e9ception de la commande.<br \/>Anthony&rsquo;s Kicks n&rsquo;est pas responsable des colis perdus qui diff\u00e8rent de l&rsquo;adresse de facturation. L&rsquo;acheteur doit traiter avec le destinataire en cas de perte.<br \/>Si Anthony&rsquo;s Kicks n&rsquo;est pas en mesure de livrer un produit, l&rsquo;acheteur sera contact\u00e9 et aura la possibilit\u00e9 d&rsquo;annuler l&rsquo;achat. Une livraison ult\u00e9rieure peut \u00e9galement \u00eatre propos\u00e9e.<\/p>\n<p><strong>Qualit\u00e9 des produits <\/strong><\/p>\n<ul>\n<li>En raison des param\u00e8tres de couleur de votre ordinateur ou smartphone, les images des produits peuvent diff\u00e9rer de la r\u00e9alit\u00e9, Anthony&rsquo;s Kicks n&rsquo;en est pas responsable.<\/li>\n<li>Nous v\u00e9rifions attentivement les produits avant de les envoyer. En cas de d\u00e9faut, veuillez envoyer un courriel avec votre num\u00e9ro de commande et des photos \u00e9ventuelles \u00e0 <a href=\"mailto:support@anthonyskicks.com\">support@anthonyskicks.com<\/a><\/li>\n<li>Anthony&rsquo;s Kicks livre toujours ses produits dans la bo\u00eete \u00e0 chaussures originale (authentique). Pendant l&rsquo;exp\u00e9dition des produits, nous ne pouvons pas garantir que les bo\u00eetes \u00e0 chaussures arriveront intactes \u00e0 l&rsquo;acheteur. Anthony&rsquo;s Kicks s&rsquo;efforce de livrer les bo\u00eetes \u00e0 chaussures dans le meilleur \u00e9tat possible \u00e0 tout moment. En passant votre commande, vous acceptez le risque que les bo\u00eetes \u00e0 chaussures soient endommag\u00e9es. Les retours concernant des bo\u00eetes cass\u00e9es ou endommag\u00e9es seront rejet\u00e9s <\/li>\n<\/ul>\n<p><strong>Retours<br \/><\/strong><\/p>\n<p>Nous sommes l\u00e0 pour vous aider si vous souhaitez \u00e9changer ou retourner un produit.<\/p>\n<p>Apr\u00e8s avoir re\u00e7u votre produit, vous avez le droit d&rsquo;ouvrir le colis et d&rsquo;en inspecter le contenu. Vous avez 30 jours pour retourner votre commande.<\/p>\n<p>Avant de retourner le produit, veuillez vous assurer que l&rsquo;article r\u00e9pond aux crit\u00e8res suivants :<\/p>\n<ul>\n<li>Les baskets sont en \u00e9tat non port\u00e9. Cela signifie qu&rsquo;il n&rsquo;y a pas de plis dans les chaussures (plis au niveau du nez) et pas de poussi\u00e8re ou de salet\u00e9 sur les baskets.<\/li>\n<li>La bo\u00eete est en bon \u00e9tat<\/li>\n<li>Toutes les \u00e9tiquettes (\u00e9tiquettes d&rsquo;usine, lacets suppl\u00e9mentaires, cartes suppl\u00e9mentaires et tout autre accessoire fourni) doivent \u00eatre attach\u00e9es au produit.<\/li>\n<\/ul>\n<p><strong>Comment retourner?<\/strong><\/p>\n<ul>\n<li>Remplissez le formulaire de retour fourni avec votre nom et votre num\u00e9ro de commande et mettez-le dans la bo\u00eete \u00e0 chaussures.<\/li>\n<li>Placez la bo\u00eete \u00e0 chaussures dans une bo\u00eete en carton<\/li>\n<li>Fermez la bo\u00eete en carton avec du scotch et collez l&rsquo;\u00e9tiquette de retour fournie sur la bo\u00eete.<\/li>\n<li>Apportez votre colis au point de poste le plus proche et payez-y votre renvoi.<\/li>\n<\/ul>\n<p>Les articles achet\u00e9s dans le cadre d&rsquo;une demande personnelle ne peuvent pas \u00eatre retourn\u00e9s.<br \/>(Une demande personnelle est faite lorsque vous commandez des chaussures qui ne sont pas propos\u00e9es par la boutique en ligne)<\/p>\n<p>Il est recommand\u00e9 de choisir un service d&rsquo;exp\u00e9dition dont la tra\u00e7abilit\u00e9 est assur\u00e9e, ou d&rsquo;opter pour une assurance de votre retour. En France, nous recommandons DPD \u00ab\u00a0recommand\u00e9\u00a0\u00bb. Conservez ensuite votre bon de livraison. Alors gardez votre preuve d&rsquo;affichage.<\/p>\n<p>Une fois que votre colis nous est parvenu, votre retour\/\u00e9change sera trait\u00e9 par nos soins dans un d\u00e9lai de 3 \u00e0 5 jours ouvrables. Si le d\u00e9lai est toujours sup\u00e9rieur \u00e0 5 jours ouvrables, vous pouvez toujours nous envoyer un e-mail \u00e0 <a href=\"mailto:info@anthonyskicks.com\">support@anthonyskicks.com<\/a> pour obtenir une mise \u00e0 jour.<\/p>\n<p>Anthony&rsquo;s Kicks <u>n&rsquo;est pas<\/u> responsable de toute perte pendant l&rsquo;exp\u00e9dition, de plus nous <u>ne<\/u> remboursons pas les frais d&rsquo;exp\u00e9dition.<\/p>\n<p>*Les entreprises\/revendeurs qui passent des commandes dans un but lucratif n&rsquo;ont pas droit aux retours.<\/p>\n<p><strong>Exp\u00e9dition<\/strong><\/p>\n<ul>\n<li>Les produits sont exp\u00e9di\u00e9s les jours ouvrables, du lundi au samedi.<\/li>\n<li>Tous les produits sont exp\u00e9di\u00e9s dans une bo\u00eete suppl\u00e9mentaire (double bo\u00eete).<\/li>\n<li>Les d\u00e9lais de livraison sp\u00e9cifi\u00e9s dans la boutique sont utilis\u00e9s \u00e0 titre indicatif uniquement, aucun droit ne peut en \u00eatre d\u00e9duit.<\/li>\n<li>Anthony&rsquo;s Kicks <u>n&rsquo;est pas<\/u> responsable des d\u00e9lais de livraison.<\/li>\n<li>Anthony&rsquo;s Kicks n&rsquo;est pas responsable des frais de douane suppl\u00e9mentaires et\/ou de la TVA en cas d&rsquo;exp\u00e9dition en dehors de l&rsquo;UE.<\/li>\n<li>Anthony&rsquo;s Kicks n&rsquo;exp\u00e9die pas aux points de collecte DPD et UPS afin de r\u00e9duire le risque de fraude. .Le client doit faire son propre choix dans l&rsquo;e-mail de UPS pour la modification de la livraison. En cas de perte \u00e0 ces points de collecte, <u>nous ne<\/u> sommes pas responsables.<\/li>\n<\/ul>\n<p><strong>Livraison<br \/><\/strong> standard gratuite sur toutes les baskets en Pays-Bas Les commandes en France sont exp\u00e9di\u00e9es avec DPD.<\/p>\n<p><strong>Pays-Bas<br \/><\/strong> Exp\u00e9dition et manutention (assur\u00e9 par PostNL) : 10 \u20ac<\/p>\n<p><strong>Frais d&rsquo;exp\u00e9dition<br \/><\/strong> &amp; de gestion (DPD Home) : \u20ac18.<\/p>\n<p><strong>Questions &amp; remarques<br \/><\/strong> Avez-vous des questions ou des remarques \u00e0 nous adresser? Envoyez un courriel \u00e0 <a href=\"mailto:support@anthonyskicks.com\">support@anthonyskicks.com<\/a><\/p>\n<p><strong>Informations sur l&rsquo;entreprise<br \/><\/strong> La boutique en ligne <a href=\"http:\/\/anthonyskicks.dev.lemon-solutions.net\/\">anthonyskicks.dev.lemon-solutions.net<\/a> et le domaine enregistr\u00e9 sont la propri\u00e9t\u00e9 d&rsquo;Anthony&rsquo;s Kicks.<\/p>\n<p>Anthony&rsquo;s Kicks est enregistr\u00e9 aupr\u00e8s de la Chambre de Commerce, Pays-Bas.<br \/><span style=\"font-size: 16px;\">CHAMBRE DE COMMERCE<\/span> : <span class=\"s1\">82161356<\/span><\/p>\n<p><span style=\"font-size: 16px;\"><br \/><\/span>Num\u00e9ro d&rsquo;identification TVA : <span class=\"s1\">NL862359557B01<\/span><\/p>\n<p>Nos accords de traitement de donn\u00e9es sont avec les parties suivantes :<\/p>\n<ul>\n<li>WordPress (hosting partner)<\/li>\n<li>UPS (partenaire d&rsquo;exp\u00e9dition)<\/li>\n<\/ul>\n<p><strong> <\/strong><\/p>\n\t\t\t\t\t\t<\/div>\n\t\t\t\t<\/div>\n\t\t\t\t\t<\/div>\n\t\t<\/div>\n\t\t\t\t\t\t\t<\/div>\n\t\t<\/section>\n\t\t\t\t\t\t\t<\/div>\n\t\t","protected":false},"excerpt":{"rendered":"<p>Termes et conditions En passant votre commande et en approuvant les conditions g\u00e9n\u00e9rales, vous concluez un contrat contraignant. En passentvotre commande et en approuvant les conditions g\u00e9n\u00e9rales, vous concluez un contrat contraignant. &#8211; Contre-remboursement &#8211; iDeal &#8211; Virement bancaire &#8211; Carte de cr\u00e9dit Commande Anthony&rsquo;s Kicks se r\u00e9serve le droit de NE PAS livrer une &hellip;<\/p>\n<p class=\"read-more\"> <a class=\"\" href=\"https:\/\/anthonyskicks.dev.lemon-solutions.net\/fr\/termes-et-conditions\/\"> <span class=\"screen-reader-text\">Termes et conditions<\/span> Lire la suite\u00a0\u00bb<\/a><\/p>\n","protected":false},"author":1,"featured_media":0,"parent":0,"menu_order":0,"comment_status":"closed","ping_status":"closed","template":"","meta":{"site-sidebar-layout":"no-sidebar","site-content-layout":"page-builder","ast-global-header-display":"","ast-banner-title-visibility":"","ast-main-header-display":"","ast-hfb-above-header-display":"","ast-hfb-below-header-display":"","ast-hfb-mobile-header-display":"","site-post-title":"disabled","ast-breadcrumbs-content":"","ast-featured-img":"disabled","footer-sml-layout":"","theme-transparent-header-meta":"default","adv-header-id-meta":"","stick-header-meta":"","header-above-stick-meta":"","header-main-stick-meta":"","header-below-stick-meta":"","footnotes":""},"yoast_head":"<!-- This site is optimized with the Yoast SEO plugin v21.7 - https:\/\/yoast.com\/wordpress\/plugins\/seo\/ -->\n<title>Termes et conditions - Anthony&#039;s Kicks<\/title>\n<meta name=\"robots\" content=\"index, follow, max-snippet:-1, max-image-preview:large, max-video-preview:-1\" \/>\n<link rel=\"canonical\" href=\"https:\/\/anthonyskicks.dev.lemon-solutions.net\/fr\/termes-et-conditions\/\" \/>\n<meta property=\"og:locale\" content=\"fr_FR\" \/>\n<meta property=\"og:type\" content=\"article\" \/>\n<meta property=\"og:title\" content=\"Termes et conditions - Anthony&#039;s Kicks\" \/>\n<meta property=\"og:description\" content=\"Termes et conditions En passant votre commande et en approuvant les conditions g\u00e9n\u00e9rales, vous concluez un contrat contraignant. En passentvotre commande et en approuvant les conditions g\u00e9n\u00e9rales, vous concluez un contrat contraignant. &#8211; Contre-remboursement &#8211; iDeal &#8211; Virement bancaire &#8211; Carte de cr\u00e9dit Commande Anthony&rsquo;s Kicks se r\u00e9serve le droit de NE PAS livrer une &hellip; Termes et conditions Lire la suite\u00a0\u00bb\" \/>\n<meta property=\"og:url\" content=\"https:\/\/anthonyskicks.dev.lemon-solutions.net\/fr\/termes-et-conditions\/\" \/>\n<meta property=\"og:site_name\" content=\"Anthony&#039;s Kicks\" \/>\n<meta property=\"article:modified_time\" content=\"2023-01-13T09:18:02+00:00\" \/>\n<meta name=\"twitter:card\" content=\"summary_large_image\" \/>\n<meta name=\"twitter:label1\" content=\"Dur\u00e9e de lecture estim\u00e9e\" \/>\n\t<meta name=\"twitter:data1\" content=\"4 minutes\" \/>\n<script type=\"application\/ld+json\" class=\"yoast-schema-graph\">{\"@context\":\"https:\/\/schema.org\",\"@graph\":[{\"@type\":\"WebPage\",\"@id\":\"https:\/\/anthonyskicks.dev.lemon-solutions.net\/fr\/termes-et-conditions\/\",\"url\":\"https:\/\/anthonyskicks.dev.lemon-solutions.net\/fr\/termes-et-conditions\/\",\"name\":\"Termes et conditions - Anthony&#039;s Kicks\",\"isPartOf\":{\"@id\":\"https:\/\/www.anthonyskicks.com\/#website\"},\"datePublished\":\"2023-01-12T13:07:10+00:00\",\"dateModified\":\"2023-01-13T09:18:02+00:00\",\"breadcrumb\":{\"@id\":\"https:\/\/anthonyskicks.dev.lemon-solutions.net\/fr\/termes-et-conditions\/#breadcrumb\"},\"inLanguage\":\"fr-FR\",\"potentialAction\":[{\"@type\":\"ReadAction\",\"target\":[\"https:\/\/anthonyskicks.dev.lemon-solutions.net\/fr\/termes-et-conditions\/\"]}]},{\"@type\":\"BreadcrumbList\",\"@id\":\"https:\/\/anthonyskicks.dev.lemon-solutions.net\/fr\/termes-et-conditions\/#breadcrumb\",\"itemListElement\":[{\"@type\":\"ListItem\",\"position\":1,\"name\":\"Home\",\"item\":\"https:\/\/www.anthonyskicks.com\/fr\/\"},{\"@type\":\"ListItem\",\"position\":2,\"name\":\"Termes et conditions\"}]},{\"@type\":\"WebSite\",\"@id\":\"https:\/\/www.anthonyskicks.com\/#website\",\"url\":\"https:\/\/www.anthonyskicks.com\/\",\"name\":\"Anthony&#039;s Kicks\",\"description\":\"Wij bieden de nieuwste sneakers aan\",\"publisher\":{\"@id\":\"https:\/\/www.anthonyskicks.com\/#organization\"},\"potentialAction\":[{\"@type\":\"SearchAction\",\"target\":{\"@type\":\"EntryPoint\",\"urlTemplate\":\"https:\/\/www.anthonyskicks.com\/?s={search_term_string}\"},\"query-input\":\"required name=search_term_string\"}],\"inLanguage\":\"fr-FR\"},{\"@type\":\"Organization\",\"@id\":\"https:\/\/www.anthonyskicks.com\/#organization\",\"name\":\"Anthony&#039;s Kicks\",\"url\":\"https:\/\/www.anthonyskicks.com\/\",\"logo\":{\"@type\":\"ImageObject\",\"inLanguage\":\"fr-FR\",\"@id\":\"https:\/\/www.anthonyskicks.com\/#\/schema\/logo\/image\/\",\"url\":\"https:\/\/anthonyskicks.dev.lemon-solutions.net\/wp-content\/uploads\/2020\/07\/cropped-logo_AK_wit_2.jpg\",\"contentUrl\":\"https:\/\/anthonyskicks.dev.lemon-solutions.net\/wp-content\/uploads\/2020\/07\/cropped-logo_AK_wit_2.jpg\",\"width\":371,\"height\":355,\"caption\":\"Anthony&#039;s Kicks\"},\"image\":{\"@id\":\"https:\/\/www.anthonyskicks.com\/#\/schema\/logo\/image\/\"}}]}<\/script>\n<!-- \/ Yoast SEO plugin. -->","yoast_head_json":{"title":"Termes et conditions - Anthony&#039;s Kicks","robots":{"index":"index","follow":"follow","max-snippet":"max-snippet:-1","max-image-preview":"max-image-preview:large","max-video-preview":"max-video-preview:-1"},"canonical":"https:\/\/anthonyskicks.dev.lemon-solutions.net\/fr\/termes-et-conditions\/","og_locale":"fr_FR","og_type":"article","og_title":"Termes et conditions - Anthony&#039;s Kicks","og_description":"Termes et conditions En passant votre commande et en approuvant les conditions g\u00e9n\u00e9rales, vous concluez un contrat contraignant. En passentvotre commande et en approuvant les conditions g\u00e9n\u00e9rales, vous concluez un contrat contraignant. &#8211; Contre-remboursement &#8211; iDeal &#8211; Virement bancaire &#8211; Carte de cr\u00e9dit Commande Anthony&rsquo;s Kicks se r\u00e9serve le droit de NE PAS livrer une &hellip; Termes et conditions Lire la suite\u00a0\u00bb","og_url":"https:\/\/anthonyskicks.dev.lemon-solutions.net\/fr\/termes-et-conditions\/","og_site_name":"Anthony&#039;s Kicks","article_modified_time":"2023-01-13T09:18:02+00:00","twitter_card":"summary_large_image","twitter_misc":{"Dur\u00e9e de lecture estim\u00e9e":"4 minutes"},"schema":{"@context":"https:\/\/schema.org","@graph":[{"@type":"WebPage","@id":"https:\/\/anthonyskicks.dev.lemon-solutions.net\/fr\/termes-et-conditions\/","url":"https:\/\/anthonyskicks.dev.lemon-solutions.net\/fr\/termes-et-conditions\/","name":"Termes et conditions - Anthony&#039;s Kicks","isPartOf":{"@id":"https:\/\/www.anthonyskicks.com\/#website"},"datePublished":"2023-01-12T13:07:10+00:00","dateModified":"2023-01-13T09:18:02+00:00","breadcrumb":{"@id":"https:\/\/anthonyskicks.dev.lemon-solutions.net\/fr\/termes-et-conditions\/#breadcrumb"},"inLanguage":"fr-FR","potentialAction":[{"@type":"ReadAction","target":["https:\/\/anthonyskicks.dev.lemon-solutions.net\/fr\/termes-et-conditions\/"]}]},{"@type":"BreadcrumbList","@id":"https:\/\/anthonyskicks.dev.lemon-solutions.net\/fr\/termes-et-conditions\/#breadcrumb","itemListElement":[{"@type":"ListItem","position":1,"name":"Home","item":"https:\/\/www.anthonyskicks.com\/fr\/"},{"@type":"ListItem","position":2,"name":"Termes et conditions"}]},{"@type":"WebSite","@id":"https:\/\/www.anthonyskicks.com\/#website","url":"https:\/\/www.anthonyskicks.com\/","name":"Anthony&#039;s Kicks","description":"Wij bieden de nieuwste sneakers aan","publisher":{"@id":"https:\/\/www.anthonyskicks.com\/#organization"},"potentialAction":[{"@type":"SearchAction","target":{"@type":"EntryPoint","urlTemplate":"https:\/\/www.anthonyskicks.com\/?s={search_term_string}"},"query-input":"required name=search_term_string"}],"inLanguage":"fr-FR"},{"@type":"Organization","@id":"https:\/\/www.anthonyskicks.com\/#organization","name":"Anthony&#039;s Kicks","url":"https:\/\/www.anthonyskicks.com\/","logo":{"@type":"ImageObject","inLanguage":"fr-FR","@id":"https:\/\/www.anthonyskicks.com\/#\/schema\/logo\/image\/","url":"https:\/\/anthonyskicks.dev.lemon-solutions.net\/wp-content\/uploads\/2020\/07\/cropped-logo_AK_wit_2.jpg","contentUrl":"https:\/\/anthonyskicks.dev.lemon-solutions.net\/wp-content\/uploads\/2020\/07\/cropped-logo_AK_wit_2.jpg","width":371,"height":355,"caption":"Anthony&#039;s Kicks"},"image":{"@id":"https:\/\/www.anthonyskicks.com\/#\/schema\/logo\/image\/"}}]}},"jetpack_sharing_enabled":true,"_links":{"self":[{"href":"https:\/\/anthonyskicks.dev.lemon-solutions.net\/fr\/wp-json\/wp\/v2\/pages\/39302"}],"collection":[{"href":"https:\/\/anthonyskicks.dev.lemon-solutions.net\/fr\/wp-json\/wp\/v2\/pages"}],"about":[{"href":"https:\/\/anthonyskicks.dev.lemon-solutions.net\/fr\/wp-json\/wp\/v2\/types\/page"}],"author":[{"embeddable":true,"href":"https:\/\/anthonyskicks.dev.lemon-solutions.net\/fr\/wp-json\/wp\/v2\/users\/1"}],"replies":[{"embeddable":true,"href":"https:\/\/anthonyskicks.dev.lemon-solutions.net\/fr\/wp-json\/wp\/v2\/comments?post=39302"}],"version-history":[{"count":0,"href":"https:\/\/anthonyskicks.dev.lemon-solutions.net\/fr\/wp-json\/wp\/v2\/pages\/39302\/revisions"}],"wp:attachment":[{"href":"https:\/\/anthonyskicks.dev.lemon-solutions.net\/fr\/wp-json\/wp\/v2\/media?parent=39302"}],"curies":[{"name":"wp","href":"https:\/\/api.w.org\/{rel}","templated":true}]}}