{"id":39311,"date":"2023-01-12T14:29:16","date_gmt":"2023-01-12T13:29:16","guid":{"rendered":"https:\/\/anthonyskicks.dev.lemon-solutions.net\/faq-2\/"},"modified":"2023-01-13T09:28:14","modified_gmt":"2023-01-13T08:28:14","slug":"faq-2","status":"publish","type":"page","link":"https:\/\/anthonyskicks.dev.lemon-solutions.net\/fr\/faq-2\/","title":{"rendered":"FAQ"},"content":{"rendered":"\t\t<div data-elementor-type=\"wp-page\" data-elementor-id=\"39311\" class=\"elementor elementor-39311 elementor-943\" data-elementor-post-type=\"page\">\n\t\t\t\t\t\t\t\t\t<section class=\"elementor-section elementor-top-section elementor-element elementor-element-a18e3a9 elementor-section-boxed elementor-section-height-default elementor-section-height-default\" data-id=\"a18e3a9\" data-element_type=\"section\">\n\t\t\t\t\t\t<div class=\"elementor-container elementor-column-gap-default\">\n\t\t\t\t\t<div class=\"elementor-column elementor-col-100 elementor-top-column elementor-element elementor-element-44660c8\" data-id=\"44660c8\" data-element_type=\"column\">\n\t\t\t<div class=\"elementor-widget-wrap elementor-element-populated\">\n\t\t\t\t\t\t\t\t<div class=\"elementor-element elementor-element-5bd2127 elementor-widget elementor-widget-heading\" data-id=\"5bd2127\" data-element_type=\"widget\" data-widget_type=\"heading.default\">\n\t\t\t\t<div class=\"elementor-widget-container\">\n\t\t\t<h2 class=\"elementor-heading-title elementor-size-default\">FAQ - Questions fr\u00e9quentes<\/h2>\t\t<\/div>\n\t\t\t\t<\/div>\n\t\t\t\t\t<\/div>\n\t\t<\/div>\n\t\t\t\t\t\t\t<\/div>\n\t\t<\/section>\n\t\t\t\t<section class=\"elementor-section elementor-top-section elementor-element elementor-element-77aa51f elementor-section-boxed elementor-section-height-default elementor-section-height-default\" data-id=\"77aa51f\" data-element_type=\"section\">\n\t\t\t\t\t\t<div class=\"elementor-container elementor-column-gap-default\">\n\t\t\t\t\t<div class=\"elementor-column elementor-col-100 elementor-top-column elementor-element elementor-element-71c5ad8\" data-id=\"71c5ad8\" data-element_type=\"column\">\n\t\t\t<div class=\"elementor-widget-wrap elementor-element-populated\">\n\t\t\t\t\t\t\t\t<div class=\"elementor-element elementor-element-fc29dc9 elementor-widget elementor-widget-text-editor\" data-id=\"fc29dc9\" data-element_type=\"widget\" data-widget_type=\"text-editor.default\">\n\t\t\t\t<div class=\"elementor-widget-container\">\n\t\t\t\t\t\t\t<p><b>Nos baskets sont-elles 100% authentiques?<br><\/b> <span style=\"font-weight: 400;\">Oui, toutes nos baskets sont v\u00e9rifi\u00e9es au pr\u00e9alable pour en assurer l&rsquo;authenticit\u00e9 avant de vous les envoyer.&nbsp;<\/span> <span style=\"font-weight: 400;\">Ces baskets sont donc toujours 100% authentiques et non port\u00e9es.<\/span><\/p>\n<p><b>Comment se fait-il que les chaussures soient plus ch\u00e8res que dans les magasins ?<br><\/b><span style=\"font-weight: 400;\">C&rsquo;est parce que les chaussures que nous vendons sont tr\u00e8s limit\u00e9es, donc ces chaussures sont souvent vendues imm\u00e9diatement. Nous veillons \u00e0 ce que vos baskets soient faciles \u00e0 commander via notre site web.&nbsp;<\/span><\/p>\n<p><b>Acceptez-vous les retours?&nbsp;<br><\/b><span style=\"font-weight: 400;\">Oui, nous acceptons les retours. Vous pourrez ainsi jeter un coup d&rsquo;\u0153il aux chaussures en situation r\u00e9elle avant de d\u00e9cider de les garder ou non. Pour notre politique de retour, veuillez consulter la page \u00ab\u00a0Politique de retour\u00a0\u00bb, qui contient les conditions et les \u00e9tapes du retour.&nbsp;<\/span><\/p>\n<p><b>Vous \u00eates fiables?&nbsp;<br><\/b><span style=\"font-weight: 400;\">Il est normal de se poser des questions lorsqu&rsquo;on passe une commande en ligne. Les chaussures sont-elles authentiques? Ne suis-je pas en train de me faire arnaquer? Nous vendions beaucoup sur Facebook, Instagram, marketplace et les groupes WhatsApp. Dans le processus, nous avons \u00e9galement recueilli beaucoup d&rsquo;avis <span style=\"text-decoration: underline;\"><a href=\"https:\/\/www.trustpilot.com\/review\/anthonyskicks.com\">Trustpilot<\/a><\/span>. Beaucoup de gens vous ont donc devanc\u00e9. nous sommes enregistr\u00e9s aupr\u00e8s de la Chambre de Commerce, ce qui est n\u00e9cessaire pour d\u00e9marrer une activit\u00e9 l\u00e9gitime aux Pays-Bas<\/span><\/p>\n<p><b>Puis-je commander uniquement en ligne chez vous ?<br><\/b><span style=\"font-weight: 400;\">Oui, vous ne pouvez commander qu&rsquo;en ligne chez nous, cependant, nous pouvons livrer les chaussures en personne dans la r\u00e9gion de Purmerend, pour cela nous vous contacterons nous-m\u00eames lors d&rsquo;une commande qui entre dans ce cadre.&nbsp;<\/span><\/p>\n<p><b>Exp\u00e9diez-vous dans le monde entier ?<br><\/b><span style=\"font-weight: 400;\">Nous livrons actuellement aux Pays-Bas, en Belgique, en Allemagne, en France et en Autriche ; si vous \u00eates en dehors de cette r\u00e9gion, veuillez nous envoyer un message sur Instagram.<\/span><\/p>\n<p><b>Quel est le d\u00e9lai d\u2019exp\u00e9dition de vos produits ?<br><\/b><span style=\"font-weight: 400;\">Les chaussures en stock sont exp\u00e9di\u00e9es sous 24 heures, les chaussures hors stock prennent souvent 2 \u00e0 10 jours ouvrables.&nbsp;<\/span><\/p>\n<p><b>Quelle soci\u00e9t\u00e9 d&rsquo;exp\u00e9dition utilisez-vous ?<\/b><b><br><\/b><span style=\"font-weight: 400;\">Nous travaillons avec la soci\u00e9t\u00e9 d&rsquo;exp\u00e9dition PostNL, pour les commandes \u00e0 l&rsquo;\u00e9tranger nous utilisons la soci\u00e9t\u00e9 postale DPD.<\/span><\/p>\t\t\t\t\t\t<\/div>\n\t\t\t\t<\/div>\n\t\t\t\t\t<\/div>\n\t\t<\/div>\n\t\t\t\t\t\t\t<\/div>\n\t\t<\/section>\n\t\t\t\t\t\t\t<\/div>\n\t\t","protected":false},"excerpt":{"rendered":"<p>FAQ &#8211; Questions fr\u00e9quentes Nos baskets sont-elles 100% authentiques? Oui, toutes nos baskets sont v\u00e9rifi\u00e9es au pr\u00e9alable pour en assurer l&rsquo;authenticit\u00e9 avant de vous les envoyer.&nbsp; Ces baskets sont donc toujours 100% authentiques et non port\u00e9es. Comment se fait-il que les chaussures soient plus ch\u00e8res que dans les magasins ?C&rsquo;est parce que les chaussures que &hellip;<\/p>\n<p class=\"read-more\"> <a class=\"\" href=\"https:\/\/anthonyskicks.dev.lemon-solutions.net\/fr\/faq-2\/\"> <span class=\"screen-reader-text\">FAQ<\/span> Lire la suite\u00a0\u00bb<\/a><\/p>\n","protected":false},"author":1,"featured_media":0,"parent":0,"menu_order":0,"comment_status":"closed","ping_status":"closed","template":"","meta":{"site-sidebar-layout":"no-sidebar","site-content-layout":"page-builder","ast-global-header-display":"","ast-banner-title-visibility":"","ast-main-header-display":"","ast-hfb-above-header-display":"","ast-hfb-below-header-display":"","ast-hfb-mobile-header-display":"","site-post-title":"disabled","ast-breadcrumbs-content":"","ast-featured-img":"disabled","footer-sml-layout":"","theme-transparent-header-meta":"default","adv-header-id-meta":"","stick-header-meta":"","header-above-stick-meta":"","header-main-stick-meta":"","header-below-stick-meta":"","footnotes":""},"yoast_head":"<!-- This site is optimized with the Yoast SEO plugin v21.7 - https:\/\/yoast.com\/wordpress\/plugins\/seo\/ -->\n<title>FAQ - Anthony&#039;s Kicks<\/title>\n<meta name=\"robots\" content=\"index, follow, max-snippet:-1, max-image-preview:large, max-video-preview:-1\" \/>\n<link rel=\"canonical\" href=\"https:\/\/anthonyskicks.dev.lemon-solutions.net\/fr\/faq-2\/\" \/>\n<meta property=\"og:locale\" content=\"fr_FR\" \/>\n<meta property=\"og:type\" content=\"article\" \/>\n<meta property=\"og:title\" content=\"FAQ - Anthony&#039;s Kicks\" \/>\n<meta property=\"og:description\" content=\"FAQ &#8211; Questions fr\u00e9quentes Nos baskets sont-elles 100% authentiques? Oui, toutes nos baskets sont v\u00e9rifi\u00e9es au pr\u00e9alable pour en assurer l&rsquo;authenticit\u00e9 avant de vous les envoyer.&nbsp; Ces baskets sont donc toujours 100% authentiques et non port\u00e9es. Comment se fait-il que les chaussures soient plus ch\u00e8res que dans les magasins ?C&rsquo;est parce que les chaussures que &hellip; FAQ Lire la suite\u00a0\u00bb\" \/>\n<meta property=\"og:url\" content=\"https:\/\/anthonyskicks.dev.lemon-solutions.net\/fr\/faq-2\/\" \/>\n<meta property=\"og:site_name\" content=\"Anthony&#039;s Kicks\" \/>\n<meta property=\"article:modified_time\" content=\"2023-01-13T08:28:14+00:00\" \/>\n<meta name=\"twitter:card\" content=\"summary_large_image\" \/>\n<meta name=\"twitter:label1\" content=\"Dur\u00e9e de lecture estim\u00e9e\" \/>\n\t<meta name=\"twitter:data1\" content=\"2 minutes\" \/>\n<script type=\"application\/ld+json\" class=\"yoast-schema-graph\">{\"@context\":\"https:\/\/schema.org\",\"@graph\":[{\"@type\":\"WebPage\",\"@id\":\"https:\/\/anthonyskicks.dev.lemon-solutions.net\/fr\/faq-2\/\",\"url\":\"https:\/\/anthonyskicks.dev.lemon-solutions.net\/fr\/faq-2\/\",\"name\":\"FAQ - Anthony&#039;s Kicks\",\"isPartOf\":{\"@id\":\"https:\/\/www.anthonyskicks.com\/#website\"},\"datePublished\":\"2023-01-12T13:29:16+00:00\",\"dateModified\":\"2023-01-13T08:28:14+00:00\",\"breadcrumb\":{\"@id\":\"https:\/\/anthonyskicks.dev.lemon-solutions.net\/fr\/faq-2\/#breadcrumb\"},\"inLanguage\":\"fr-FR\",\"potentialAction\":[{\"@type\":\"ReadAction\",\"target\":[\"https:\/\/anthonyskicks.dev.lemon-solutions.net\/fr\/faq-2\/\"]}]},{\"@type\":\"BreadcrumbList\",\"@id\":\"https:\/\/anthonyskicks.dev.lemon-solutions.net\/fr\/faq-2\/#breadcrumb\",\"itemListElement\":[{\"@type\":\"ListItem\",\"position\":1,\"name\":\"Home\",\"item\":\"https:\/\/www.anthonyskicks.com\/fr\/\"},{\"@type\":\"ListItem\",\"position\":2,\"name\":\"FAQ\"}]},{\"@type\":\"WebSite\",\"@id\":\"https:\/\/www.anthonyskicks.com\/#website\",\"url\":\"https:\/\/www.anthonyskicks.com\/\",\"name\":\"Anthony&#039;s Kicks\",\"description\":\"Wij bieden de nieuwste sneakers aan\",\"publisher\":{\"@id\":\"https:\/\/www.anthonyskicks.com\/#organization\"},\"potentialAction\":[{\"@type\":\"SearchAction\",\"target\":{\"@type\":\"EntryPoint\",\"urlTemplate\":\"https:\/\/www.anthonyskicks.com\/?s={search_term_string}\"},\"query-input\":\"required name=search_term_string\"}],\"inLanguage\":\"fr-FR\"},{\"@type\":\"Organization\",\"@id\":\"https:\/\/www.anthonyskicks.com\/#organization\",\"name\":\"Anthony&#039;s Kicks\",\"url\":\"https:\/\/www.anthonyskicks.com\/\",\"logo\":{\"@type\":\"ImageObject\",\"inLanguage\":\"fr-FR\",\"@id\":\"https:\/\/www.anthonyskicks.com\/#\/schema\/logo\/image\/\",\"url\":\"https:\/\/anthonyskicks.dev.lemon-solutions.net\/wp-content\/uploads\/2020\/07\/cropped-logo_AK_wit_2.jpg\",\"contentUrl\":\"https:\/\/anthonyskicks.dev.lemon-solutions.net\/wp-content\/uploads\/2020\/07\/cropped-logo_AK_wit_2.jpg\",\"width\":371,\"height\":355,\"caption\":\"Anthony&#039;s Kicks\"},\"image\":{\"@id\":\"https:\/\/www.anthonyskicks.com\/#\/schema\/logo\/image\/\"}}]}<\/script>\n<!-- \/ Yoast SEO plugin. -->","yoast_head_json":{"title":"FAQ - Anthony&#039;s Kicks","robots":{"index":"index","follow":"follow","max-snippet":"max-snippet:-1","max-image-preview":"max-image-preview:large","max-video-preview":"max-video-preview:-1"},"canonical":"https:\/\/anthonyskicks.dev.lemon-solutions.net\/fr\/faq-2\/","og_locale":"fr_FR","og_type":"article","og_title":"FAQ - Anthony&#039;s Kicks","og_description":"FAQ &#8211; Questions fr\u00e9quentes Nos baskets sont-elles 100% authentiques? Oui, toutes nos baskets sont v\u00e9rifi\u00e9es au pr\u00e9alable pour en assurer l&rsquo;authenticit\u00e9 avant de vous les envoyer.&nbsp; Ces baskets sont donc toujours 100% authentiques et non port\u00e9es. Comment se fait-il que les chaussures soient plus ch\u00e8res que dans les magasins ?C&rsquo;est parce que les chaussures que &hellip; FAQ Lire la suite\u00a0\u00bb","og_url":"https:\/\/anthonyskicks.dev.lemon-solutions.net\/fr\/faq-2\/","og_site_name":"Anthony&#039;s Kicks","article_modified_time":"2023-01-13T08:28:14+00:00","twitter_card":"summary_large_image","twitter_misc":{"Dur\u00e9e de lecture estim\u00e9e":"2 minutes"},"schema":{"@context":"https:\/\/schema.org","@graph":[{"@type":"WebPage","@id":"https:\/\/anthonyskicks.dev.lemon-solutions.net\/fr\/faq-2\/","url":"https:\/\/anthonyskicks.dev.lemon-solutions.net\/fr\/faq-2\/","name":"FAQ - Anthony&#039;s Kicks","isPartOf":{"@id":"https:\/\/www.anthonyskicks.com\/#website"},"datePublished":"2023-01-12T13:29:16+00:00","dateModified":"2023-01-13T08:28:14+00:00","breadcrumb":{"@id":"https:\/\/anthonyskicks.dev.lemon-solutions.net\/fr\/faq-2\/#breadcrumb"},"inLanguage":"fr-FR","potentialAction":[{"@type":"ReadAction","target":["https:\/\/anthonyskicks.dev.lemon-solutions.net\/fr\/faq-2\/"]}]},{"@type":"BreadcrumbList","@id":"https:\/\/anthonyskicks.dev.lemon-solutions.net\/fr\/faq-2\/#breadcrumb","itemListElement":[{"@type":"ListItem","position":1,"name":"Home","item":"https:\/\/www.anthonyskicks.com\/fr\/"},{"@type":"ListItem","position":2,"name":"FAQ"}]},{"@type":"WebSite","@id":"https:\/\/www.anthonyskicks.com\/#website","url":"https:\/\/www.anthonyskicks.com\/","name":"Anthony&#039;s Kicks","description":"Wij bieden de nieuwste sneakers aan","publisher":{"@id":"https:\/\/www.anthonyskicks.com\/#organization"},"potentialAction":[{"@type":"SearchAction","target":{"@type":"EntryPoint","urlTemplate":"https:\/\/www.anthonyskicks.com\/?s={search_term_string}"},"query-input":"required name=search_term_string"}],"inLanguage":"fr-FR"},{"@type":"Organization","@id":"https:\/\/www.anthonyskicks.com\/#organization","name":"Anthony&#039;s Kicks","url":"https:\/\/www.anthonyskicks.com\/","logo":{"@type":"ImageObject","inLanguage":"fr-FR","@id":"https:\/\/www.anthonyskicks.com\/#\/schema\/logo\/image\/","url":"https:\/\/anthonyskicks.dev.lemon-solutions.net\/wp-content\/uploads\/2020\/07\/cropped-logo_AK_wit_2.jpg","contentUrl":"https:\/\/anthonyskicks.dev.lemon-solutions.net\/wp-content\/uploads\/2020\/07\/cropped-logo_AK_wit_2.jpg","width":371,"height":355,"caption":"Anthony&#039;s Kicks"},"image":{"@id":"https:\/\/www.anthonyskicks.com\/#\/schema\/logo\/image\/"}}]}},"jetpack_sharing_enabled":true,"_links":{"self":[{"href":"https:\/\/anthonyskicks.dev.lemon-solutions.net\/fr\/wp-json\/wp\/v2\/pages\/39311"}],"collection":[{"href":"https:\/\/anthonyskicks.dev.lemon-solutions.net\/fr\/wp-json\/wp\/v2\/pages"}],"about":[{"href":"https:\/\/anthonyskicks.dev.lemon-solutions.net\/fr\/wp-json\/wp\/v2\/types\/page"}],"author":[{"embeddable":true,"href":"https:\/\/anthonyskicks.dev.lemon-solutions.net\/fr\/wp-json\/wp\/v2\/users\/1"}],"replies":[{"embeddable":true,"href":"https:\/\/anthonyskicks.dev.lemon-solutions.net\/fr\/wp-json\/wp\/v2\/comments?post=39311"}],"version-history":[{"count":0,"href":"https:\/\/anthonyskicks.dev.lemon-solutions.net\/fr\/wp-json\/wp\/v2\/pages\/39311\/revisions"}],"wp:attachment":[{"href":"https:\/\/anthonyskicks.dev.lemon-solutions.net\/fr\/wp-json\/wp\/v2\/media?parent=39311"}],"curies":[{"name":"wp","href":"https:\/\/api.w.org\/{rel}","templated":true}]}}