{"id":39328,"date":"2023-01-12T14:37:36","date_gmt":"2023-01-12T13:37:36","guid":{"rendered":"https:\/\/anthonyskicks.dev.lemon-solutions.net\/a-propos-de-nous\/"},"modified":"2023-01-12T14:37:36","modified_gmt":"2023-01-12T13:37:36","slug":"a-propos-de-nous","status":"publish","type":"page","link":"https:\/\/anthonyskicks.dev.lemon-solutions.net\/fr\/a-propos-de-nous\/","title":{"rendered":"\u00c0 propos de nous"},"content":{"rendered":"\t\t<div data-elementor-type=\"wp-page\" data-elementor-id=\"39328\" class=\"elementor elementor-39328 elementor-2314\" data-elementor-post-type=\"page\">\n\t\t\t\t\t\t\t\t\t<section class=\"elementor-section elementor-top-section elementor-element elementor-element-dd2529e elementor-section-boxed elementor-section-height-default elementor-section-height-default\" data-id=\"dd2529e\" data-element_type=\"section\">\n\t\t\t\t\t\t<div class=\"elementor-container elementor-column-gap-default\">\n\t\t\t\t\t<div class=\"elementor-column elementor-col-100 elementor-top-column elementor-element elementor-element-28a9f35\" data-id=\"28a9f35\" data-element_type=\"column\">\n\t\t\t<div class=\"elementor-widget-wrap elementor-element-populated\">\n\t\t\t\t\t\t\t\t<div class=\"elementor-element elementor-element-5180a17 elementor-widget elementor-widget-heading\" data-id=\"5180a17\" data-element_type=\"widget\" data-widget_type=\"heading.default\">\n\t\t\t\t<div class=\"elementor-widget-container\">\n\t\t\t<h2 class=\"elementor-heading-title elementor-size-default\">\u00c0 propos de nous<\/h2>\t\t<\/div>\n\t\t\t\t<\/div>\n\t\t\t\t\t<\/div>\n\t\t<\/div>\n\t\t\t\t\t\t\t<\/div>\n\t\t<\/section>\n\t\t\t\t<section class=\"elementor-section elementor-top-section elementor-element elementor-element-7b275b2 elementor-section-boxed elementor-section-height-default elementor-section-height-default\" data-id=\"7b275b2\" data-element_type=\"section\">\n\t\t\t\t\t\t<div class=\"elementor-container elementor-column-gap-default\">\n\t\t\t\t\t<div class=\"elementor-column elementor-col-100 elementor-top-column elementor-element elementor-element-e90bafc\" data-id=\"e90bafc\" data-element_type=\"column\">\n\t\t\t<div class=\"elementor-widget-wrap elementor-element-populated\">\n\t\t\t\t\t\t\t\t<div class=\"elementor-element elementor-element-db184fa elementor-widget elementor-widget-text-editor\" data-id=\"db184fa\" data-element_type=\"widget\" data-widget_type=\"text-editor.default\">\n\t\t\t\t<div class=\"elementor-widget-container\">\n\t\t\t\t\t\t\t<p>D&rsquo;ailleurs<\/p>\n<p>Ce qui a commenc\u00e9 il y a des ann\u00e9es avec un grand amour et une passion pour les baskets de deux fr\u00e8res de Purmerend, Anthony&rsquo;s Kicks est devenu une boutique en ligne de nouvelles baskets exclusives.<\/p>\n<p>Avec notre \u00e9quipe, nous mettons tout en \u0153uvre chaque jour pour vous d\u00e9charger et vous offrir le meilleur service. Au fil des ans, nous avons constat\u00e9 que <strong>l&rsquo;authenticit\u00e9<\/strong>, <strong>la satisfaction du client,<\/strong> <strong>la qualit\u00e9<\/strong> et <strong>la commodit\u00e9<\/strong> sont importantes, c&rsquo;est pourquoi ces garanties sont notre priorit\u00e9 absolue. <\/p>\n<p>Team <strong>Anthony&rsquo;s Kicks<\/strong><\/p>\n\t\t\t\t\t\t<\/div>\n\t\t\t\t<\/div>\n\t\t\t\t\t<\/div>\n\t\t<\/div>\n\t\t\t\t\t\t\t<\/div>\n\t\t<\/section>\n\t\t\t\t\t\t\t<\/div>\n\t\t","protected":false},"excerpt":{"rendered":"<p>\u00c0 propos de nous D&rsquo;ailleurs Ce qui a commenc\u00e9 il y a des ann\u00e9es avec un grand amour et une passion pour les baskets de deux fr\u00e8res de Purmerend, Anthony&rsquo;s Kicks est devenu une boutique en ligne de nouvelles baskets exclusives. Avec notre \u00e9quipe, nous mettons tout en \u0153uvre chaque jour pour vous d\u00e9charger et &hellip;<\/p>\n<p class=\"read-more\"> <a class=\"\" href=\"https:\/\/anthonyskicks.dev.lemon-solutions.net\/fr\/a-propos-de-nous\/\"> <span class=\"screen-reader-text\">\u00c0 propos de nous<\/span> Lire la suite\u00a0\u00bb<\/a><\/p>\n","protected":false},"author":1,"featured_media":0,"parent":0,"menu_order":0,"comment_status":"closed","ping_status":"closed","template":"","meta":{"site-sidebar-layout":"no-sidebar","site-content-layout":"page-builder","ast-global-header-display":"","ast-banner-title-visibility":"","ast-main-header-display":"","ast-hfb-above-header-display":"","ast-hfb-below-header-display":"","ast-hfb-mobile-header-display":"","site-post-title":"disabled","ast-breadcrumbs-content":"","ast-featured-img":"disabled","footer-sml-layout":"","theme-transparent-header-meta":"default","adv-header-id-meta":"","stick-header-meta":"","header-above-stick-meta":"","header-main-stick-meta":"","header-below-stick-meta":"","footnotes":""},"yoast_head":"<!-- This site is optimized with the Yoast SEO plugin v21.7 - https:\/\/yoast.com\/wordpress\/plugins\/seo\/ -->\n<title>\u00c0 propos de nous - Anthony&#039;s Kicks<\/title>\n<meta name=\"robots\" content=\"index, follow, max-snippet:-1, max-image-preview:large, max-video-preview:-1\" \/>\n<link rel=\"canonical\" href=\"https:\/\/anthonyskicks.dev.lemon-solutions.net\/fr\/a-propos-de-nous\/\" \/>\n<meta property=\"og:locale\" content=\"fr_FR\" \/>\n<meta property=\"og:type\" content=\"article\" \/>\n<meta property=\"og:title\" content=\"\u00c0 propos de nous - Anthony&#039;s Kicks\" \/>\n<meta property=\"og:description\" content=\"\u00c0 propos de nous D&rsquo;ailleurs Ce qui a commenc\u00e9 il y a des ann\u00e9es avec un grand amour et une passion pour les baskets de deux fr\u00e8res de Purmerend, Anthony&rsquo;s Kicks est devenu une boutique en ligne de nouvelles baskets exclusives. Avec notre \u00e9quipe, nous mettons tout en \u0153uvre chaque jour pour vous d\u00e9charger et &hellip; \u00c0 propos de nous Lire la suite\u00a0\u00bb\" \/>\n<meta property=\"og:url\" content=\"https:\/\/anthonyskicks.dev.lemon-solutions.net\/fr\/a-propos-de-nous\/\" \/>\n<meta property=\"og:site_name\" content=\"Anthony&#039;s Kicks\" \/>\n<meta name=\"twitter:card\" content=\"summary_large_image\" \/>\n<script type=\"application\/ld+json\" class=\"yoast-schema-graph\">{\"@context\":\"https:\/\/schema.org\",\"@graph\":[{\"@type\":\"WebPage\",\"@id\":\"https:\/\/anthonyskicks.dev.lemon-solutions.net\/fr\/a-propos-de-nous\/\",\"url\":\"https:\/\/anthonyskicks.dev.lemon-solutions.net\/fr\/a-propos-de-nous\/\",\"name\":\"\u00c0 propos de nous - Anthony&#039;s Kicks\",\"isPartOf\":{\"@id\":\"https:\/\/www.anthonyskicks.com\/#website\"},\"datePublished\":\"2023-01-12T13:37:36+00:00\",\"dateModified\":\"2023-01-12T13:37:36+00:00\",\"breadcrumb\":{\"@id\":\"https:\/\/anthonyskicks.dev.lemon-solutions.net\/fr\/a-propos-de-nous\/#breadcrumb\"},\"inLanguage\":\"fr-FR\",\"potentialAction\":[{\"@type\":\"ReadAction\",\"target\":[\"https:\/\/anthonyskicks.dev.lemon-solutions.net\/fr\/a-propos-de-nous\/\"]}]},{\"@type\":\"BreadcrumbList\",\"@id\":\"https:\/\/anthonyskicks.dev.lemon-solutions.net\/fr\/a-propos-de-nous\/#breadcrumb\",\"itemListElement\":[{\"@type\":\"ListItem\",\"position\":1,\"name\":\"Home\",\"item\":\"https:\/\/www.anthonyskicks.com\/fr\/\"},{\"@type\":\"ListItem\",\"position\":2,\"name\":\"\u00c0 propos de nous\"}]},{\"@type\":\"WebSite\",\"@id\":\"https:\/\/www.anthonyskicks.com\/#website\",\"url\":\"https:\/\/www.anthonyskicks.com\/\",\"name\":\"Anthony&#039;s Kicks\",\"description\":\"Wij bieden de nieuwste sneakers aan\",\"publisher\":{\"@id\":\"https:\/\/www.anthonyskicks.com\/#organization\"},\"potentialAction\":[{\"@type\":\"SearchAction\",\"target\":{\"@type\":\"EntryPoint\",\"urlTemplate\":\"https:\/\/www.anthonyskicks.com\/?s={search_term_string}\"},\"query-input\":\"required name=search_term_string\"}],\"inLanguage\":\"fr-FR\"},{\"@type\":\"Organization\",\"@id\":\"https:\/\/www.anthonyskicks.com\/#organization\",\"name\":\"Anthony&#039;s Kicks\",\"url\":\"https:\/\/www.anthonyskicks.com\/\",\"logo\":{\"@type\":\"ImageObject\",\"inLanguage\":\"fr-FR\",\"@id\":\"https:\/\/www.anthonyskicks.com\/#\/schema\/logo\/image\/\",\"url\":\"https:\/\/anthonyskicks.dev.lemon-solutions.net\/wp-content\/uploads\/2020\/07\/cropped-logo_AK_wit_2.jpg\",\"contentUrl\":\"https:\/\/anthonyskicks.dev.lemon-solutions.net\/wp-content\/uploads\/2020\/07\/cropped-logo_AK_wit_2.jpg\",\"width\":371,\"height\":355,\"caption\":\"Anthony&#039;s Kicks\"},\"image\":{\"@id\":\"https:\/\/www.anthonyskicks.com\/#\/schema\/logo\/image\/\"}}]}<\/script>\n<!-- \/ Yoast SEO plugin. -->","yoast_head_json":{"title":"\u00c0 propos de nous - Anthony&#039;s Kicks","robots":{"index":"index","follow":"follow","max-snippet":"max-snippet:-1","max-image-preview":"max-image-preview:large","max-video-preview":"max-video-preview:-1"},"canonical":"https:\/\/anthonyskicks.dev.lemon-solutions.net\/fr\/a-propos-de-nous\/","og_locale":"fr_FR","og_type":"article","og_title":"\u00c0 propos de nous - Anthony&#039;s Kicks","og_description":"\u00c0 propos de nous D&rsquo;ailleurs Ce qui a commenc\u00e9 il y a des ann\u00e9es avec un grand amour et une passion pour les baskets de deux fr\u00e8res de Purmerend, Anthony&rsquo;s Kicks est devenu une boutique en ligne de nouvelles baskets exclusives. Avec notre \u00e9quipe, nous mettons tout en \u0153uvre chaque jour pour vous d\u00e9charger et &hellip; \u00c0 propos de nous Lire la suite\u00a0\u00bb","og_url":"https:\/\/anthonyskicks.dev.lemon-solutions.net\/fr\/a-propos-de-nous\/","og_site_name":"Anthony&#039;s Kicks","twitter_card":"summary_large_image","schema":{"@context":"https:\/\/schema.org","@graph":[{"@type":"WebPage","@id":"https:\/\/anthonyskicks.dev.lemon-solutions.net\/fr\/a-propos-de-nous\/","url":"https:\/\/anthonyskicks.dev.lemon-solutions.net\/fr\/a-propos-de-nous\/","name":"\u00c0 propos de nous - Anthony&#039;s Kicks","isPartOf":{"@id":"https:\/\/www.anthonyskicks.com\/#website"},"datePublished":"2023-01-12T13:37:36+00:00","dateModified":"2023-01-12T13:37:36+00:00","breadcrumb":{"@id":"https:\/\/anthonyskicks.dev.lemon-solutions.net\/fr\/a-propos-de-nous\/#breadcrumb"},"inLanguage":"fr-FR","potentialAction":[{"@type":"ReadAction","target":["https:\/\/anthonyskicks.dev.lemon-solutions.net\/fr\/a-propos-de-nous\/"]}]},{"@type":"BreadcrumbList","@id":"https:\/\/anthonyskicks.dev.lemon-solutions.net\/fr\/a-propos-de-nous\/#breadcrumb","itemListElement":[{"@type":"ListItem","position":1,"name":"Home","item":"https:\/\/www.anthonyskicks.com\/fr\/"},{"@type":"ListItem","position":2,"name":"\u00c0 propos de nous"}]},{"@type":"WebSite","@id":"https:\/\/www.anthonyskicks.com\/#website","url":"https:\/\/www.anthonyskicks.com\/","name":"Anthony&#039;s Kicks","description":"Wij bieden de nieuwste sneakers aan","publisher":{"@id":"https:\/\/www.anthonyskicks.com\/#organization"},"potentialAction":[{"@type":"SearchAction","target":{"@type":"EntryPoint","urlTemplate":"https:\/\/www.anthonyskicks.com\/?s={search_term_string}"},"query-input":"required name=search_term_string"}],"inLanguage":"fr-FR"},{"@type":"Organization","@id":"https:\/\/www.anthonyskicks.com\/#organization","name":"Anthony&#039;s Kicks","url":"https:\/\/www.anthonyskicks.com\/","logo":{"@type":"ImageObject","inLanguage":"fr-FR","@id":"https:\/\/www.anthonyskicks.com\/#\/schema\/logo\/image\/","url":"https:\/\/anthonyskicks.dev.lemon-solutions.net\/wp-content\/uploads\/2020\/07\/cropped-logo_AK_wit_2.jpg","contentUrl":"https:\/\/anthonyskicks.dev.lemon-solutions.net\/wp-content\/uploads\/2020\/07\/cropped-logo_AK_wit_2.jpg","width":371,"height":355,"caption":"Anthony&#039;s Kicks"},"image":{"@id":"https:\/\/www.anthonyskicks.com\/#\/schema\/logo\/image\/"}}]}},"jetpack_sharing_enabled":true,"_links":{"self":[{"href":"https:\/\/anthonyskicks.dev.lemon-solutions.net\/fr\/wp-json\/wp\/v2\/pages\/39328"}],"collection":[{"href":"https:\/\/anthonyskicks.dev.lemon-solutions.net\/fr\/wp-json\/wp\/v2\/pages"}],"about":[{"href":"https:\/\/anthonyskicks.dev.lemon-solutions.net\/fr\/wp-json\/wp\/v2\/types\/page"}],"author":[{"embeddable":true,"href":"https:\/\/anthonyskicks.dev.lemon-solutions.net\/fr\/wp-json\/wp\/v2\/users\/1"}],"replies":[{"embeddable":true,"href":"https:\/\/anthonyskicks.dev.lemon-solutions.net\/fr\/wp-json\/wp\/v2\/comments?post=39328"}],"version-history":[{"count":0,"href":"https:\/\/anthonyskicks.dev.lemon-solutions.net\/fr\/wp-json\/wp\/v2\/pages\/39328\/revisions"}],"wp:attachment":[{"href":"https:\/\/anthonyskicks.dev.lemon-solutions.net\/fr\/wp-json\/wp\/v2\/media?parent=39328"}],"curies":[{"name":"wp","href":"https:\/\/api.w.org\/{rel}","templated":true}]}}