{"id":39333,"date":"2023-01-12T14:48:07","date_gmt":"2023-01-12T13:48:07","guid":{"rendered":"https:\/\/anthonyskicks.dev.lemon-solutions.net\/privacy-policy-2\/"},"modified":"2023-01-18T11:07:43","modified_gmt":"2023-01-18T10:07:43","slug":"privacy-policy-2","status":"publish","type":"page","link":"https:\/\/anthonyskicks.dev.lemon-solutions.net\/fr\/privacy-policy-2\/","title":{"rendered":"Politique de confidentialit\u00e9"},"content":{"rendered":"\t\t<div data-elementor-type=\"wp-page\" data-elementor-id=\"39333\" class=\"elementor elementor-39333 elementor-363\" data-elementor-post-type=\"page\">\n\t\t\t\t\t\t\t\t\t<section class=\"elementor-section elementor-top-section elementor-element elementor-element-3ae590d6 elementor-section-boxed elementor-section-height-default elementor-section-height-default\" data-id=\"3ae590d6\" data-element_type=\"section\">\n\t\t\t\t\t\t<div class=\"elementor-container elementor-column-gap-default\">\n\t\t\t\t\t<div class=\"elementor-column elementor-col-100 elementor-top-column elementor-element elementor-element-28929c8f\" data-id=\"28929c8f\" data-element_type=\"column\">\n\t\t\t<div class=\"elementor-widget-wrap elementor-element-populated\">\n\t\t\t\t\t\t\t\t<div class=\"elementor-element elementor-element-42b7972d elementor-widget elementor-widget-text-editor\" data-id=\"42b7972d\" data-element_type=\"widget\" data-widget_type=\"text-editor.default\">\n\t\t\t\t<div class=\"elementor-widget-container\">\n\t\t\t\t\t\t\t\n<p>La confidentialit\u00e9 des donn\u00e9es est tr\u00e8s importante pour Anthony\u2019s Kicks. La politique de confidentialit\u00e9 d\u00e9crit comment vos informations personnelles sont collect\u00e9es, utilis\u00e9es et partag\u00e9es lorsque vous visitez ou effectuez un achat sur anthonyskicks.com. Nous utilisons le cryptage SSL sur toutes les donn\u00e9es vers et depuis le site Web pour prot\u00e9ger les informations personnelles. Vous pouvez v\u00e9rifier la validit\u00e9 de la s\u00e9curit\u00e9 en cliquant sur l&rsquo;ic\u00f4ne du cadenas qui appara\u00eet dans la ligne URL de votre navigateur.<\/p>\n<p>ORDRES<br>Nous collectons les donn\u00e9es suivantes pour traiter votre commande :<\/p>\n<ul>\n<li>Nom et pr\u00e9nom<\/li>\n<li>Adresse de livraison et de facturation<\/li>\n<li>Num\u00e9ro de t\u00e9l\u00e9phone<\/li>\n<li>Adresse e-mail<\/li>\n<\/ul>\n<p>Nous ne fournirons aucune donn\u00e9e li\u00e9e \u00e0 votre nom d&rsquo;utilisateur \u00e0 des tiers. En cas de risque potentiel, de fraude ou d&rsquo;utilisation abusive de notre site Web, nous pouvons transmettre des donn\u00e9es personnelles aux autorit\u00e9s comp\u00e9tentes.<\/p>\n<p>POURQUOI UTILISONS-NOUS VOS INFORMATIONS PERSONNELLES ?<br>Nous utilisons les informations de commande pour ex\u00e9cuter les commandes pass\u00e9es sur le site Web Cela comprend le traitement des informations de paiement, la g\u00e9n\u00e9ration d&rsquo;\u00e9tiquettes d&rsquo;exp\u00e9dition et la fourniture de confirmations de commande. Nous utilisons \u00e9galement ces informations pour communiquer avec vous et filtrer les commandes afin de d\u00e9tecter tout risque potentiel ou fraude.<\/p>\n<p>COMBIEN DE TEMPS CONSERVONS-NOUS LES INFORMATIONS PERSONNELLES ?<br>Anthony\u2019s Kicks ne conserve pas vos donn\u00e9es personnelles plus longtemps que strictement n\u00e9cessaire pour atteindre les finalit\u00e9s pour lesquelles vos donn\u00e9es sont collect\u00e9es.<\/p>\n<p>NE PAS SUIVRE<br>Veuillez noter que nous ne modifions pas la collecte de donn\u00e9es et les pratiques d&rsquo;utilisation de notre site lorsque nous voyons un signal Ne pas suivre de votre navigateur.<\/p>\n<p>CHANGEMENTS<br>Nous pouvons mettre \u00e0 jour cette politique de confidentialit\u00e9 de temps \u00e0 autre afin de refl\u00e9ter, par exemple, des modifications de nos pratiques ou pour d&rsquo;autres raisons op\u00e9rationnelles, l\u00e9gales ou r\u00e9glementaires.<\/p>\n<p>PRENDRE CONTACT<br>Veuillez nous contacter si vous avez des questions concernant notre politique de confidentialit\u00e9 ou si vous souhaitez consulter, modifier ou supprimer vos donn\u00e9es personnelles \u00e0 info@anthonyskicks.com<\/p>\n\t\t\t\t\t\t<\/div>\n\t\t\t\t<\/div>\n\t\t\t\t\t<\/div>\n\t\t<\/div>\n\t\t\t\t\t\t\t<\/div>\n\t\t<\/section>\n\t\t\t\t\t\t\t<\/div>\n\t\t","protected":false},"excerpt":{"rendered":"<p>La confidentialit\u00e9 des donn\u00e9es est tr\u00e8s importante pour Anthony\u2019s Kicks. La politique de confidentialit\u00e9 d\u00e9crit comment vos informations personnelles sont collect\u00e9es, utilis\u00e9es et partag\u00e9es lorsque vous visitez ou effectuez un achat sur anthonyskicks.com. Nous utilisons le cryptage SSL sur toutes les donn\u00e9es vers et depuis le site Web pour prot\u00e9ger les informations personnelles. Vous pouvez &hellip;<\/p>\n<p class=\"read-more\"> <a class=\"\" href=\"https:\/\/anthonyskicks.dev.lemon-solutions.net\/fr\/privacy-policy-2\/\"> <span class=\"screen-reader-text\">Politique de confidentialit\u00e9<\/span> Lire la suite\u00a0\u00bb<\/a><\/p>\n","protected":false},"author":1,"featured_media":0,"parent":0,"menu_order":0,"comment_status":"closed","ping_status":"closed","template":"","meta":{"site-sidebar-layout":"default","site-content-layout":"default","ast-global-header-display":"","ast-banner-title-visibility":"","ast-main-header-display":"","ast-hfb-above-header-display":"","ast-hfb-below-header-display":"","ast-hfb-mobile-header-display":"","site-post-title":"","ast-breadcrumbs-content":"","ast-featured-img":"","footer-sml-layout":"","theme-transparent-header-meta":"default","adv-header-id-meta":"","stick-header-meta":"","header-above-stick-meta":"","header-main-stick-meta":"","header-below-stick-meta":"","footnotes":""},"yoast_head":"<!-- This site is optimized with the Yoast SEO plugin v21.7 - https:\/\/yoast.com\/wordpress\/plugins\/seo\/ -->\n<title>Politique de confidentialit\u00e9 - Anthony&#039;s Kicks<\/title>\n<meta name=\"robots\" content=\"index, follow, max-snippet:-1, max-image-preview:large, max-video-preview:-1\" \/>\n<link rel=\"canonical\" href=\"https:\/\/anthonyskicks.dev.lemon-solutions.net\/fr\/privacy-policy-2\/\" \/>\n<meta property=\"og:locale\" content=\"fr_FR\" \/>\n<meta property=\"og:type\" content=\"article\" \/>\n<meta property=\"og:title\" content=\"Politique de confidentialit\u00e9 - Anthony&#039;s Kicks\" \/>\n<meta property=\"og:description\" content=\"La confidentialit\u00e9 des donn\u00e9es est tr\u00e8s importante pour Anthony\u2019s Kicks. La politique de confidentialit\u00e9 d\u00e9crit comment vos informations personnelles sont collect\u00e9es, utilis\u00e9es et partag\u00e9es lorsque vous visitez ou effectuez un achat sur anthonyskicks.com. Nous utilisons le cryptage SSL sur toutes les donn\u00e9es vers et depuis le site Web pour prot\u00e9ger les informations personnelles. Vous pouvez &hellip; Politique de confidentialit\u00e9 Lire la suite\u00a0\u00bb\" \/>\n<meta property=\"og:url\" content=\"https:\/\/anthonyskicks.dev.lemon-solutions.net\/fr\/privacy-policy-2\/\" \/>\n<meta property=\"og:site_name\" content=\"Anthony&#039;s Kicks\" \/>\n<meta property=\"article:modified_time\" content=\"2023-01-18T10:07:43+00:00\" \/>\n<meta name=\"twitter:card\" content=\"summary_large_image\" \/>\n<meta name=\"twitter:label1\" content=\"Dur\u00e9e de lecture estim\u00e9e\" \/>\n\t<meta name=\"twitter:data1\" content=\"2 minutes\" \/>\n<script type=\"application\/ld+json\" class=\"yoast-schema-graph\">{\"@context\":\"https:\/\/schema.org\",\"@graph\":[{\"@type\":\"WebPage\",\"@id\":\"https:\/\/anthonyskicks.dev.lemon-solutions.net\/fr\/privacy-policy-2\/\",\"url\":\"https:\/\/anthonyskicks.dev.lemon-solutions.net\/fr\/privacy-policy-2\/\",\"name\":\"Politique de confidentialit\u00e9 - Anthony&#039;s Kicks\",\"isPartOf\":{\"@id\":\"https:\/\/www.anthonyskicks.com\/#website\"},\"datePublished\":\"2023-01-12T13:48:07+00:00\",\"dateModified\":\"2023-01-18T10:07:43+00:00\",\"breadcrumb\":{\"@id\":\"https:\/\/anthonyskicks.dev.lemon-solutions.net\/fr\/privacy-policy-2\/#breadcrumb\"},\"inLanguage\":\"fr-FR\",\"potentialAction\":[{\"@type\":\"ReadAction\",\"target\":[\"https:\/\/anthonyskicks.dev.lemon-solutions.net\/fr\/privacy-policy-2\/\"]}]},{\"@type\":\"BreadcrumbList\",\"@id\":\"https:\/\/anthonyskicks.dev.lemon-solutions.net\/fr\/privacy-policy-2\/#breadcrumb\",\"itemListElement\":[{\"@type\":\"ListItem\",\"position\":1,\"name\":\"Home\",\"item\":\"https:\/\/www.anthonyskicks.com\/fr\/\"},{\"@type\":\"ListItem\",\"position\":2,\"name\":\"Politique de confidentialit\u00e9\"}]},{\"@type\":\"WebSite\",\"@id\":\"https:\/\/www.anthonyskicks.com\/#website\",\"url\":\"https:\/\/www.anthonyskicks.com\/\",\"name\":\"Anthony&#039;s Kicks\",\"description\":\"Wij bieden de nieuwste sneakers aan\",\"publisher\":{\"@id\":\"https:\/\/www.anthonyskicks.com\/#organization\"},\"potentialAction\":[{\"@type\":\"SearchAction\",\"target\":{\"@type\":\"EntryPoint\",\"urlTemplate\":\"https:\/\/www.anthonyskicks.com\/?s={search_term_string}\"},\"query-input\":\"required name=search_term_string\"}],\"inLanguage\":\"fr-FR\"},{\"@type\":\"Organization\",\"@id\":\"https:\/\/www.anthonyskicks.com\/#organization\",\"name\":\"Anthony&#039;s Kicks\",\"url\":\"https:\/\/www.anthonyskicks.com\/\",\"logo\":{\"@type\":\"ImageObject\",\"inLanguage\":\"fr-FR\",\"@id\":\"https:\/\/www.anthonyskicks.com\/#\/schema\/logo\/image\/\",\"url\":\"https:\/\/anthonyskicks.dev.lemon-solutions.net\/wp-content\/uploads\/2020\/07\/cropped-logo_AK_wit_2.jpg\",\"contentUrl\":\"https:\/\/anthonyskicks.dev.lemon-solutions.net\/wp-content\/uploads\/2020\/07\/cropped-logo_AK_wit_2.jpg\",\"width\":371,\"height\":355,\"caption\":\"Anthony&#039;s Kicks\"},\"image\":{\"@id\":\"https:\/\/www.anthonyskicks.com\/#\/schema\/logo\/image\/\"}}]}<\/script>\n<!-- \/ Yoast SEO plugin. -->","yoast_head_json":{"title":"Politique de confidentialit\u00e9 - Anthony&#039;s Kicks","robots":{"index":"index","follow":"follow","max-snippet":"max-snippet:-1","max-image-preview":"max-image-preview:large","max-video-preview":"max-video-preview:-1"},"canonical":"https:\/\/anthonyskicks.dev.lemon-solutions.net\/fr\/privacy-policy-2\/","og_locale":"fr_FR","og_type":"article","og_title":"Politique de confidentialit\u00e9 - Anthony&#039;s Kicks","og_description":"La confidentialit\u00e9 des donn\u00e9es est tr\u00e8s importante pour Anthony\u2019s Kicks. La politique de confidentialit\u00e9 d\u00e9crit comment vos informations personnelles sont collect\u00e9es, utilis\u00e9es et partag\u00e9es lorsque vous visitez ou effectuez un achat sur anthonyskicks.com. Nous utilisons le cryptage SSL sur toutes les donn\u00e9es vers et depuis le site Web pour prot\u00e9ger les informations personnelles. Vous pouvez &hellip; Politique de confidentialit\u00e9 Lire la suite\u00a0\u00bb","og_url":"https:\/\/anthonyskicks.dev.lemon-solutions.net\/fr\/privacy-policy-2\/","og_site_name":"Anthony&#039;s Kicks","article_modified_time":"2023-01-18T10:07:43+00:00","twitter_card":"summary_large_image","twitter_misc":{"Dur\u00e9e de lecture estim\u00e9e":"2 minutes"},"schema":{"@context":"https:\/\/schema.org","@graph":[{"@type":"WebPage","@id":"https:\/\/anthonyskicks.dev.lemon-solutions.net\/fr\/privacy-policy-2\/","url":"https:\/\/anthonyskicks.dev.lemon-solutions.net\/fr\/privacy-policy-2\/","name":"Politique de confidentialit\u00e9 - Anthony&#039;s Kicks","isPartOf":{"@id":"https:\/\/www.anthonyskicks.com\/#website"},"datePublished":"2023-01-12T13:48:07+00:00","dateModified":"2023-01-18T10:07:43+00:00","breadcrumb":{"@id":"https:\/\/anthonyskicks.dev.lemon-solutions.net\/fr\/privacy-policy-2\/#breadcrumb"},"inLanguage":"fr-FR","potentialAction":[{"@type":"ReadAction","target":["https:\/\/anthonyskicks.dev.lemon-solutions.net\/fr\/privacy-policy-2\/"]}]},{"@type":"BreadcrumbList","@id":"https:\/\/anthonyskicks.dev.lemon-solutions.net\/fr\/privacy-policy-2\/#breadcrumb","itemListElement":[{"@type":"ListItem","position":1,"name":"Home","item":"https:\/\/www.anthonyskicks.com\/fr\/"},{"@type":"ListItem","position":2,"name":"Politique de confidentialit\u00e9"}]},{"@type":"WebSite","@id":"https:\/\/www.anthonyskicks.com\/#website","url":"https:\/\/www.anthonyskicks.com\/","name":"Anthony&#039;s Kicks","description":"Wij bieden de nieuwste sneakers aan","publisher":{"@id":"https:\/\/www.anthonyskicks.com\/#organization"},"potentialAction":[{"@type":"SearchAction","target":{"@type":"EntryPoint","urlTemplate":"https:\/\/www.anthonyskicks.com\/?s={search_term_string}"},"query-input":"required name=search_term_string"}],"inLanguage":"fr-FR"},{"@type":"Organization","@id":"https:\/\/www.anthonyskicks.com\/#organization","name":"Anthony&#039;s Kicks","url":"https:\/\/www.anthonyskicks.com\/","logo":{"@type":"ImageObject","inLanguage":"fr-FR","@id":"https:\/\/www.anthonyskicks.com\/#\/schema\/logo\/image\/","url":"https:\/\/anthonyskicks.dev.lemon-solutions.net\/wp-content\/uploads\/2020\/07\/cropped-logo_AK_wit_2.jpg","contentUrl":"https:\/\/anthonyskicks.dev.lemon-solutions.net\/wp-content\/uploads\/2020\/07\/cropped-logo_AK_wit_2.jpg","width":371,"height":355,"caption":"Anthony&#039;s Kicks"},"image":{"@id":"https:\/\/www.anthonyskicks.com\/#\/schema\/logo\/image\/"}}]}},"jetpack_sharing_enabled":true,"_links":{"self":[{"href":"https:\/\/anthonyskicks.dev.lemon-solutions.net\/fr\/wp-json\/wp\/v2\/pages\/39333"}],"collection":[{"href":"https:\/\/anthonyskicks.dev.lemon-solutions.net\/fr\/wp-json\/wp\/v2\/pages"}],"about":[{"href":"https:\/\/anthonyskicks.dev.lemon-solutions.net\/fr\/wp-json\/wp\/v2\/types\/page"}],"author":[{"embeddable":true,"href":"https:\/\/anthonyskicks.dev.lemon-solutions.net\/fr\/wp-json\/wp\/v2\/users\/1"}],"replies":[{"embeddable":true,"href":"https:\/\/anthonyskicks.dev.lemon-solutions.net\/fr\/wp-json\/wp\/v2\/comments?post=39333"}],"version-history":[{"count":0,"href":"https:\/\/anthonyskicks.dev.lemon-solutions.net\/fr\/wp-json\/wp\/v2\/pages\/39333\/revisions"}],"wp:attachment":[{"href":"https:\/\/anthonyskicks.dev.lemon-solutions.net\/fr\/wp-json\/wp\/v2\/media?parent=39333"}],"curies":[{"name":"wp","href":"https:\/\/api.w.org\/{rel}","templated":true}]}}