{"id":39360,"date":"2023-01-12T14:57:07","date_gmt":"2023-01-12T13:57:07","guid":{"rendered":"https:\/\/anthonyskicks.dev.lemon-solutions.net\/politique-dexpedition\/"},"modified":"2023-01-13T10:45:36","modified_gmt":"2023-01-13T09:45:36","slug":"politique-dexpedition","status":"publish","type":"page","link":"https:\/\/anthonyskicks.dev.lemon-solutions.net\/fr\/politique-dexpedition\/","title":{"rendered":"Politique d&rsquo;exp\u00e9dition"},"content":{"rendered":"\t\t<div data-elementor-type=\"wp-page\" data-elementor-id=\"39360\" class=\"elementor elementor-39360 elementor-376\" data-elementor-post-type=\"page\">\n\t\t\t\t\t\t\t\t\t<section class=\"elementor-section elementor-top-section elementor-element elementor-element-15a244f elementor-section-boxed elementor-section-height-default elementor-section-height-default\" data-id=\"15a244f\" data-element_type=\"section\">\n\t\t\t\t\t\t<div class=\"elementor-container elementor-column-gap-default\">\n\t\t\t\t\t<div class=\"elementor-column elementor-col-100 elementor-top-column elementor-element elementor-element-2883cd7\" data-id=\"2883cd7\" data-element_type=\"column\">\n\t\t\t<div class=\"elementor-widget-wrap elementor-element-populated\">\n\t\t\t\t\t\t\t\t<div class=\"elementor-element elementor-element-83d512a elementor-widget elementor-widget-text-editor\" data-id=\"83d512a\" data-element_type=\"widget\" data-widget_type=\"text-editor.default\">\n\t\t\t\t<div class=\"elementor-widget-container\">\n\t\t\t\t\t\t\t<p><strong><br \/>Exp\u00e9dier (FR)<\/strong><\/p>\n<ul>\n<li>Les produits sont exp\u00e9di\u00e9s les jours ouvrables, du lundi au samedi.<\/li>\n<li>Tous les produits sont exp\u00e9di\u00e9s dans une bo\u00eete suppl\u00e9mentaire (double bo\u00eete).<\/li>\n<li>Les d\u00e9lais de livraison sp\u00e9cifi\u00e9s dans la boutique sont utilis\u00e9s \u00e0 titre indicatif uniquement, aucun droit ne peut en \u00eatre d\u00e9duit.<\/li>\n<li>Anthony&rsquo;s Kicks n&rsquo;est pas responsable de la dur\u00e9e de l&rsquo;envoi<\/li>\n<\/ul>\n<p><strong>Frais d&rsquo;exp\u00e9ditionstrong<br \/><\/strong>, Livraison standard gratuite sur toutes les commandes d&rsquo;une valeur de 50 \u20ac aux Pays-Bas. Les commandes aux Pays-Bas sont exp\u00e9di\u00e9es avec PostNL.<\/p>\n<p>Livraison standard gratuite sur toutes les commandes d&rsquo;une valeur de 50 \u20ac en Belgique et en Allemagne. Les commandes en Belgique et en Allemagne sont exp\u00e9di\u00e9es avec DPD Home.<\/p>\n<p><strong>Pays-Bas<br \/><\/strong> Exp\u00e9dition et manutention (assur\u00e9 PostNL) : 7 \u20ac<\/p>\n<p><strong>Belgique et Allemagne<br \/><\/strong>Exp\u00e9dition et manutention (DPD Home) : 7 \u20ac<\/p>\n<p><strong>Reste de l&rsquo;Europe<br \/><\/strong> Exp\u00e9dition et manutention (DPD Home) : \u20ac10 | Frais de port en france :5\u20ac<\/p><\/p>\n\t\t\t\t\t\t<\/div>\n\t\t\t\t<\/div>\n\t\t\t\t\t<\/div>\n\t\t<\/div>\n\t\t\t\t\t\t\t<\/div>\n\t\t<\/section>\n\t\t\t\t\t\t\t<\/div>\n\t\t","protected":false},"excerpt":{"rendered":"<p>Exp\u00e9dier (FR) Les produits sont exp\u00e9di\u00e9s les jours ouvrables, du lundi au samedi. Tous les produits sont exp\u00e9di\u00e9s dans une bo\u00eete suppl\u00e9mentaire (double bo\u00eete). Les d\u00e9lais de livraison sp\u00e9cifi\u00e9s dans la boutique sont utilis\u00e9s \u00e0 titre indicatif uniquement, aucun droit ne peut en \u00eatre d\u00e9duit. Anthony&rsquo;s Kicks n&rsquo;est pas responsable de la dur\u00e9e de l&rsquo;envoi &hellip;<\/p>\n<p class=\"read-more\"> <a class=\"\" href=\"https:\/\/anthonyskicks.dev.lemon-solutions.net\/fr\/politique-dexpedition\/\"> <span class=\"screen-reader-text\">Politique d&rsquo;exp\u00e9dition<\/span> Lire la suite\u00a0\u00bb<\/a><\/p>\n","protected":false},"author":1,"featured_media":0,"parent":0,"menu_order":0,"comment_status":"closed","ping_status":"closed","template":"","meta":{"site-sidebar-layout":"no-sidebar","site-content-layout":"page-builder","ast-global-header-display":"","ast-banner-title-visibility":"","ast-main-header-display":"","ast-hfb-above-header-display":"","ast-hfb-below-header-display":"","ast-hfb-mobile-header-display":"","site-post-title":"disabled","ast-breadcrumbs-content":"","ast-featured-img":"disabled","footer-sml-layout":"","theme-transparent-header-meta":"default","adv-header-id-meta":"","stick-header-meta":"","header-above-stick-meta":"","header-main-stick-meta":"","header-below-stick-meta":"","footnotes":""},"yoast_head":"<!-- This site is optimized with the Yoast SEO plugin v21.7 - https:\/\/yoast.com\/wordpress\/plugins\/seo\/ -->\n<title>Politique d&#039;exp\u00e9dition - Anthony&#039;s Kicks<\/title>\n<meta name=\"robots\" content=\"index, follow, max-snippet:-1, max-image-preview:large, max-video-preview:-1\" \/>\n<link rel=\"canonical\" href=\"https:\/\/anthonyskicks.dev.lemon-solutions.net\/fr\/politique-dexpedition\/\" \/>\n<meta property=\"og:locale\" content=\"fr_FR\" \/>\n<meta property=\"og:type\" content=\"article\" \/>\n<meta property=\"og:title\" content=\"Politique d&#039;exp\u00e9dition - Anthony&#039;s Kicks\" \/>\n<meta property=\"og:description\" content=\"Exp\u00e9dier (FR) Les produits sont exp\u00e9di\u00e9s les jours ouvrables, du lundi au samedi. Tous les produits sont exp\u00e9di\u00e9s dans une bo\u00eete suppl\u00e9mentaire (double bo\u00eete). Les d\u00e9lais de livraison sp\u00e9cifi\u00e9s dans la boutique sont utilis\u00e9s \u00e0 titre indicatif uniquement, aucun droit ne peut en \u00eatre d\u00e9duit. Anthony&rsquo;s Kicks n&rsquo;est pas responsable de la dur\u00e9e de l&rsquo;envoi &hellip; Politique d&rsquo;exp\u00e9dition Lire la suite\u00a0\u00bb\" \/>\n<meta property=\"og:url\" content=\"https:\/\/anthonyskicks.dev.lemon-solutions.net\/fr\/politique-dexpedition\/\" \/>\n<meta property=\"og:site_name\" content=\"Anthony&#039;s Kicks\" \/>\n<meta property=\"article:modified_time\" content=\"2023-01-13T09:45:36+00:00\" \/>\n<meta name=\"twitter:card\" content=\"summary_large_image\" \/>\n<meta name=\"twitter:label1\" content=\"Dur\u00e9e de lecture estim\u00e9e\" \/>\n\t<meta name=\"twitter:data1\" content=\"1 minute\" \/>\n<script type=\"application\/ld+json\" class=\"yoast-schema-graph\">{\"@context\":\"https:\/\/schema.org\",\"@graph\":[{\"@type\":\"WebPage\",\"@id\":\"https:\/\/anthonyskicks.dev.lemon-solutions.net\/fr\/politique-dexpedition\/\",\"url\":\"https:\/\/anthonyskicks.dev.lemon-solutions.net\/fr\/politique-dexpedition\/\",\"name\":\"Politique d'exp\u00e9dition - Anthony&#039;s Kicks\",\"isPartOf\":{\"@id\":\"https:\/\/www.anthonyskicks.com\/#website\"},\"datePublished\":\"2023-01-12T13:57:07+00:00\",\"dateModified\":\"2023-01-13T09:45:36+00:00\",\"breadcrumb\":{\"@id\":\"https:\/\/anthonyskicks.dev.lemon-solutions.net\/fr\/politique-dexpedition\/#breadcrumb\"},\"inLanguage\":\"fr-FR\",\"potentialAction\":[{\"@type\":\"ReadAction\",\"target\":[\"https:\/\/anthonyskicks.dev.lemon-solutions.net\/fr\/politique-dexpedition\/\"]}]},{\"@type\":\"BreadcrumbList\",\"@id\":\"https:\/\/anthonyskicks.dev.lemon-solutions.net\/fr\/politique-dexpedition\/#breadcrumb\",\"itemListElement\":[{\"@type\":\"ListItem\",\"position\":1,\"name\":\"Home\",\"item\":\"https:\/\/www.anthonyskicks.com\/fr\/\"},{\"@type\":\"ListItem\",\"position\":2,\"name\":\"Politique d&#8217;exp\u00e9dition\"}]},{\"@type\":\"WebSite\",\"@id\":\"https:\/\/www.anthonyskicks.com\/#website\",\"url\":\"https:\/\/www.anthonyskicks.com\/\",\"name\":\"Anthony&#039;s Kicks\",\"description\":\"Wij bieden de nieuwste sneakers aan\",\"publisher\":{\"@id\":\"https:\/\/www.anthonyskicks.com\/#organization\"},\"potentialAction\":[{\"@type\":\"SearchAction\",\"target\":{\"@type\":\"EntryPoint\",\"urlTemplate\":\"https:\/\/www.anthonyskicks.com\/?s={search_term_string}\"},\"query-input\":\"required name=search_term_string\"}],\"inLanguage\":\"fr-FR\"},{\"@type\":\"Organization\",\"@id\":\"https:\/\/www.anthonyskicks.com\/#organization\",\"name\":\"Anthony&#039;s Kicks\",\"url\":\"https:\/\/www.anthonyskicks.com\/\",\"logo\":{\"@type\":\"ImageObject\",\"inLanguage\":\"fr-FR\",\"@id\":\"https:\/\/www.anthonyskicks.com\/#\/schema\/logo\/image\/\",\"url\":\"https:\/\/anthonyskicks.dev.lemon-solutions.net\/wp-content\/uploads\/2020\/07\/cropped-logo_AK_wit_2.jpg\",\"contentUrl\":\"https:\/\/anthonyskicks.dev.lemon-solutions.net\/wp-content\/uploads\/2020\/07\/cropped-logo_AK_wit_2.jpg\",\"width\":371,\"height\":355,\"caption\":\"Anthony&#039;s Kicks\"},\"image\":{\"@id\":\"https:\/\/www.anthonyskicks.com\/#\/schema\/logo\/image\/\"}}]}<\/script>\n<!-- \/ Yoast SEO plugin. -->","yoast_head_json":{"title":"Politique d'exp\u00e9dition - Anthony&#039;s Kicks","robots":{"index":"index","follow":"follow","max-snippet":"max-snippet:-1","max-image-preview":"max-image-preview:large","max-video-preview":"max-video-preview:-1"},"canonical":"https:\/\/anthonyskicks.dev.lemon-solutions.net\/fr\/politique-dexpedition\/","og_locale":"fr_FR","og_type":"article","og_title":"Politique d'exp\u00e9dition - Anthony&#039;s Kicks","og_description":"Exp\u00e9dier (FR) Les produits sont exp\u00e9di\u00e9s les jours ouvrables, du lundi au samedi. Tous les produits sont exp\u00e9di\u00e9s dans une bo\u00eete suppl\u00e9mentaire (double bo\u00eete). Les d\u00e9lais de livraison sp\u00e9cifi\u00e9s dans la boutique sont utilis\u00e9s \u00e0 titre indicatif uniquement, aucun droit ne peut en \u00eatre d\u00e9duit. Anthony&rsquo;s Kicks n&rsquo;est pas responsable de la dur\u00e9e de l&rsquo;envoi &hellip; Politique d&rsquo;exp\u00e9dition Lire la suite\u00a0\u00bb","og_url":"https:\/\/anthonyskicks.dev.lemon-solutions.net\/fr\/politique-dexpedition\/","og_site_name":"Anthony&#039;s Kicks","article_modified_time":"2023-01-13T09:45:36+00:00","twitter_card":"summary_large_image","twitter_misc":{"Dur\u00e9e de lecture estim\u00e9e":"1 minute"},"schema":{"@context":"https:\/\/schema.org","@graph":[{"@type":"WebPage","@id":"https:\/\/anthonyskicks.dev.lemon-solutions.net\/fr\/politique-dexpedition\/","url":"https:\/\/anthonyskicks.dev.lemon-solutions.net\/fr\/politique-dexpedition\/","name":"Politique d'exp\u00e9dition - Anthony&#039;s Kicks","isPartOf":{"@id":"https:\/\/www.anthonyskicks.com\/#website"},"datePublished":"2023-01-12T13:57:07+00:00","dateModified":"2023-01-13T09:45:36+00:00","breadcrumb":{"@id":"https:\/\/anthonyskicks.dev.lemon-solutions.net\/fr\/politique-dexpedition\/#breadcrumb"},"inLanguage":"fr-FR","potentialAction":[{"@type":"ReadAction","target":["https:\/\/anthonyskicks.dev.lemon-solutions.net\/fr\/politique-dexpedition\/"]}]},{"@type":"BreadcrumbList","@id":"https:\/\/anthonyskicks.dev.lemon-solutions.net\/fr\/politique-dexpedition\/#breadcrumb","itemListElement":[{"@type":"ListItem","position":1,"name":"Home","item":"https:\/\/www.anthonyskicks.com\/fr\/"},{"@type":"ListItem","position":2,"name":"Politique d&#8217;exp\u00e9dition"}]},{"@type":"WebSite","@id":"https:\/\/www.anthonyskicks.com\/#website","url":"https:\/\/www.anthonyskicks.com\/","name":"Anthony&#039;s Kicks","description":"Wij bieden de nieuwste sneakers aan","publisher":{"@id":"https:\/\/www.anthonyskicks.com\/#organization"},"potentialAction":[{"@type":"SearchAction","target":{"@type":"EntryPoint","urlTemplate":"https:\/\/www.anthonyskicks.com\/?s={search_term_string}"},"query-input":"required name=search_term_string"}],"inLanguage":"fr-FR"},{"@type":"Organization","@id":"https:\/\/www.anthonyskicks.com\/#organization","name":"Anthony&#039;s Kicks","url":"https:\/\/www.anthonyskicks.com\/","logo":{"@type":"ImageObject","inLanguage":"fr-FR","@id":"https:\/\/www.anthonyskicks.com\/#\/schema\/logo\/image\/","url":"https:\/\/anthonyskicks.dev.lemon-solutions.net\/wp-content\/uploads\/2020\/07\/cropped-logo_AK_wit_2.jpg","contentUrl":"https:\/\/anthonyskicks.dev.lemon-solutions.net\/wp-content\/uploads\/2020\/07\/cropped-logo_AK_wit_2.jpg","width":371,"height":355,"caption":"Anthony&#039;s Kicks"},"image":{"@id":"https:\/\/www.anthonyskicks.com\/#\/schema\/logo\/image\/"}}]}},"jetpack_sharing_enabled":true,"_links":{"self":[{"href":"https:\/\/anthonyskicks.dev.lemon-solutions.net\/fr\/wp-json\/wp\/v2\/pages\/39360"}],"collection":[{"href":"https:\/\/anthonyskicks.dev.lemon-solutions.net\/fr\/wp-json\/wp\/v2\/pages"}],"about":[{"href":"https:\/\/anthonyskicks.dev.lemon-solutions.net\/fr\/wp-json\/wp\/v2\/types\/page"}],"author":[{"embeddable":true,"href":"https:\/\/anthonyskicks.dev.lemon-solutions.net\/fr\/wp-json\/wp\/v2\/users\/1"}],"replies":[{"embeddable":true,"href":"https:\/\/anthonyskicks.dev.lemon-solutions.net\/fr\/wp-json\/wp\/v2\/comments?post=39360"}],"version-history":[{"count":0,"href":"https:\/\/anthonyskicks.dev.lemon-solutions.net\/fr\/wp-json\/wp\/v2\/pages\/39360\/revisions"}],"wp:attachment":[{"href":"https:\/\/anthonyskicks.dev.lemon-solutions.net\/fr\/wp-json\/wp\/v2\/media?parent=39360"}],"curies":[{"name":"wp","href":"https:\/\/api.w.org\/{rel}","templated":true}]}}