{"id":39553,"date":"2022-10-27T15:28:39","date_gmt":"2023-01-12T14:35:14","guid":{"rendered":"https:\/\/anthonyskicks.dev.lemon-solutions.net\/product\/jordan-1-mid-ice-blue-2\/"},"modified":"2023-02-12T13:25:39","modified_gmt":"2023-02-12T12:25:39","slug":"jordan-1-mid-ice-blue","status":"publish","type":"product","link":"https:\/\/anthonyskicks.dev.lemon-solutions.net\/fr\/produit\/jordan-1-mid-ice-blue\/","title":{"rendered":"Jordan 1 Mid Ice Blue"},"content":{"rendered":"","protected":false},"excerpt":{"rendered":"<ul>\n<li>Ces baskets sont neuves et jamais port\u00e9es.<\/li>\n<li>Livr\u00e9 dans la bo\u00eete originale.<\/li>\n<li>Ce produit est 100% authentique.<\/li>\n<li>Livraison gratuite aux Pays-Bas.<\/li>\n<li>Vous n&rsquo;\u00eates pas s\u00fbr de votre taille Il est alors recommand\u00e9 de prendre une demi-taille plus grande.<\/li>\n<li>Cliquez <a href=\"https:\/\/anthonyskicks.com\/maattabel\/\">ici<\/a> pour notre guide des tailles.<\/li>\n<\/ul>\n","protected":false},"featured_media":39554,"template":"","meta":{"site-sidebar-layout":"default","site-content-layout":"default","ast-global-header-display":"","ast-banner-title-visibility":"","ast-main-header-display":"","ast-hfb-above-header-display":"","ast-hfb-below-header-display":"","ast-hfb-mobile-header-display":"","site-post-title":"","ast-breadcrumbs-content":"","ast-featured-img":"","footer-sml-layout":"","theme-transparent-header-meta":"default","adv-header-id-meta":"","stick-header-meta":"","header-above-stick-meta":"","header-main-stick-meta":"","header-below-stick-meta":""},"product_cat":[206,207],"product_tag":[],"yoast_head":"<!-- This site is optimized with the Yoast SEO plugin v21.7 - https:\/\/yoast.com\/wordpress\/plugins\/seo\/ -->\n<title>Jordan 1 Mid Ice Blue - Anthony&#039;s Kicks<\/title>\n<meta name=\"robots\" content=\"index, follow, max-snippet:-1, max-image-preview:large, max-video-preview:-1\" \/>\n<link rel=\"canonical\" href=\"https:\/\/anthonyskicks.dev.lemon-solutions.net\/fr\/produit\/jordan-1-mid-ice-blue\/\" \/>\n<meta property=\"og:locale\" content=\"fr_FR\" \/>\n<meta property=\"og:type\" content=\"article\" \/>\n<meta property=\"og:title\" content=\"Jordan 1 Mid Ice Blue - Anthony&#039;s Kicks\" \/>\n<meta property=\"og:description\" content=\"Ces baskets sont neuves et jamais port\u00e9es.  Livr\u00e9 dans la bo\u00eete originale.  Ce produit est 100% authentique.  Livraison gratuite aux Pays-Bas.  Vous n&#039;\u00eates pas s\u00fbr de votre taille Il est alors recommand\u00e9 de prendre une demi-taille plus grande.  Cliquez ici pour notre guide des tailles.\" \/>\n<meta property=\"og:url\" content=\"https:\/\/anthonyskicks.dev.lemon-solutions.net\/fr\/produit\/jordan-1-mid-ice-blue\/\" \/>\n<meta property=\"og:site_name\" content=\"Anthony&#039;s Kicks\" \/>\n<meta property=\"article:modified_time\" content=\"2023-02-12T12:25:39+00:00\" \/>\n<meta property=\"og:image\" content=\"https:\/\/www.anthonyskicks.com\/wp-content\/uploads\/2022\/10\/mid-ice-blue-gs-r.png\" \/>\n\t<meta property=\"og:image:width\" content=\"800\" \/>\n\t<meta property=\"og:image:height\" content=\"800\" \/>\n\t<meta property=\"og:image:type\" content=\"image\/png\" \/>\n<meta name=\"twitter:card\" content=\"summary_large_image\" \/>\n<script type=\"application\/ld+json\" class=\"yoast-schema-graph\">{\"@context\":\"https:\/\/schema.org\",\"@graph\":[{\"@type\":\"WebPage\",\"@id\":\"https:\/\/anthonyskicks.dev.lemon-solutions.net\/fr\/produit\/jordan-1-mid-ice-blue\/\",\"url\":\"https:\/\/anthonyskicks.dev.lemon-solutions.net\/fr\/produit\/jordan-1-mid-ice-blue\/\",\"name\":\"Jordan 1 Mid Ice Blue - Anthony&#039;s Kicks\",\"isPartOf\":{\"@id\":\"https:\/\/www.anthonyskicks.com\/#website\"},\"datePublished\":\"2023-01-12T14:35:14+00:00\",\"dateModified\":\"2023-02-12T12:25:39+00:00\",\"breadcrumb\":{\"@id\":\"https:\/\/anthonyskicks.dev.lemon-solutions.net\/fr\/produit\/jordan-1-mid-ice-blue\/#breadcrumb\"},\"inLanguage\":\"fr-FR\",\"potentialAction\":[{\"@type\":\"ReadAction\",\"target\":[\"https:\/\/anthonyskicks.dev.lemon-solutions.net\/fr\/produit\/jordan-1-mid-ice-blue\/\"]}]},{\"@type\":\"BreadcrumbList\",\"@id\":\"https:\/\/anthonyskicks.dev.lemon-solutions.net\/fr\/produit\/jordan-1-mid-ice-blue\/#breadcrumb\",\"itemListElement\":[{\"@type\":\"ListItem\",\"position\":1,\"name\":\"Home\",\"item\":\"https:\/\/www.anthonyskicks.com\/fr\/\"},{\"@type\":\"ListItem\",\"position\":2,\"name\":\"Jordan 1 Mid Ice Blue\"}]},{\"@type\":\"WebSite\",\"@id\":\"https:\/\/www.anthonyskicks.com\/#website\",\"url\":\"https:\/\/www.anthonyskicks.com\/\",\"name\":\"Anthony&#039;s Kicks\",\"description\":\"Wij bieden de nieuwste sneakers aan\",\"publisher\":{\"@id\":\"https:\/\/www.anthonyskicks.com\/#organization\"},\"potentialAction\":[{\"@type\":\"SearchAction\",\"target\":{\"@type\":\"EntryPoint\",\"urlTemplate\":\"https:\/\/www.anthonyskicks.com\/?s={search_term_string}\"},\"query-input\":\"required name=search_term_string\"}],\"inLanguage\":\"fr-FR\"},{\"@type\":\"Organization\",\"@id\":\"https:\/\/www.anthonyskicks.com\/#organization\",\"name\":\"Anthony&#039;s Kicks\",\"url\":\"https:\/\/www.anthonyskicks.com\/\",\"logo\":{\"@type\":\"ImageObject\",\"inLanguage\":\"fr-FR\",\"@id\":\"https:\/\/www.anthonyskicks.com\/#\/schema\/logo\/image\/\",\"url\":\"https:\/\/anthonyskicks.dev.lemon-solutions.net\/wp-content\/uploads\/2020\/07\/cropped-logo_AK_wit_2.jpg\",\"contentUrl\":\"https:\/\/anthonyskicks.dev.lemon-solutions.net\/wp-content\/uploads\/2020\/07\/cropped-logo_AK_wit_2.jpg\",\"width\":371,\"height\":355,\"caption\":\"Anthony&#039;s Kicks\"},\"image\":{\"@id\":\"https:\/\/www.anthonyskicks.com\/#\/schema\/logo\/image\/\"}}]}<\/script>\n<!-- \/ Yoast SEO plugin. -->","yoast_head_json":{"title":"Jordan 1 Mid Ice Blue - Anthony&#039;s Kicks","robots":{"index":"index","follow":"follow","max-snippet":"max-snippet:-1","max-image-preview":"max-image-preview:large","max-video-preview":"max-video-preview:-1"},"canonical":"https:\/\/anthonyskicks.dev.lemon-solutions.net\/fr\/produit\/jordan-1-mid-ice-blue\/","og_locale":"fr_FR","og_type":"article","og_title":"Jordan 1 Mid Ice Blue - Anthony&#039;s Kicks","og_description":"Ces baskets sont neuves et jamais port\u00e9es.  Livr\u00e9 dans la bo\u00eete originale.  Ce produit est 100% authentique.  Livraison gratuite aux Pays-Bas.  Vous n'\u00eates pas s\u00fbr de votre taille Il est alors recommand\u00e9 de prendre une demi-taille plus grande.  Cliquez ici pour notre guide des tailles.","og_url":"https:\/\/anthonyskicks.dev.lemon-solutions.net\/fr\/produit\/jordan-1-mid-ice-blue\/","og_site_name":"Anthony&#039;s Kicks","article_modified_time":"2023-02-12T12:25:39+00:00","og_image":[{"width":800,"height":800,"url":"https:\/\/www.anthonyskicks.com\/wp-content\/uploads\/2022\/10\/mid-ice-blue-gs-r.png","type":"image\/png"}],"twitter_card":"summary_large_image","schema":{"@context":"https:\/\/schema.org","@graph":[{"@type":"WebPage","@id":"https:\/\/anthonyskicks.dev.lemon-solutions.net\/fr\/produit\/jordan-1-mid-ice-blue\/","url":"https:\/\/anthonyskicks.dev.lemon-solutions.net\/fr\/produit\/jordan-1-mid-ice-blue\/","name":"Jordan 1 Mid Ice Blue - Anthony&#039;s Kicks","isPartOf":{"@id":"https:\/\/www.anthonyskicks.com\/#website"},"datePublished":"2023-01-12T14:35:14+00:00","dateModified":"2023-02-12T12:25:39+00:00","breadcrumb":{"@id":"https:\/\/anthonyskicks.dev.lemon-solutions.net\/fr\/produit\/jordan-1-mid-ice-blue\/#breadcrumb"},"inLanguage":"fr-FR","potentialAction":[{"@type":"ReadAction","target":["https:\/\/anthonyskicks.dev.lemon-solutions.net\/fr\/produit\/jordan-1-mid-ice-blue\/"]}]},{"@type":"BreadcrumbList","@id":"https:\/\/anthonyskicks.dev.lemon-solutions.net\/fr\/produit\/jordan-1-mid-ice-blue\/#breadcrumb","itemListElement":[{"@type":"ListItem","position":1,"name":"Home","item":"https:\/\/www.anthonyskicks.com\/fr\/"},{"@type":"ListItem","position":2,"name":"Jordan 1 Mid Ice Blue"}]},{"@type":"WebSite","@id":"https:\/\/www.anthonyskicks.com\/#website","url":"https:\/\/www.anthonyskicks.com\/","name":"Anthony&#039;s Kicks","description":"Wij bieden de nieuwste sneakers aan","publisher":{"@id":"https:\/\/www.anthonyskicks.com\/#organization"},"potentialAction":[{"@type":"SearchAction","target":{"@type":"EntryPoint","urlTemplate":"https:\/\/www.anthonyskicks.com\/?s={search_term_string}"},"query-input":"required name=search_term_string"}],"inLanguage":"fr-FR"},{"@type":"Organization","@id":"https:\/\/www.anthonyskicks.com\/#organization","name":"Anthony&#039;s Kicks","url":"https:\/\/www.anthonyskicks.com\/","logo":{"@type":"ImageObject","inLanguage":"fr-FR","@id":"https:\/\/www.anthonyskicks.com\/#\/schema\/logo\/image\/","url":"https:\/\/anthonyskicks.dev.lemon-solutions.net\/wp-content\/uploads\/2020\/07\/cropped-logo_AK_wit_2.jpg","contentUrl":"https:\/\/anthonyskicks.dev.lemon-solutions.net\/wp-content\/uploads\/2020\/07\/cropped-logo_AK_wit_2.jpg","width":371,"height":355,"caption":"Anthony&#039;s Kicks"},"image":{"@id":"https:\/\/www.anthonyskicks.com\/#\/schema\/logo\/image\/"}}]}},"jetpack_sharing_enabled":true,"_links":{"self":[{"href":"https:\/\/anthonyskicks.dev.lemon-solutions.net\/fr\/wp-json\/wp\/v2\/product\/39553"}],"collection":[{"href":"https:\/\/anthonyskicks.dev.lemon-solutions.net\/fr\/wp-json\/wp\/v2\/product"}],"about":[{"href":"https:\/\/anthonyskicks.dev.lemon-solutions.net\/fr\/wp-json\/wp\/v2\/types\/product"}],"wp:featuredmedia":[{"embeddable":true,"href":"https:\/\/anthonyskicks.dev.lemon-solutions.net\/fr\/wp-json\/wp\/v2\/media\/39554"}],"wp:attachment":[{"href":"https:\/\/anthonyskicks.dev.lemon-solutions.net\/fr\/wp-json\/wp\/v2\/media?parent=39553"}],"wp:term":[{"taxonomy":"product_cat","embeddable":true,"href":"https:\/\/anthonyskicks.dev.lemon-solutions.net\/fr\/wp-json\/wp\/v2\/product_cat?post=39553"},{"taxonomy":"product_tag","embeddable":true,"href":"https:\/\/anthonyskicks.dev.lemon-solutions.net\/fr\/wp-json\/wp\/v2\/product_tag?post=39553"}],"curies":[{"name":"wp","href":"https:\/\/api.w.org\/{rel}","templated":true}]}}