{"id":31276,"date":"2022-11-01T11:13:01","date_gmt":"2022-11-01T10:13:01","guid":{"rendered":"https:\/\/anthonyskicks.dev.lemon-solutions.net\/termini-e-condizioni\/"},"modified":"2022-11-01T11:13:01","modified_gmt":"2022-11-01T10:13:01","slug":"termini-e-condizioni","status":"publish","type":"page","link":"https:\/\/anthonyskicks.dev.lemon-solutions.net\/it\/termini-e-condizioni\/","title":{"rendered":"Termini e condizioni"},"content":{"rendered":"\t\t<div data-elementor-type=\"wp-page\" data-elementor-id=\"31276\" class=\"elementor elementor-31276 elementor-808\" data-elementor-post-type=\"page\">\n\t\t\t\t\t\t\t\t\t<section class=\"elementor-section elementor-top-section elementor-element elementor-element-17aa93d elementor-section-boxed elementor-section-height-default elementor-section-height-default\" data-id=\"17aa93d\" data-element_type=\"section\">\n\t\t\t\t\t\t<div class=\"elementor-container elementor-column-gap-default\">\n\t\t\t\t\t<div class=\"elementor-column elementor-col-100 elementor-top-column elementor-element elementor-element-0940bc3\" data-id=\"0940bc3\" data-element_type=\"column\">\n\t\t\t<div class=\"elementor-widget-wrap elementor-element-populated\">\n\t\t\t\t\t\t\t\t<div class=\"elementor-element elementor-element-f3dcd03 elementor-widget elementor-widget-heading\" data-id=\"f3dcd03\" data-element_type=\"widget\" data-widget_type=\"heading.default\">\n\t\t\t\t<div class=\"elementor-widget-container\">\n\t\t\t<h2 class=\"elementor-heading-title elementor-size-default\">Termini e condizioni<\/h2>\t\t<\/div>\n\t\t\t\t<\/div>\n\t\t\t\t<div class=\"elementor-element elementor-element-3c16221 elementor-widget elementor-widget-text-editor\" data-id=\"3c16221\" data-element_type=\"widget\" data-widget_type=\"text-editor.default\">\n\t\t\t\t<div class=\"elementor-widget-container\">\n\t\t\t\t\t\t\t<p>Con l&#8217;invio dell&#8217;ordine e l&#8217;approvazione dei presenti termini e condizioni, si stipula un contratto vincolante.<\/p>\n<p><strong>Pagamento<br \/><\/strong>Attualmente, Anthony&#8217;s Kicks supporta i seguenti metodi di pagamento:<br \/> &#8211; Rembours (contanti)<br \/> &#8211; iDeal<br \/> &#8211; Bonifico bancario<br \/> &#8211; Carta di credito<\/p>\n<p><strong>Ordini<br \/><\/strong> Anthony&#8217;s Kicks si riserva il diritto di NON consegnare un ordine qualora il livello delle scorte non fosse corretto al momento della ricezione dell&#8217;ordine.<br \/>Anthony&#8217;s Kicks non \u00e8 responsabile per lo smarrimento di pacchi che si discostano dall&#8217;indirizzo di fatturazione. L&#8217;acquirente deve trattare con il destinatario in caso di eventuali smarrimenti.<br \/>Se Anthony&#8217;s Kicks non \u00e8 in grado di consegnare un prodotto, l&#8217;acquirente verr\u00e0 contattato e gli verr\u00e0 data la possibilit\u00e0 di annullare l&#8217;acquisto. Pu\u00f2 anche essere offerta una consegna posticipata.<\/p>\n<p><strong>Qualit\u00e0 del prodotto <\/strong><\/p>\n<ul>\n<li>A causa delle impostazioni dei colori del vostro computer o smartphone, le immagini dei prodotti possono differire dalla realt\u00e0, Anthony&#8217;s Kicks non \u00e8 in alcun modo responsabile di questo.<\/li>\n<li>\u2022 Controlliamo accuratamente i prodotti prima che vengano spediti, in caso di difetti inviare una mail con il numero d&#8217;ordine ed eventuali foto a <a href=\"mailto:support@anthonyskicks.com\">support@anthonyskicks.com<\/a>.<\/li>\n<li>Anthony&#8217;s Kicks consegna sempre i prodotti nella scatola di scarpe originale (autentica). Durante la spedizione della merce, non possiamo garantire che le scatole di scarpe arrivino integre all&#8217;acquirente. Anthony&#8217;s Kicks cerca sempre di consegnare le scatole di scarpe nelle condizioni ottimali. Effettuando l&#8217;ordine si accetta il rischio che le scatole di scarpe possano essere danneggiate. I resi per scatole rotte o danneggiate saranno rifiutati. <\/li>\n<\/ul>\n<p><strong>Politica di reso<br \/><\/strong><\/p>\n<p>Siamo qui per aiutarvi se volete cambiare o restituire i vostri prodotti.<\/p>\n<p>Dopo aver ricevuto il prodotto, avete il diritto di aprire e ispezionare il pacco. Avete 30 giorni di tempo per restituire il pacco.<\/p>\n<p>Prima di restituire il prodotto, assicuratevi che l&#8217;articolo soddisfi i seguenti criteri:<\/p>\n<ul>\n<li>Le scarpe da ginnastica in questione non sono state indossate Ci\u00f2 significa che non ci sono pieghe nelle scarpe (grinze sulla punta) e che non c&#8217;\u00e8 polvere o sporcizia sulle scarpe.<\/li>\n<li>La scatola \u00e8 in buone condizioni<\/li>\n<li>Tutti i cartellini (cartellini di fabbrica, lacci extra, cartellini extra e qualsiasi altro accessorio incluso) devono essere attaccati al prodotto<\/li>\n<\/ul>\n<p><strong>Come effettuare il reso?<\/strong><\/p>\n<ul>\n<li>Compilare il modulo di reso allegato con il proprio nome e il numero d&#8217;ordine e inserirlo nella scatola di scarpe.<\/li>\n<li>Mettere la scatola di scarpe in una scatola di cartone esterna<\/li>\n<li>Chiudere la scatola di cartone con il nastro adesivo e attaccare l&#8217;etichetta di restituzione in dotazione sulla scatola<\/li>\n<li>Portare il pacco al punto di spedizione pi\u00f9 vicino e pagare il reso l\u00ec.<\/li>\n<\/ul>\n<p>Gli articoli acquistati tramite richiesta personale non possono essere restituiti.<br \/>(Una richiesta personale si ha quando si ordinano scarpe che non sono offerte tramite il webshop)<\/p>\n<p>Vi consigliamo di scegliere un servizio di spedizione tracciabile o di optare per un&#8217;assicurazione per il vostro reso. . Conservate quindi la prova di spedizione.<\/p>\n<p>Una volta che il pacco \u00e8 arrivato da noi, il reso\/cambio verr\u00e0 elaborato da noi entro 3-5 giorni lavorativi Se ci vogliono pi\u00f9 di 5 giorni lavorativi, potete sempre inviarci un&#8217;e-mail a <a href=\"mailto:info@anthonyskicks.com\">support@anthonyskicks.com<\/a> per avere un aggiornamento.<\/p>\n<p>Anthony&#8217;s Kicks <u>non<\/u> \u00e8 responsabile in caso di smarrimento durante la spedizione, <u>n\u00e9<\/u> tantomeno per il rimborso delle spese di spedizione.<\/p>\n<p>Le aziende\/rivenditori che effettuano un ordine a scopo di lucro non hanno diritto alla restituzione.<\/p>\n<p><strong>Shipping<\/strong><\/p>\n<ul>\n<li>I prodotti sono spediti nei giorni lavorativi dal luned\u00ec al venerd\u00ec<\/li>\n<li>Tutti i prodotti vengono spediti in una scatola extra (doppia scatola)<\/li>\n<li>I tempi di spedizione specificati nel negozio sono solo indicativi, non \u00e8 possibile trarne alcun diritto.<\/li>\n<li>Anthony&#8217;s Kicks <u>non<\/u> \u00e8 responsabile per la durata della spedizione<\/li>\n<li>Anthony&#8217;s Kicks non \u00e8 responsabile per le tasse doganali e\/o l&#8217;IVA aggiuntive per la consegna al di fuori dell&#8217;UE.<\/li>\n<li>Anthony&#8217;s Kicks non effettua spedizioni presso i punti di raccolta DPD e UPS per limitare il rischio di frode. Il cliente deve fare una scelta nell&#8217;e-mail di DPD per cambiare la consegna. <u>Non<\/u> siamo responsabili di eventuali smarrimenti presso questi punti di raccolta.<\/li>\n<\/ul>\n<p><strong>Costi di spedizione<br \/><\/strong>Le spese di spedizione standard per l&#8217;Italia sono di 7,50 euro gli ordini in Italia vengono spediti con UPS. In Europa utilizziamo DPD o UPS<\/p>\n<p><strong>Italia:<br \/><\/strong>Spese di spedizione : \u20ac7,50<\/p>\n<p><strong>Tutti gli altri paesi europei:<br \/><\/strong>Spedizione e gestione (DPD Home\/UPS Standard): \u20ac 10<\/p>\n<p><strong>Domande e feedback<br \/><\/strong>Avete domande o commenti da farci? Inviate un&#8217;e-mail a <a href=\"mailto:support@anthonyskicks.com\">support@anthonyskicks.com.<\/a><\/p>\n<p><strong>Informazioni sull&#8217;azienda<br \/><\/strong>Il webshop <a href=\"http:\/\/anthonyskicks.dev.lemon-solutions.net\/\">anthonyskicks.dev.lemon-solutions.net<\/a> e il dominio registrato sono di propriet\u00e0 di Anthony&#8217;s Kicks.<\/p>\n<p>Anthony&#8217;s Kicks \u00e8 registrato presso la Camera di Commercio dei Paesi Bassi.<br \/><span style=\"font-size: 16px;\">Cvc:<\/span> <span class=\"s1\">82161356<\/span><\/p>\n<p><span style=\"font-size: 16px;\"><br \/><\/span>Numero di identificazione IVA: <span class=\"s1\">NL862359557B01<\/span><\/p>\n<p>Per il trattamento dei dati abbiamo stipulato accordi con le seguenti parti:<\/p>\n<ul>\n<li>WordPress (partner per l&#8217;hosting)<\/li>\n<li>UPS (partner per le spedizioni)<\/li>\n<\/ul>\n<p><strong> <\/strong><\/p>\n\t\t\t\t\t\t<\/div>\n\t\t\t\t<\/div>\n\t\t\t\t\t<\/div>\n\t\t<\/div>\n\t\t\t\t\t\t\t<\/div>\n\t\t<\/section>\n\t\t\t\t\t\t\t<\/div>\n\t\t","protected":false},"excerpt":{"rendered":"<p>Termini e condizioni Con l&#8217;invio dell&#8217;ordine e l&#8217;approvazione dei presenti termini e condizioni, si stipula un contratto vincolante. PagamentoAttualmente, Anthony&#8217;s Kicks supporta i seguenti metodi di pagamento: &#8211; Rembours (contanti) &#8211; iDeal &#8211; Bonifico bancario &#8211; Carta di credito Ordini Anthony&#8217;s Kicks si riserva il diritto di NON consegnare un ordine qualora il livello delle &hellip;<\/p>\n<p class=\"read-more\"> <a class=\"\" href=\"https:\/\/anthonyskicks.dev.lemon-solutions.net\/it\/termini-e-condizioni\/\"> <span class=\"screen-reader-text\">Termini e condizioni<\/span> Leggi altro &raquo;<\/a><\/p>\n","protected":false},"author":1,"featured_media":0,"parent":0,"menu_order":0,"comment_status":"closed","ping_status":"closed","template":"","meta":{"site-sidebar-layout":"no-sidebar","site-content-layout":"page-builder","ast-global-header-display":"","ast-banner-title-visibility":"","ast-main-header-display":"","ast-hfb-above-header-display":"","ast-hfb-below-header-display":"","ast-hfb-mobile-header-display":"","site-post-title":"disabled","ast-breadcrumbs-content":"","ast-featured-img":"disabled","footer-sml-layout":"","theme-transparent-header-meta":"default","adv-header-id-meta":"","stick-header-meta":"","header-above-stick-meta":"","header-main-stick-meta":"","header-below-stick-meta":"","footnotes":""},"yoast_head":"<!-- This site is optimized with the Yoast SEO plugin v21.7 - https:\/\/yoast.com\/wordpress\/plugins\/seo\/ -->\n<title>Termini e condizioni - Anthony&#039;s Kicks<\/title>\n<meta name=\"robots\" content=\"index, follow, max-snippet:-1, max-image-preview:large, max-video-preview:-1\" \/>\n<link rel=\"canonical\" href=\"https:\/\/anthonyskicks.dev.lemon-solutions.net\/it\/termini-e-condizioni\/\" \/>\n<meta property=\"og:locale\" content=\"it_IT\" \/>\n<meta property=\"og:type\" content=\"article\" \/>\n<meta property=\"og:title\" content=\"Termini e condizioni - Anthony&#039;s Kicks\" \/>\n<meta property=\"og:description\" content=\"Termini e condizioni Con l&#8217;invio dell&#8217;ordine e l&#8217;approvazione dei presenti termini e condizioni, si stipula un contratto vincolante. PagamentoAttualmente, Anthony&#8217;s Kicks supporta i seguenti metodi di pagamento: &#8211; Rembours (contanti) &#8211; iDeal &#8211; Bonifico bancario &#8211; Carta di credito Ordini Anthony&#8217;s Kicks si riserva il diritto di NON consegnare un ordine qualora il livello delle &hellip; Termini e condizioni Leggi altro &raquo;\" \/>\n<meta property=\"og:url\" content=\"https:\/\/anthonyskicks.dev.lemon-solutions.net\/it\/termini-e-condizioni\/\" \/>\n<meta property=\"og:site_name\" content=\"Anthony&#039;s Kicks\" \/>\n<meta name=\"twitter:card\" content=\"summary_large_image\" \/>\n<meta name=\"twitter:label1\" content=\"Tempo di lettura stimato\" \/>\n\t<meta name=\"twitter:data1\" content=\"4 minuti\" \/>\n<script type=\"application\/ld+json\" class=\"yoast-schema-graph\">{\"@context\":\"https:\/\/schema.org\",\"@graph\":[{\"@type\":\"WebPage\",\"@id\":\"https:\/\/anthonyskicks.dev.lemon-solutions.net\/it\/termini-e-condizioni\/\",\"url\":\"https:\/\/anthonyskicks.dev.lemon-solutions.net\/it\/termini-e-condizioni\/\",\"name\":\"Termini e condizioni - Anthony&#039;s Kicks\",\"isPartOf\":{\"@id\":\"https:\/\/www.anthonyskicks.com\/#website\"},\"datePublished\":\"2022-11-01T10:13:01+00:00\",\"dateModified\":\"2022-11-01T10:13:01+00:00\",\"breadcrumb\":{\"@id\":\"https:\/\/anthonyskicks.dev.lemon-solutions.net\/it\/termini-e-condizioni\/#breadcrumb\"},\"inLanguage\":\"it-IT\",\"potentialAction\":[{\"@type\":\"ReadAction\",\"target\":[\"https:\/\/anthonyskicks.dev.lemon-solutions.net\/it\/termini-e-condizioni\/\"]}]},{\"@type\":\"BreadcrumbList\",\"@id\":\"https:\/\/anthonyskicks.dev.lemon-solutions.net\/it\/termini-e-condizioni\/#breadcrumb\",\"itemListElement\":[{\"@type\":\"ListItem\",\"position\":1,\"name\":\"Home\",\"item\":\"https:\/\/www.anthonyskicks.com\/it\/home-2\/\"},{\"@type\":\"ListItem\",\"position\":2,\"name\":\"Termini e condizioni\"}]},{\"@type\":\"WebSite\",\"@id\":\"https:\/\/www.anthonyskicks.com\/#website\",\"url\":\"https:\/\/www.anthonyskicks.com\/\",\"name\":\"Anthony&#039;s Kicks\",\"description\":\"Wij bieden de nieuwste sneakers aan\",\"publisher\":{\"@id\":\"https:\/\/www.anthonyskicks.com\/#organization\"},\"potentialAction\":[{\"@type\":\"SearchAction\",\"target\":{\"@type\":\"EntryPoint\",\"urlTemplate\":\"https:\/\/www.anthonyskicks.com\/?s={search_term_string}\"},\"query-input\":\"required name=search_term_string\"}],\"inLanguage\":\"it-IT\"},{\"@type\":\"Organization\",\"@id\":\"https:\/\/www.anthonyskicks.com\/#organization\",\"name\":\"Anthony&#039;s Kicks\",\"url\":\"https:\/\/www.anthonyskicks.com\/\",\"logo\":{\"@type\":\"ImageObject\",\"inLanguage\":\"it-IT\",\"@id\":\"https:\/\/www.anthonyskicks.com\/#\/schema\/logo\/image\/\",\"url\":\"https:\/\/anthonyskicks.dev.lemon-solutions.net\/wp-content\/uploads\/2020\/07\/cropped-logo_AK_wit_2.jpg\",\"contentUrl\":\"https:\/\/anthonyskicks.dev.lemon-solutions.net\/wp-content\/uploads\/2020\/07\/cropped-logo_AK_wit_2.jpg\",\"width\":371,\"height\":355,\"caption\":\"Anthony&#039;s Kicks\"},\"image\":{\"@id\":\"https:\/\/www.anthonyskicks.com\/#\/schema\/logo\/image\/\"}}]}<\/script>\n<!-- \/ Yoast SEO plugin. -->","yoast_head_json":{"title":"Termini e condizioni - Anthony&#039;s Kicks","robots":{"index":"index","follow":"follow","max-snippet":"max-snippet:-1","max-image-preview":"max-image-preview:large","max-video-preview":"max-video-preview:-1"},"canonical":"https:\/\/anthonyskicks.dev.lemon-solutions.net\/it\/termini-e-condizioni\/","og_locale":"it_IT","og_type":"article","og_title":"Termini e condizioni - Anthony&#039;s Kicks","og_description":"Termini e condizioni Con l&#8217;invio dell&#8217;ordine e l&#8217;approvazione dei presenti termini e condizioni, si stipula un contratto vincolante. PagamentoAttualmente, Anthony&#8217;s Kicks supporta i seguenti metodi di pagamento: &#8211; Rembours (contanti) &#8211; iDeal &#8211; Bonifico bancario &#8211; Carta di credito Ordini Anthony&#8217;s Kicks si riserva il diritto di NON consegnare un ordine qualora il livello delle &hellip; Termini e condizioni Leggi altro &raquo;","og_url":"https:\/\/anthonyskicks.dev.lemon-solutions.net\/it\/termini-e-condizioni\/","og_site_name":"Anthony&#039;s Kicks","twitter_card":"summary_large_image","twitter_misc":{"Tempo di lettura stimato":"4 minuti"},"schema":{"@context":"https:\/\/schema.org","@graph":[{"@type":"WebPage","@id":"https:\/\/anthonyskicks.dev.lemon-solutions.net\/it\/termini-e-condizioni\/","url":"https:\/\/anthonyskicks.dev.lemon-solutions.net\/it\/termini-e-condizioni\/","name":"Termini e condizioni - Anthony&#039;s Kicks","isPartOf":{"@id":"https:\/\/www.anthonyskicks.com\/#website"},"datePublished":"2022-11-01T10:13:01+00:00","dateModified":"2022-11-01T10:13:01+00:00","breadcrumb":{"@id":"https:\/\/anthonyskicks.dev.lemon-solutions.net\/it\/termini-e-condizioni\/#breadcrumb"},"inLanguage":"it-IT","potentialAction":[{"@type":"ReadAction","target":["https:\/\/anthonyskicks.dev.lemon-solutions.net\/it\/termini-e-condizioni\/"]}]},{"@type":"BreadcrumbList","@id":"https:\/\/anthonyskicks.dev.lemon-solutions.net\/it\/termini-e-condizioni\/#breadcrumb","itemListElement":[{"@type":"ListItem","position":1,"name":"Home","item":"https:\/\/www.anthonyskicks.com\/it\/home-2\/"},{"@type":"ListItem","position":2,"name":"Termini e condizioni"}]},{"@type":"WebSite","@id":"https:\/\/www.anthonyskicks.com\/#website","url":"https:\/\/www.anthonyskicks.com\/","name":"Anthony&#039;s Kicks","description":"Wij bieden de nieuwste sneakers aan","publisher":{"@id":"https:\/\/www.anthonyskicks.com\/#organization"},"potentialAction":[{"@type":"SearchAction","target":{"@type":"EntryPoint","urlTemplate":"https:\/\/www.anthonyskicks.com\/?s={search_term_string}"},"query-input":"required name=search_term_string"}],"inLanguage":"it-IT"},{"@type":"Organization","@id":"https:\/\/www.anthonyskicks.com\/#organization","name":"Anthony&#039;s Kicks","url":"https:\/\/www.anthonyskicks.com\/","logo":{"@type":"ImageObject","inLanguage":"it-IT","@id":"https:\/\/www.anthonyskicks.com\/#\/schema\/logo\/image\/","url":"https:\/\/anthonyskicks.dev.lemon-solutions.net\/wp-content\/uploads\/2020\/07\/cropped-logo_AK_wit_2.jpg","contentUrl":"https:\/\/anthonyskicks.dev.lemon-solutions.net\/wp-content\/uploads\/2020\/07\/cropped-logo_AK_wit_2.jpg","width":371,"height":355,"caption":"Anthony&#039;s Kicks"},"image":{"@id":"https:\/\/www.anthonyskicks.com\/#\/schema\/logo\/image\/"}}]}},"jetpack_sharing_enabled":true,"_links":{"self":[{"href":"https:\/\/anthonyskicks.dev.lemon-solutions.net\/it\/wp-json\/wp\/v2\/pages\/31276"}],"collection":[{"href":"https:\/\/anthonyskicks.dev.lemon-solutions.net\/it\/wp-json\/wp\/v2\/pages"}],"about":[{"href":"https:\/\/anthonyskicks.dev.lemon-solutions.net\/it\/wp-json\/wp\/v2\/types\/page"}],"author":[{"embeddable":true,"href":"https:\/\/anthonyskicks.dev.lemon-solutions.net\/it\/wp-json\/wp\/v2\/users\/1"}],"replies":[{"embeddable":true,"href":"https:\/\/anthonyskicks.dev.lemon-solutions.net\/it\/wp-json\/wp\/v2\/comments?post=31276"}],"version-history":[{"count":0,"href":"https:\/\/anthonyskicks.dev.lemon-solutions.net\/it\/wp-json\/wp\/v2\/pages\/31276\/revisions"}],"wp:attachment":[{"href":"https:\/\/anthonyskicks.dev.lemon-solutions.net\/it\/wp-json\/wp\/v2\/media?parent=31276"}],"curies":[{"name":"wp","href":"https:\/\/api.w.org\/{rel}","templated":true}]}}