{"id":32989,"date":"2022-11-25T11:08:30","date_gmt":"2022-11-25T10:08:30","guid":{"rendered":"https:\/\/anthonyskicks.dev.lemon-solutions.net\/faq\/"},"modified":"2022-11-25T11:08:31","modified_gmt":"2022-11-25T10:08:31","slug":"faq","status":"publish","type":"page","link":"https:\/\/anthonyskicks.dev.lemon-solutions.net\/it\/faq\/","title":{"rendered":"FAQ"},"content":{"rendered":"\t\t<div data-elementor-type=\"wp-page\" data-elementor-id=\"32989\" class=\"elementor elementor-32989 elementor-943\" data-elementor-post-type=\"page\">\n\t\t\t\t\t\t\t\t\t<section class=\"elementor-section elementor-top-section elementor-element elementor-element-a18e3a9 elementor-section-boxed elementor-section-height-default elementor-section-height-default\" data-id=\"a18e3a9\" data-element_type=\"section\">\n\t\t\t\t\t\t<div class=\"elementor-container elementor-column-gap-default\">\n\t\t\t\t\t<div class=\"elementor-column elementor-col-100 elementor-top-column elementor-element elementor-element-44660c8\" data-id=\"44660c8\" data-element_type=\"column\">\n\t\t\t<div class=\"elementor-widget-wrap elementor-element-populated\">\n\t\t\t\t\t\t\t\t<div class=\"elementor-element elementor-element-5bd2127 elementor-widget elementor-widget-heading\" data-id=\"5bd2127\" data-element_type=\"widget\" data-widget_type=\"heading.default\">\n\t\t\t\t<div class=\"elementor-widget-container\">\n\t\t\t<h2 class=\"elementor-heading-title elementor-size-default\">FAQ - Domande frequenti<\/h2>\t\t<\/div>\n\t\t\t\t<\/div>\n\t\t\t\t\t<\/div>\n\t\t<\/div>\n\t\t\t\t\t\t\t<\/div>\n\t\t<\/section>\n\t\t\t\t<section class=\"elementor-section elementor-top-section elementor-element elementor-element-77aa51f elementor-section-boxed elementor-section-height-default elementor-section-height-default\" data-id=\"77aa51f\" data-element_type=\"section\">\n\t\t\t\t\t\t<div class=\"elementor-container elementor-column-gap-default\">\n\t\t\t\t\t<div class=\"elementor-column elementor-col-100 elementor-top-column elementor-element elementor-element-71c5ad8\" data-id=\"71c5ad8\" data-element_type=\"column\">\n\t\t\t<div class=\"elementor-widget-wrap elementor-element-populated\">\n\t\t\t\t\t\t\t\t<div class=\"elementor-element elementor-element-fc29dc9 elementor-widget elementor-widget-text-editor\" data-id=\"fc29dc9\" data-element_type=\"widget\" data-widget_type=\"text-editor.default\">\n\t\t\t\t<div class=\"elementor-widget-container\">\n\t\t\t\t\t\t\t<p><b>Le nostre scarpe da ginnastica sono autentiche al 100%?<br><\/b> <span style=\"font-weight: 400;\">S\u00ec, tutte le nostre scarpe da ginnastica sono sottoposte a un controllo preliminare di autenticit\u00e0 prima di essere spedite&nbsp;<\/span><span style=\"font-weight: 400;\">quindi sono sempre autentiche al 100% e non indossate.<\/span><\/p>\n<p><b>Come mai le scarpe sono pi\u00f9 costose che nei negozi?<br><\/b><span style=\"font-weight: 400;\">Questo perch\u00e9 le scarpe che vendiamo sono molto limitate, quindi spesso si esauriscono subito. Ci assicuriamo che le vostre scarpe da ginnastica siano facili da ordinare dal nostro sito web.&nbsp;<\/span><\/p>\n<p><b>Accettate resi?&nbsp;<br><\/b><span style=\"font-weight: 400;\">S\u00ec, accettiamo resi. In questo modo \u00e8 possibile osservare le scarpe dal vivo prima di decidere se tenerle o meno. Per la nostra politica di restituzione, si prega di visitare la pagina &#8220;Politica di restituzione&#8221;, che contiene le condizioni e i passaggi per la restituzione.&nbsp;<\/span><\/p>\n<p><b>Siete affidabili?&nbsp;<br><\/b><span style=\"font-weight: 400;\">\u00c8 naturale avere delle domande quando si effettua un ordine online. Le scarpe sono autentiche? Non mi stanno derubando? Vendevamo molto su facebook, instagram, marketplace e gruppi whatsapp. Nel farlo, abbiamo anche raccolto un buon numero di recensioni su <span style=\"text-decoration: underline;\"><a href=\"https:\/\/www.trustpilot.com\/review\/anthonyskicks.com\">Trustpilot.<\/a><\/span> Quindi molte persone ti hanno preceduto. Inoltre, siamo registrati presso la Camera di Commercio, il che \u00e8 necessario per avviare un&#8217;attivit\u00e0 commerciale legittima nei Paesi Bassi.<\/span><\/p>\n<p><b>Posso ordinare solo online da voi?<br><\/b><span style=\"font-weight: 400;\">S\u00ec, da noi \u00e8 possibile ordinare solo online, tuttavia possiamo consegnare le scarpe di persona nella regione di Purmerend, per questo vi contatteremo noi stessi quando viene effettuato un ordine che rientra in questo ambito.&nbsp;<\/span><\/p>\n<p><b>Effettuate spedizioni in tutto il mondo?<br><\/b><span style=\"font-weight: 400;\">Attualmente spediamo nei Paesi Bassi, in Belgio, Germania, Francia, Austria e Italia. Se non sei in questa regione, inviaci un messaggio su instagram.<\/span><\/p>\n<p><b>Quali sono i tempi di consegna dei vostri prodotti?<br><\/b><span style=\"font-weight: 400;\">Le scarpe in stock vengono spedite entro 48 ore, quelle non in stock spesso richiedono 2-10 giorni lavorativi.&nbsp;<\/span><\/p>\n<p><b>Quale compagnia di navigazione utilizzate?<\/b><b><br><\/b><span style=\"font-weight: 400;\">lavoriamo con la societ\u00e0 postale postnl, per gli ordini all&#8217;estero utilizziamo la societ\u00e0 postale DPD o Ups<\/span><\/p>\t\t\t\t\t\t<\/div>\n\t\t\t\t<\/div>\n\t\t\t\t\t<\/div>\n\t\t<\/div>\n\t\t\t\t\t\t\t<\/div>\n\t\t<\/section>\n\t\t\t\t\t\t\t<\/div>\n\t\t","protected":false},"excerpt":{"rendered":"<p>FAQ &#8211; Domande frequenti Le nostre scarpe da ginnastica sono autentiche al 100%? S\u00ec, tutte le nostre scarpe da ginnastica sono sottoposte a un controllo preliminare di autenticit\u00e0 prima di essere spedite&nbsp;quindi sono sempre autentiche al 100% e non indossate. Come mai le scarpe sono pi\u00f9 costose che nei negozi?Questo perch\u00e9 le scarpe che vendiamo &hellip;<\/p>\n<p class=\"read-more\"> <a class=\"\" href=\"https:\/\/anthonyskicks.dev.lemon-solutions.net\/it\/faq\/\"> <span class=\"screen-reader-text\">FAQ<\/span> Leggi altro &raquo;<\/a><\/p>\n","protected":false},"author":1,"featured_media":0,"parent":0,"menu_order":0,"comment_status":"closed","ping_status":"closed","template":"","meta":{"site-sidebar-layout":"no-sidebar","site-content-layout":"page-builder","ast-global-header-display":"","ast-banner-title-visibility":"","ast-main-header-display":"","ast-hfb-above-header-display":"","ast-hfb-below-header-display":"","ast-hfb-mobile-header-display":"","site-post-title":"disabled","ast-breadcrumbs-content":"","ast-featured-img":"disabled","footer-sml-layout":"","theme-transparent-header-meta":"default","adv-header-id-meta":"","stick-header-meta":"","header-above-stick-meta":"","header-main-stick-meta":"","header-below-stick-meta":"","footnotes":""},"yoast_head":"<!-- This site is optimized with the Yoast SEO plugin v21.7 - https:\/\/yoast.com\/wordpress\/plugins\/seo\/ -->\n<title>FAQ - Anthony&#039;s Kicks<\/title>\n<meta name=\"robots\" content=\"index, follow, max-snippet:-1, max-image-preview:large, max-video-preview:-1\" \/>\n<link rel=\"canonical\" href=\"https:\/\/anthonyskicks.dev.lemon-solutions.net\/it\/faq\/\" \/>\n<meta property=\"og:locale\" content=\"it_IT\" \/>\n<meta property=\"og:type\" content=\"article\" \/>\n<meta property=\"og:title\" content=\"FAQ - Anthony&#039;s Kicks\" \/>\n<meta property=\"og:description\" content=\"FAQ &#8211; Domande frequenti Le nostre scarpe da ginnastica sono autentiche al 100%? S\u00ec, tutte le nostre scarpe da ginnastica sono sottoposte a un controllo preliminare di autenticit\u00e0 prima di essere spedite&nbsp;quindi sono sempre autentiche al 100% e non indossate. Come mai le scarpe sono pi\u00f9 costose che nei negozi?Questo perch\u00e9 le scarpe che vendiamo &hellip; FAQ Leggi altro &raquo;\" \/>\n<meta property=\"og:url\" content=\"https:\/\/anthonyskicks.dev.lemon-solutions.net\/it\/faq\/\" \/>\n<meta property=\"og:site_name\" content=\"Anthony&#039;s Kicks\" \/>\n<meta property=\"article:modified_time\" content=\"2022-11-25T10:08:31+00:00\" \/>\n<meta name=\"twitter:card\" content=\"summary_large_image\" \/>\n<meta name=\"twitter:label1\" content=\"Tempo di lettura stimato\" \/>\n\t<meta name=\"twitter:data1\" content=\"2 minuti\" \/>\n<script type=\"application\/ld+json\" class=\"yoast-schema-graph\">{\"@context\":\"https:\/\/schema.org\",\"@graph\":[{\"@type\":\"WebPage\",\"@id\":\"https:\/\/anthonyskicks.dev.lemon-solutions.net\/it\/faq\/\",\"url\":\"https:\/\/anthonyskicks.dev.lemon-solutions.net\/it\/faq\/\",\"name\":\"FAQ - Anthony&#039;s Kicks\",\"isPartOf\":{\"@id\":\"https:\/\/www.anthonyskicks.com\/#website\"},\"datePublished\":\"2022-11-25T10:08:30+00:00\",\"dateModified\":\"2022-11-25T10:08:31+00:00\",\"breadcrumb\":{\"@id\":\"https:\/\/anthonyskicks.dev.lemon-solutions.net\/it\/faq\/#breadcrumb\"},\"inLanguage\":\"it-IT\",\"potentialAction\":[{\"@type\":\"ReadAction\",\"target\":[\"https:\/\/anthonyskicks.dev.lemon-solutions.net\/it\/faq\/\"]}]},{\"@type\":\"BreadcrumbList\",\"@id\":\"https:\/\/anthonyskicks.dev.lemon-solutions.net\/it\/faq\/#breadcrumb\",\"itemListElement\":[{\"@type\":\"ListItem\",\"position\":1,\"name\":\"Home\",\"item\":\"https:\/\/www.anthonyskicks.com\/it\/home-2\/\"},{\"@type\":\"ListItem\",\"position\":2,\"name\":\"FAQ\"}]},{\"@type\":\"WebSite\",\"@id\":\"https:\/\/www.anthonyskicks.com\/#website\",\"url\":\"https:\/\/www.anthonyskicks.com\/\",\"name\":\"Anthony&#039;s Kicks\",\"description\":\"Wij bieden de nieuwste sneakers aan\",\"publisher\":{\"@id\":\"https:\/\/www.anthonyskicks.com\/#organization\"},\"potentialAction\":[{\"@type\":\"SearchAction\",\"target\":{\"@type\":\"EntryPoint\",\"urlTemplate\":\"https:\/\/www.anthonyskicks.com\/?s={search_term_string}\"},\"query-input\":\"required name=search_term_string\"}],\"inLanguage\":\"it-IT\"},{\"@type\":\"Organization\",\"@id\":\"https:\/\/www.anthonyskicks.com\/#organization\",\"name\":\"Anthony&#039;s Kicks\",\"url\":\"https:\/\/www.anthonyskicks.com\/\",\"logo\":{\"@type\":\"ImageObject\",\"inLanguage\":\"it-IT\",\"@id\":\"https:\/\/www.anthonyskicks.com\/#\/schema\/logo\/image\/\",\"url\":\"https:\/\/anthonyskicks.dev.lemon-solutions.net\/wp-content\/uploads\/2020\/07\/cropped-logo_AK_wit_2.jpg\",\"contentUrl\":\"https:\/\/anthonyskicks.dev.lemon-solutions.net\/wp-content\/uploads\/2020\/07\/cropped-logo_AK_wit_2.jpg\",\"width\":371,\"height\":355,\"caption\":\"Anthony&#039;s Kicks\"},\"image\":{\"@id\":\"https:\/\/www.anthonyskicks.com\/#\/schema\/logo\/image\/\"}}]}<\/script>\n<!-- \/ Yoast SEO plugin. -->","yoast_head_json":{"title":"FAQ - Anthony&#039;s Kicks","robots":{"index":"index","follow":"follow","max-snippet":"max-snippet:-1","max-image-preview":"max-image-preview:large","max-video-preview":"max-video-preview:-1"},"canonical":"https:\/\/anthonyskicks.dev.lemon-solutions.net\/it\/faq\/","og_locale":"it_IT","og_type":"article","og_title":"FAQ - Anthony&#039;s Kicks","og_description":"FAQ &#8211; Domande frequenti Le nostre scarpe da ginnastica sono autentiche al 100%? S\u00ec, tutte le nostre scarpe da ginnastica sono sottoposte a un controllo preliminare di autenticit\u00e0 prima di essere spedite&nbsp;quindi sono sempre autentiche al 100% e non indossate. Come mai le scarpe sono pi\u00f9 costose che nei negozi?Questo perch\u00e9 le scarpe che vendiamo &hellip; FAQ Leggi altro &raquo;","og_url":"https:\/\/anthonyskicks.dev.lemon-solutions.net\/it\/faq\/","og_site_name":"Anthony&#039;s Kicks","article_modified_time":"2022-11-25T10:08:31+00:00","twitter_card":"summary_large_image","twitter_misc":{"Tempo di lettura stimato":"2 minuti"},"schema":{"@context":"https:\/\/schema.org","@graph":[{"@type":"WebPage","@id":"https:\/\/anthonyskicks.dev.lemon-solutions.net\/it\/faq\/","url":"https:\/\/anthonyskicks.dev.lemon-solutions.net\/it\/faq\/","name":"FAQ - Anthony&#039;s Kicks","isPartOf":{"@id":"https:\/\/www.anthonyskicks.com\/#website"},"datePublished":"2022-11-25T10:08:30+00:00","dateModified":"2022-11-25T10:08:31+00:00","breadcrumb":{"@id":"https:\/\/anthonyskicks.dev.lemon-solutions.net\/it\/faq\/#breadcrumb"},"inLanguage":"it-IT","potentialAction":[{"@type":"ReadAction","target":["https:\/\/anthonyskicks.dev.lemon-solutions.net\/it\/faq\/"]}]},{"@type":"BreadcrumbList","@id":"https:\/\/anthonyskicks.dev.lemon-solutions.net\/it\/faq\/#breadcrumb","itemListElement":[{"@type":"ListItem","position":1,"name":"Home","item":"https:\/\/www.anthonyskicks.com\/it\/home-2\/"},{"@type":"ListItem","position":2,"name":"FAQ"}]},{"@type":"WebSite","@id":"https:\/\/www.anthonyskicks.com\/#website","url":"https:\/\/www.anthonyskicks.com\/","name":"Anthony&#039;s Kicks","description":"Wij bieden de nieuwste sneakers aan","publisher":{"@id":"https:\/\/www.anthonyskicks.com\/#organization"},"potentialAction":[{"@type":"SearchAction","target":{"@type":"EntryPoint","urlTemplate":"https:\/\/www.anthonyskicks.com\/?s={search_term_string}"},"query-input":"required name=search_term_string"}],"inLanguage":"it-IT"},{"@type":"Organization","@id":"https:\/\/www.anthonyskicks.com\/#organization","name":"Anthony&#039;s Kicks","url":"https:\/\/www.anthonyskicks.com\/","logo":{"@type":"ImageObject","inLanguage":"it-IT","@id":"https:\/\/www.anthonyskicks.com\/#\/schema\/logo\/image\/","url":"https:\/\/anthonyskicks.dev.lemon-solutions.net\/wp-content\/uploads\/2020\/07\/cropped-logo_AK_wit_2.jpg","contentUrl":"https:\/\/anthonyskicks.dev.lemon-solutions.net\/wp-content\/uploads\/2020\/07\/cropped-logo_AK_wit_2.jpg","width":371,"height":355,"caption":"Anthony&#039;s Kicks"},"image":{"@id":"https:\/\/www.anthonyskicks.com\/#\/schema\/logo\/image\/"}}]}},"jetpack_sharing_enabled":true,"_links":{"self":[{"href":"https:\/\/anthonyskicks.dev.lemon-solutions.net\/it\/wp-json\/wp\/v2\/pages\/32989"}],"collection":[{"href":"https:\/\/anthonyskicks.dev.lemon-solutions.net\/it\/wp-json\/wp\/v2\/pages"}],"about":[{"href":"https:\/\/anthonyskicks.dev.lemon-solutions.net\/it\/wp-json\/wp\/v2\/types\/page"}],"author":[{"embeddable":true,"href":"https:\/\/anthonyskicks.dev.lemon-solutions.net\/it\/wp-json\/wp\/v2\/users\/1"}],"replies":[{"embeddable":true,"href":"https:\/\/anthonyskicks.dev.lemon-solutions.net\/it\/wp-json\/wp\/v2\/comments?post=32989"}],"version-history":[{"count":0,"href":"https:\/\/anthonyskicks.dev.lemon-solutions.net\/it\/wp-json\/wp\/v2\/pages\/32989\/revisions"}],"wp:attachment":[{"href":"https:\/\/anthonyskicks.dev.lemon-solutions.net\/it\/wp-json\/wp\/v2\/media?parent=32989"}],"curies":[{"name":"wp","href":"https:\/\/api.w.org\/{rel}","templated":true}]}}